{"id":35825,"date":"2025-05-21T11:28:03","date_gmt":"2025-05-21T09:28:03","guid":{"rendered":"https:\/\/gastronova.eu\/produkt\/posuvne-reflektory\/"},"modified":"2025-05-21T11:28:03","modified_gmt":"2025-05-21T09:28:03","slug":"posuvne-reflektory","status":"publish","type":"product","link":"https:\/\/gastronova.eu\/cs\/produkt\/posuvne-reflektory\/","title":{"rendered":"Posuvn\u00e9 reflektory"},"content":{"rendered":"<p>D\u00e9lka: 200 cm<\/p>\n<p>Po\u010det sv\u00edtidel: 6 ks<\/p>\n","protected":false},"excerpt":{"rendered":"<p>D\u00e9lka: 200 cm Po\u010det sv\u00edtidel: 6 ks<\/p>\n","protected":false},"featured_media":30381,"comment_status":"open","ping_status":"closed","template":"","meta":[],"product_brand":[],"product_cat":[257,557],"product_tag":[],"class_list":{"0":"post-35825","1":"product","2":"type-product","3":"status-publish","4":"has-post-thumbnail","6":"product_cat-prislusenstvi-pro-privesy","7":"product_cat-svitidla-a-osvetleni","9":"first","10":"instock","11":"sold-individually","12":"shipping-taxable","13":"purchasable","14":"product-type-simple"},"_links":{"self":[{"href":"https:\/\/gastronova.eu\/cs\/wp-json\/wp\/v2\/product\/35825","targetHints":{"allow":["GET"]}}],"collection":[{"href":"https:\/\/gastronova.eu\/cs\/wp-json\/wp\/v2\/product"}],"about":[{"href":"https:\/\/gastronova.eu\/cs\/wp-json\/wp\/v2\/types\/product"}],"replies":[{"embeddable":true,"href":"https:\/\/gastronova.eu\/cs\/wp-json\/wp\/v2\/comments?post=35825"}],"version-history":[{"count":0,"href":"https:\/\/gastronova.eu\/cs\/wp-json\/wp\/v2\/product\/35825\/revisions"}],"wp:featuredmedia":[{"embeddable":true,"href":"https:\/\/gastronova.eu\/cs\/wp-json\/wp\/v2\/media\/30381"}],"wp:attachment":[{"href":"https:\/\/gastronova.eu\/cs\/wp-json\/wp\/v2\/media?parent=35825"}],"wp:term":[{"taxonomy":"product_brand","embeddable":true,"href":"https:\/\/gastronova.eu\/cs\/wp-json\/wp\/v2\/product_brand?post=35825"},{"taxonomy":"product_cat","embeddable":true,"href":"https:\/\/gastronova.eu\/cs\/wp-json\/wp\/v2\/product_cat?post=35825"},{"taxonomy":"product_tag","embeddable":true,"href":"https:\/\/gastronova.eu\/cs\/wp-json\/wp\/v2\/product_tag?post=35825"}],"curies":[{"name":"wp","href":"https:\/\/api.w.org\/{rel}","templated":true}]}}