{"id":35837,"date":"2025-05-21T11:45:54","date_gmt":"2025-05-21T09:45:54","guid":{"rendered":"https:\/\/gastronova.eu\/produkt\/digestor-s-extrakci\/"},"modified":"2025-05-21T11:45:54","modified_gmt":"2025-05-21T09:45:54","slug":"digestor-s-extrakci","status":"publish","type":"product","link":"https:\/\/gastronova.eu\/cs\/produkt\/digestor-s-extrakci\/","title":{"rendered":"Digesto\u0159 s extrakc\u00ed"},"content":{"rendered":"<p>Velikost: 80\/160\/240\/320 cm<\/p>\n<p>Materi\u00e1l: Materi\u00e1l: nerezov\u00e1 ocel<\/p>\n","protected":false},"excerpt":{"rendered":"<p>Velikost: 80\/160\/240\/320 cm Materi\u00e1l: Materi\u00e1l: nerezov\u00e1 ocel<\/p>\n","protected":false},"featured_media":28856,"comment_status":"open","ping_status":"closed","template":"","meta":[],"product_brand":[],"product_cat":[257,561],"product_tag":[],"class_list":{"0":"post-35837","1":"product","2":"type-product","3":"status-publish","4":"has-post-thumbnail","6":"product_cat-prislusenstvi-pro-privesy","7":"product_cat-digestory-cs","9":"first","10":"instock","11":"sold-individually","12":"shipping-taxable","13":"purchasable","14":"product-type-simple"},"_links":{"self":[{"href":"https:\/\/gastronova.eu\/cs\/wp-json\/wp\/v2\/product\/35837","targetHints":{"allow":["GET"]}}],"collection":[{"href":"https:\/\/gastronova.eu\/cs\/wp-json\/wp\/v2\/product"}],"about":[{"href":"https:\/\/gastronova.eu\/cs\/wp-json\/wp\/v2\/types\/product"}],"replies":[{"embeddable":true,"href":"https:\/\/gastronova.eu\/cs\/wp-json\/wp\/v2\/comments?post=35837"}],"version-history":[{"count":0,"href":"https:\/\/gastronova.eu\/cs\/wp-json\/wp\/v2\/product\/35837\/revisions"}],"wp:featuredmedia":[{"embeddable":true,"href":"https:\/\/gastronova.eu\/cs\/wp-json\/wp\/v2\/media\/28856"}],"wp:attachment":[{"href":"https:\/\/gastronova.eu\/cs\/wp-json\/wp\/v2\/media?parent=35837"}],"wp:term":[{"taxonomy":"product_brand","embeddable":true,"href":"https:\/\/gastronova.eu\/cs\/wp-json\/wp\/v2\/product_brand?post=35837"},{"taxonomy":"product_cat","embeddable":true,"href":"https:\/\/gastronova.eu\/cs\/wp-json\/wp\/v2\/product_cat?post=35837"},{"taxonomy":"product_tag","embeddable":true,"href":"https:\/\/gastronova.eu\/cs\/wp-json\/wp\/v2\/product_tag?post=35837"}],"curies":[{"name":"wp","href":"https:\/\/api.w.org\/{rel}","templated":true}]}}