{"id":35840,"date":"2025-05-21T11:37:17","date_gmt":"2025-05-21T09:37:17","guid":{"rendered":"https:\/\/gastronova.eu\/produkt\/stresni-napis-led\/"},"modified":"2025-05-21T11:37:17","modified_gmt":"2025-05-21T09:37:17","slug":"stresni-napis-led","status":"publish","type":"product","link":"https:\/\/gastronova.eu\/cs\/produkt\/stresni-napis-led\/","title":{"rendered":"St\u0159e\u0161n\u00ed n\u00e1pis LED"},"content":{"rendered":"<p>Mo\u017enost pevn\u00e9 nebo elektricky sklopn\u00e9 rukojeti. Cena je uvedena za p\u00edsmeno o velikosti 30 cm.<\/p>\n","protected":false},"excerpt":{"rendered":"<p>Mo\u017enost pevn\u00e9 nebo elektricky sklopn\u00e9 rukojeti. Cena je uvedena za p\u00edsmeno o velikosti 30 cm.<\/p>\n","protected":false},"featured_media":28544,"comment_status":"open","ping_status":"closed","template":"","meta":[],"product_brand":[],"product_cat":[257,258],"product_tag":[],"class_list":{"0":"post-35840","1":"product","2":"type-product","3":"status-publish","4":"has-post-thumbnail","6":"product_cat-prislusenstvi-pro-privesy","7":"product_cat-dodatecne-vybaveni","9":"first","10":"instock","11":"sold-individually","12":"shipping-taxable","13":"purchasable","14":"product-type-simple"},"_links":{"self":[{"href":"https:\/\/gastronova.eu\/cs\/wp-json\/wp\/v2\/product\/35840","targetHints":{"allow":["GET"]}}],"collection":[{"href":"https:\/\/gastronova.eu\/cs\/wp-json\/wp\/v2\/product"}],"about":[{"href":"https:\/\/gastronova.eu\/cs\/wp-json\/wp\/v2\/types\/product"}],"replies":[{"embeddable":true,"href":"https:\/\/gastronova.eu\/cs\/wp-json\/wp\/v2\/comments?post=35840"}],"version-history":[{"count":0,"href":"https:\/\/gastronova.eu\/cs\/wp-json\/wp\/v2\/product\/35840\/revisions"}],"wp:featuredmedia":[{"embeddable":true,"href":"https:\/\/gastronova.eu\/cs\/wp-json\/wp\/v2\/media\/28544"}],"wp:attachment":[{"href":"https:\/\/gastronova.eu\/cs\/wp-json\/wp\/v2\/media?parent=35840"}],"wp:term":[{"taxonomy":"product_brand","embeddable":true,"href":"https:\/\/gastronova.eu\/cs\/wp-json\/wp\/v2\/product_brand?post=35840"},{"taxonomy":"product_cat","embeddable":true,"href":"https:\/\/gastronova.eu\/cs\/wp-json\/wp\/v2\/product_cat?post=35840"},{"taxonomy":"product_tag","embeddable":true,"href":"https:\/\/gastronova.eu\/cs\/wp-json\/wp\/v2\/product_tag?post=35840"}],"curies":[{"name":"wp","href":"https:\/\/api.w.org\/{rel}","templated":true}]}}