{"id":35843,"date":"2025-05-21T11:52:00","date_gmt":"2025-05-21T09:52:00","guid":{"rendered":"https:\/\/gastronova.eu\/produkt\/nastenna-klimatizace\/"},"modified":"2025-05-21T11:52:00","modified_gmt":"2025-05-21T09:52:00","slug":"nastenna-klimatizace","status":"publish","type":"product","link":"https:\/\/gastronova.eu\/cs\/produkt\/nastenna-klimatizace\/","title":{"rendered":"N\u00e1st\u011bnn\u00e1 klimatizace"},"content":{"rendered":"<p>V\u00fdkon 1: 1P = 2,5 kW<\/p>\n<p>V\u00fdkon 2: 1,5P = 3,5 kW<\/p>\n","protected":false},"excerpt":{"rendered":"<p>V\u00fdkon 1: 1P = 2,5 kW V\u00fdkon 2: 1,5P = 3,5 kW<\/p>\n","protected":false},"featured_media":30383,"comment_status":"open","ping_status":"closed","template":"","meta":[],"product_brand":[],"product_cat":[257,563],"product_tag":[],"class_list":{"0":"post-35843","1":"product","2":"type-product","3":"status-publish","4":"has-post-thumbnail","6":"product_cat-prislusenstvi-pro-privesy","7":"product_cat-klimatizace","9":"first","10":"instock","11":"sold-individually","12":"shipping-taxable","13":"purchasable","14":"product-type-simple"},"_links":{"self":[{"href":"https:\/\/gastronova.eu\/cs\/wp-json\/wp\/v2\/product\/35843","targetHints":{"allow":["GET"]}}],"collection":[{"href":"https:\/\/gastronova.eu\/cs\/wp-json\/wp\/v2\/product"}],"about":[{"href":"https:\/\/gastronova.eu\/cs\/wp-json\/wp\/v2\/types\/product"}],"replies":[{"embeddable":true,"href":"https:\/\/gastronova.eu\/cs\/wp-json\/wp\/v2\/comments?post=35843"}],"version-history":[{"count":0,"href":"https:\/\/gastronova.eu\/cs\/wp-json\/wp\/v2\/product\/35843\/revisions"}],"wp:featuredmedia":[{"embeddable":true,"href":"https:\/\/gastronova.eu\/cs\/wp-json\/wp\/v2\/media\/30383"}],"wp:attachment":[{"href":"https:\/\/gastronova.eu\/cs\/wp-json\/wp\/v2\/media?parent=35843"}],"wp:term":[{"taxonomy":"product_brand","embeddable":true,"href":"https:\/\/gastronova.eu\/cs\/wp-json\/wp\/v2\/product_brand?post=35843"},{"taxonomy":"product_cat","embeddable":true,"href":"https:\/\/gastronova.eu\/cs\/wp-json\/wp\/v2\/product_cat?post=35843"},{"taxonomy":"product_tag","embeddable":true,"href":"https:\/\/gastronova.eu\/cs\/wp-json\/wp\/v2\/product_tag?post=35843"}],"curies":[{"name":"wp","href":"https:\/\/api.w.org\/{rel}","templated":true}]}}