{"id":35851,"date":"2025-05-21T11:58:10","date_gmt":"2025-05-21T09:58:10","guid":{"rendered":"https:\/\/gastronova.eu\/produkt\/stresni-klimatizace\/"},"modified":"2025-05-21T11:58:10","modified_gmt":"2025-05-21T09:58:10","slug":"stresni-klimatizace","status":"publish","type":"product","link":"https:\/\/gastronova.eu\/cs\/produkt\/stresni-klimatizace\/","title":{"rendered":"St\u0159e\u0161n\u00ed klimatizace"},"content":{"rendered":"<p>V\u00fdkon: 3 kW<\/p>\n<p>Nap\u00e1jen\u00ed: 110 &#8211; 220 V<\/p>\n","protected":false},"excerpt":{"rendered":"<p>V\u00fdkon: 3 kW Nap\u00e1jen\u00ed: 110 &#8211; 220 V<\/p>\n","protected":false},"featured_media":28865,"comment_status":"open","ping_status":"closed","template":"","meta":[],"product_brand":[],"product_cat":[257,563],"product_tag":[],"class_list":{"0":"post-35851","1":"product","2":"type-product","3":"status-publish","4":"has-post-thumbnail","6":"product_cat-prislusenstvi-pro-privesy","7":"product_cat-klimatizace","9":"first","10":"instock","11":"sold-individually","12":"shipping-taxable","13":"purchasable","14":"product-type-simple"},"_links":{"self":[{"href":"https:\/\/gastronova.eu\/cs\/wp-json\/wp\/v2\/product\/35851","targetHints":{"allow":["GET"]}}],"collection":[{"href":"https:\/\/gastronova.eu\/cs\/wp-json\/wp\/v2\/product"}],"about":[{"href":"https:\/\/gastronova.eu\/cs\/wp-json\/wp\/v2\/types\/product"}],"replies":[{"embeddable":true,"href":"https:\/\/gastronova.eu\/cs\/wp-json\/wp\/v2\/comments?post=35851"}],"version-history":[{"count":0,"href":"https:\/\/gastronova.eu\/cs\/wp-json\/wp\/v2\/product\/35851\/revisions"}],"wp:featuredmedia":[{"embeddable":true,"href":"https:\/\/gastronova.eu\/cs\/wp-json\/wp\/v2\/media\/28865"}],"wp:attachment":[{"href":"https:\/\/gastronova.eu\/cs\/wp-json\/wp\/v2\/media?parent=35851"}],"wp:term":[{"taxonomy":"product_brand","embeddable":true,"href":"https:\/\/gastronova.eu\/cs\/wp-json\/wp\/v2\/product_brand?post=35851"},{"taxonomy":"product_cat","embeddable":true,"href":"https:\/\/gastronova.eu\/cs\/wp-json\/wp\/v2\/product_cat?post=35851"},{"taxonomy":"product_tag","embeddable":true,"href":"https:\/\/gastronova.eu\/cs\/wp-json\/wp\/v2\/product_tag?post=35851"}],"curies":[{"name":"wp","href":"https:\/\/api.w.org\/{rel}","templated":true}]}}