{"id":35859,"date":"2025-05-21T12:03:16","date_gmt":"2025-05-21T10:03:16","guid":{"rendered":"https:\/\/gastronova.eu\/produkt\/stresni-ventilator\/"},"modified":"2025-05-21T12:03:16","modified_gmt":"2025-05-21T10:03:16","slug":"stresni-ventilator","status":"publish","type":"product","link":"https:\/\/gastronova.eu\/cs\/produkt\/stresni-ventilator\/","title":{"rendered":"St\u0159e\u0161n\u00ed ventil\u00e1tor"},"content":{"rendered":"<p>Velikost: 320 x 320 mm<\/p>\n","protected":false},"excerpt":{"rendered":"<p>Velikost: 320 x 320 mm<\/p>\n","protected":false},"featured_media":30384,"comment_status":"open","ping_status":"closed","template":"","meta":[],"product_brand":[],"product_cat":[257,563],"product_tag":[],"class_list":{"0":"post-35859","1":"product","2":"type-product","3":"status-publish","4":"has-post-thumbnail","6":"product_cat-prislusenstvi-pro-privesy","7":"product_cat-klimatizace","9":"first","10":"instock","11":"sold-individually","12":"shipping-taxable","13":"purchasable","14":"product-type-simple"},"_links":{"self":[{"href":"https:\/\/gastronova.eu\/cs\/wp-json\/wp\/v2\/product\/35859","targetHints":{"allow":["GET"]}}],"collection":[{"href":"https:\/\/gastronova.eu\/cs\/wp-json\/wp\/v2\/product"}],"about":[{"href":"https:\/\/gastronova.eu\/cs\/wp-json\/wp\/v2\/types\/product"}],"replies":[{"embeddable":true,"href":"https:\/\/gastronova.eu\/cs\/wp-json\/wp\/v2\/comments?post=35859"}],"version-history":[{"count":0,"href":"https:\/\/gastronova.eu\/cs\/wp-json\/wp\/v2\/product\/35859\/revisions"}],"wp:featuredmedia":[{"embeddable":true,"href":"https:\/\/gastronova.eu\/cs\/wp-json\/wp\/v2\/media\/30384"}],"wp:attachment":[{"href":"https:\/\/gastronova.eu\/cs\/wp-json\/wp\/v2\/media?parent=35859"}],"wp:term":[{"taxonomy":"product_brand","embeddable":true,"href":"https:\/\/gastronova.eu\/cs\/wp-json\/wp\/v2\/product_brand?post=35859"},{"taxonomy":"product_cat","embeddable":true,"href":"https:\/\/gastronova.eu\/cs\/wp-json\/wp\/v2\/product_cat?post=35859"},{"taxonomy":"product_tag","embeddable":true,"href":"https:\/\/gastronova.eu\/cs\/wp-json\/wp\/v2\/product_tag?post=35859"}],"curies":[{"name":"wp","href":"https:\/\/api.w.org\/{rel}","templated":true}]}}