{"id":35865,"date":"2025-05-21T12:18:43","date_gmt":"2025-05-21T10:18:43","guid":{"rendered":"https:\/\/gastronova.eu\/produkt\/box-na-2-plynove-lahve\/"},"modified":"2025-05-21T12:18:43","modified_gmt":"2025-05-21T10:18:43","slug":"box-na-2-plynove-lahve","status":"publish","type":"product","link":"https:\/\/gastronova.eu\/cs\/produkt\/box-na-2-plynove-lahve\/","title":{"rendered":"Box na 2 plynov\u00e9 lahve"},"content":{"rendered":"<p>Rozm\u011bry: 720\/900 x 460 x 700 mm<\/p>\n<p>Otev\u00edr\u00e1n\u00ed: dve\u0159e shora nebo zep\u0159edu<\/p>\n<p>Materi\u00e1l: Materi\u00e1l: nerezov\u00e1 ocel<\/p>\n","protected":false},"excerpt":{"rendered":"<p>Rozm\u011bry: 720\/900 x 460 x 700 mm Otev\u00edr\u00e1n\u00ed: dve\u0159e shora nebo zep\u0159edu Materi\u00e1l: Materi\u00e1l: nerezov\u00e1 ocel<\/p>\n","protected":false},"featured_media":28874,"comment_status":"open","ping_status":"closed","template":"","meta":[],"product_brand":[],"product_cat":[257,458],"product_tag":[],"class_list":{"0":"post-35865","1":"product","2":"type-product","3":"status-publish","4":"has-post-thumbnail","6":"product_cat-prislusenstvi-pro-privesy","7":"product_cat-krabice-z-nerezove-oceli","9":"first","10":"instock","11":"sold-individually","12":"shipping-taxable","13":"purchasable","14":"product-type-simple"},"_links":{"self":[{"href":"https:\/\/gastronova.eu\/cs\/wp-json\/wp\/v2\/product\/35865","targetHints":{"allow":["GET"]}}],"collection":[{"href":"https:\/\/gastronova.eu\/cs\/wp-json\/wp\/v2\/product"}],"about":[{"href":"https:\/\/gastronova.eu\/cs\/wp-json\/wp\/v2\/types\/product"}],"replies":[{"embeddable":true,"href":"https:\/\/gastronova.eu\/cs\/wp-json\/wp\/v2\/comments?post=35865"}],"version-history":[{"count":0,"href":"https:\/\/gastronova.eu\/cs\/wp-json\/wp\/v2\/product\/35865\/revisions"}],"wp:featuredmedia":[{"embeddable":true,"href":"https:\/\/gastronova.eu\/cs\/wp-json\/wp\/v2\/media\/28874"}],"wp:attachment":[{"href":"https:\/\/gastronova.eu\/cs\/wp-json\/wp\/v2\/media?parent=35865"}],"wp:term":[{"taxonomy":"product_brand","embeddable":true,"href":"https:\/\/gastronova.eu\/cs\/wp-json\/wp\/v2\/product_brand?post=35865"},{"taxonomy":"product_cat","embeddable":true,"href":"https:\/\/gastronova.eu\/cs\/wp-json\/wp\/v2\/product_cat?post=35865"},{"taxonomy":"product_tag","embeddable":true,"href":"https:\/\/gastronova.eu\/cs\/wp-json\/wp\/v2\/product_tag?post=35865"}],"curies":[{"name":"wp","href":"https:\/\/api.w.org\/{rel}","templated":true}]}}