{"id":35868,"date":"2025-05-21T14:37:03","date_gmt":"2025-05-21T12:37:03","guid":{"rendered":"https:\/\/gastronova.eu\/produkt\/barova-chladnicka-500\/"},"modified":"2025-05-21T14:37:03","modified_gmt":"2025-05-21T12:37:03","slug":"barova-chladnicka-500","status":"publish","type":"product","link":"https:\/\/gastronova.eu\/cs\/produkt\/barova-chladnicka-500\/","title":{"rendered":"Barov\u00e1 chladni\u010dka 500"},"content":{"rendered":"<p>Rozm\u011bry: 500 x 550 x 860 mm<\/p>\n<p>Rozsah: 0 a\u017e 10 \u00b0C<\/p>\n<p>Objem: 185 l<\/p>\n<p>V\u00fdkon: 0,185 kW<\/p>\n<p>Chlazen\u00ed: ventila\u010dn\u00ed.<\/p>\n","protected":false},"excerpt":{"rendered":"<p>Rozm\u011bry: 500 x 550 x 860 mm Rozsah: 0 a\u017e 10 \u00b0C Objem: 185 l V\u00fdkon: 0,185 kW Chlazen\u00ed: ventila\u010dn\u00ed.<\/p>\n","protected":false},"featured_media":28971,"comment_status":"open","ping_status":"closed","template":"","meta":[],"product_brand":[],"product_cat":[470],"product_tag":[],"class_list":{"0":"post-35868","1":"product","2":"type-product","3":"status-publish","4":"has-post-thumbnail","6":"product_cat-chladnicky-mraznicky-cs","8":"first","9":"instock","10":"sold-individually","11":"shipping-taxable","12":"purchasable","13":"product-type-simple"},"_links":{"self":[{"href":"https:\/\/gastronova.eu\/cs\/wp-json\/wp\/v2\/product\/35868","targetHints":{"allow":["GET"]}}],"collection":[{"href":"https:\/\/gastronova.eu\/cs\/wp-json\/wp\/v2\/product"}],"about":[{"href":"https:\/\/gastronova.eu\/cs\/wp-json\/wp\/v2\/types\/product"}],"replies":[{"embeddable":true,"href":"https:\/\/gastronova.eu\/cs\/wp-json\/wp\/v2\/comments?post=35868"}],"version-history":[{"count":0,"href":"https:\/\/gastronova.eu\/cs\/wp-json\/wp\/v2\/product\/35868\/revisions"}],"wp:featuredmedia":[{"embeddable":true,"href":"https:\/\/gastronova.eu\/cs\/wp-json\/wp\/v2\/media\/28971"}],"wp:attachment":[{"href":"https:\/\/gastronova.eu\/cs\/wp-json\/wp\/v2\/media?parent=35868"}],"wp:term":[{"taxonomy":"product_brand","embeddable":true,"href":"https:\/\/gastronova.eu\/cs\/wp-json\/wp\/v2\/product_brand?post=35868"},{"taxonomy":"product_cat","embeddable":true,"href":"https:\/\/gastronova.eu\/cs\/wp-json\/wp\/v2\/product_cat?post=35868"},{"taxonomy":"product_tag","embeddable":true,"href":"https:\/\/gastronova.eu\/cs\/wp-json\/wp\/v2\/product_tag?post=35868"}],"curies":[{"name":"wp","href":"https:\/\/api.w.org\/{rel}","templated":true}]}}