{"id":35873,"date":"2025-05-21T14:41:02","date_gmt":"2025-05-21T12:41:02","guid":{"rendered":"https:\/\/gastronova.eu\/produkt\/barova-chladnicka-1350\/"},"modified":"2025-05-21T14:41:02","modified_gmt":"2025-05-21T12:41:02","slug":"barova-chladnicka-1350","status":"publish","type":"product","link":"https:\/\/gastronova.eu\/cs\/produkt\/barova-chladnicka-1350\/","title":{"rendered":"Barov\u00e1 chladni\u010dka 1350"},"content":{"rendered":"<p>Rozm\u011bry: 1350 x 550 x 860 mm<\/p>\n<p>Rozsah: 0 a\u017e +10 \u00b0C<\/p>\n<p>Objem: 350 l<\/p>\n<p>V\u00fdkon: 0,230 kW<\/p>\n<p>Chlazen\u00ed: vzduchem v\u011btran\u00e9.<\/p>\n","protected":false},"excerpt":{"rendered":"<p>Rozm\u011bry: 1350 x 550 x 860 mm Rozsah: 0 a\u017e +10 \u00b0C Objem: 350 l V\u00fdkon: 0,230 kW Chlazen\u00ed: vzduchem<\/p>\n","protected":false},"featured_media":28977,"comment_status":"open","ping_status":"closed","template":"","meta":[],"product_brand":[],"product_cat":[470],"product_tag":[],"class_list":{"0":"post-35873","1":"product","2":"type-product","3":"status-publish","4":"has-post-thumbnail","6":"product_cat-chladnicky-mraznicky-cs","8":"first","9":"instock","10":"sold-individually","11":"shipping-taxable","12":"purchasable","13":"product-type-simple"},"_links":{"self":[{"href":"https:\/\/gastronova.eu\/cs\/wp-json\/wp\/v2\/product\/35873","targetHints":{"allow":["GET"]}}],"collection":[{"href":"https:\/\/gastronova.eu\/cs\/wp-json\/wp\/v2\/product"}],"about":[{"href":"https:\/\/gastronova.eu\/cs\/wp-json\/wp\/v2\/types\/product"}],"replies":[{"embeddable":true,"href":"https:\/\/gastronova.eu\/cs\/wp-json\/wp\/v2\/comments?post=35873"}],"version-history":[{"count":0,"href":"https:\/\/gastronova.eu\/cs\/wp-json\/wp\/v2\/product\/35873\/revisions"}],"wp:featuredmedia":[{"embeddable":true,"href":"https:\/\/gastronova.eu\/cs\/wp-json\/wp\/v2\/media\/28977"}],"wp:attachment":[{"href":"https:\/\/gastronova.eu\/cs\/wp-json\/wp\/v2\/media?parent=35873"}],"wp:term":[{"taxonomy":"product_brand","embeddable":true,"href":"https:\/\/gastronova.eu\/cs\/wp-json\/wp\/v2\/product_brand?post=35873"},{"taxonomy":"product_cat","embeddable":true,"href":"https:\/\/gastronova.eu\/cs\/wp-json\/wp\/v2\/product_cat?post=35873"},{"taxonomy":"product_tag","embeddable":true,"href":"https:\/\/gastronova.eu\/cs\/wp-json\/wp\/v2\/product_tag?post=35873"}],"curies":[{"name":"wp","href":"https:\/\/api.w.org\/{rel}","templated":true}]}}