{"id":35881,"date":"2025-05-22T08:59:11","date_gmt":"2025-05-22T06:59:11","guid":{"rendered":"https:\/\/gastronova.eu\/produkt\/tap-2-x-pipa\/"},"modified":"2025-05-22T08:59:11","modified_gmt":"2025-05-22T06:59:11","slug":"tap-2-x-pipa","status":"publish","type":"product","link":"https:\/\/gastronova.eu\/cs\/produkt\/tap-2-x-pipa\/","title":{"rendered":"Tap 2 x Pipa"},"content":{"rendered":"<p>Rozm\u011bry: 600 x 600 x 840 mm<\/p>\n<p>Prostor: pro 2x 20l sudy (sudy nejsou sou\u010d\u00e1st\u00ed dod\u00e1vky).<\/p>\n","protected":false},"excerpt":{"rendered":"<p>Rozm\u011bry: 600 x 600 x 840 mm Prostor: pro 2x 20l sudy (sudy nejsou sou\u010d\u00e1st\u00ed dod\u00e1vky).<\/p>\n","protected":false},"featured_media":29030,"comment_status":"open","ping_status":"closed","template":"","meta":[],"product_brand":[],"product_cat":[470],"product_tag":[],"class_list":{"0":"post-35881","1":"product","2":"type-product","3":"status-publish","4":"has-post-thumbnail","6":"product_cat-chladnicky-mraznicky-cs","8":"first","9":"instock","10":"sold-individually","11":"shipping-taxable","12":"purchasable","13":"product-type-simple"},"_links":{"self":[{"href":"https:\/\/gastronova.eu\/cs\/wp-json\/wp\/v2\/product\/35881","targetHints":{"allow":["GET"]}}],"collection":[{"href":"https:\/\/gastronova.eu\/cs\/wp-json\/wp\/v2\/product"}],"about":[{"href":"https:\/\/gastronova.eu\/cs\/wp-json\/wp\/v2\/types\/product"}],"replies":[{"embeddable":true,"href":"https:\/\/gastronova.eu\/cs\/wp-json\/wp\/v2\/comments?post=35881"}],"version-history":[{"count":0,"href":"https:\/\/gastronova.eu\/cs\/wp-json\/wp\/v2\/product\/35881\/revisions"}],"wp:featuredmedia":[{"embeddable":true,"href":"https:\/\/gastronova.eu\/cs\/wp-json\/wp\/v2\/media\/29030"}],"wp:attachment":[{"href":"https:\/\/gastronova.eu\/cs\/wp-json\/wp\/v2\/media?parent=35881"}],"wp:term":[{"taxonomy":"product_brand","embeddable":true,"href":"https:\/\/gastronova.eu\/cs\/wp-json\/wp\/v2\/product_brand?post=35881"},{"taxonomy":"product_cat","embeddable":true,"href":"https:\/\/gastronova.eu\/cs\/wp-json\/wp\/v2\/product_cat?post=35881"},{"taxonomy":"product_tag","embeddable":true,"href":"https:\/\/gastronova.eu\/cs\/wp-json\/wp\/v2\/product_tag?post=35881"}],"curies":[{"name":"wp","href":"https:\/\/api.w.org\/{rel}","templated":true}]}}