{"id":35905,"date":"2025-05-22T09:57:43","date_gmt":"2025-05-22T07:57:43","guid":{"rendered":"https:\/\/gastronova.eu\/produkt\/chladnicka-6-zasuvek-1200\/"},"modified":"2025-05-22T09:57:43","modified_gmt":"2025-05-22T07:57:43","slug":"chladnicka-6-zasuvek-1200","status":"publish","type":"product","link":"https:\/\/gastronova.eu\/cs\/produkt\/chladnicka-6-zasuvek-1200\/","title":{"rendered":"Chladni\u010dka 6 z\u00e1suvek 1200"},"content":{"rendered":"<p>Rozm\u011bry: 1200 x 600 x 800 mm<\/p>\n<p>V\u00fdkon: 0,3 kW<\/p>\n<p>Rozsah: 0 a\u017e 5 \u00b0C<\/p>\n<p>Objem: 212 l<\/p>\n<p>Udr\u017eov\u00e1n\u00ed konstantn\u00ed teploty.<\/p>\n","protected":false},"excerpt":{"rendered":"<p>Rozm\u011bry: 1200 x 600 x 800 mm V\u00fdkon: 0,3 kW Rozsah: 0 a\u017e 5 \u00b0C Objem: 212 l Udr\u017eov\u00e1n\u00ed konstantn\u00ed<\/p>\n","protected":false},"featured_media":29138,"comment_status":"open","ping_status":"closed","template":"","meta":[],"product_brand":[],"product_cat":[473],"product_tag":[],"class_list":{"0":"post-35905","1":"product","2":"type-product","3":"status-publish","4":"has-post-thumbnail","6":"product_cat-chladnicky-s-ventilaci","8":"first","9":"instock","10":"sold-individually","11":"shipping-taxable","12":"purchasable","13":"product-type-simple"},"_links":{"self":[{"href":"https:\/\/gastronova.eu\/cs\/wp-json\/wp\/v2\/product\/35905","targetHints":{"allow":["GET"]}}],"collection":[{"href":"https:\/\/gastronova.eu\/cs\/wp-json\/wp\/v2\/product"}],"about":[{"href":"https:\/\/gastronova.eu\/cs\/wp-json\/wp\/v2\/types\/product"}],"replies":[{"embeddable":true,"href":"https:\/\/gastronova.eu\/cs\/wp-json\/wp\/v2\/comments?post=35905"}],"version-history":[{"count":0,"href":"https:\/\/gastronova.eu\/cs\/wp-json\/wp\/v2\/product\/35905\/revisions"}],"wp:featuredmedia":[{"embeddable":true,"href":"https:\/\/gastronova.eu\/cs\/wp-json\/wp\/v2\/media\/29138"}],"wp:attachment":[{"href":"https:\/\/gastronova.eu\/cs\/wp-json\/wp\/v2\/media?parent=35905"}],"wp:term":[{"taxonomy":"product_brand","embeddable":true,"href":"https:\/\/gastronova.eu\/cs\/wp-json\/wp\/v2\/product_brand?post=35905"},{"taxonomy":"product_cat","embeddable":true,"href":"https:\/\/gastronova.eu\/cs\/wp-json\/wp\/v2\/product_cat?post=35905"},{"taxonomy":"product_tag","embeddable":true,"href":"https:\/\/gastronova.eu\/cs\/wp-json\/wp\/v2\/product_tag?post=35905"}],"curies":[{"name":"wp","href":"https:\/\/api.w.org\/{rel}","templated":true}]}}