{"id":37528,"date":"2025-11-12T13:53:23","date_gmt":"2025-11-12T12:53:23","guid":{"rendered":"https:\/\/gastronova.eu\/?post_type=product&#038;p=37528"},"modified":"2026-02-10T14:57:16","modified_gmt":"2026-02-10T13:57:16","slug":"airstream-compact-400-standard-kopia","status":"publish","type":"product","link":"https:\/\/gastronova.eu\/cs\/produkt\/airstream-compact-400-standard-kopia\/","title":{"rendered":"Box 550 &#8211; Roz\u0161\u00ed\u0159en\u00e1 v\u00fdbava"},"content":{"rendered":"\t\t<div data-elementor-type=\"wp-post\" data-elementor-id=\"37528\" class=\"elementor elementor-37528 elementor-37527\" data-elementor-post-type=\"product\">\n\t\t\t\t<div class=\"wd-negative-gap elementor-element elementor-element-9d9e915 e-flex e-con-boxed e-con e-parent\" data-id=\"9d9e915\" data-element_type=\"container\">\n\t\t\t\t\t<div class=\"e-con-inner\">\n\t\t\t\t<div class=\"elementor-element elementor-element-89da46a elementor-widget elementor-widget-heading\" data-id=\"89da46a\" data-element_type=\"widget\" data-widget_type=\"heading.default\">\n\t\t\t\t<div class=\"elementor-widget-container\">\n\t\t\t\t\t<h2 class=\"elementor-heading-title elementor-size-default\">Food Truck Box 550 k n\u00e1m doraz\u00ed za:<\/h2>\t\t\t\t<\/div>\n\t\t\t\t<\/div>\n\t\t\t\t<div class=\"elementor-element elementor-element-7620843 elementor-countdown--label-block elementor-widget elementor-widget-countdown\" data-id=\"7620843\" data-element_type=\"widget\" data-widget_type=\"countdown.default\">\n\t\t\t\t<div class=\"elementor-widget-container\">\n\t\t\t\t\t\t\t<div class=\"elementor-countdown-wrapper\" data-date=\"1764576000\">\n\t\t\t<div class=\"elementor-countdown-item\"><span class=\"elementor-countdown-digits elementor-countdown-days\"><\/span> <span class=\"elementor-countdown-label\">Dn\u016f<\/span><\/div><div class=\"elementor-countdown-item\"><span class=\"elementor-countdown-digits elementor-countdown-hours\"><\/span> <span class=\"elementor-countdown-label\">Hodin<\/span><\/div><div class=\"elementor-countdown-item\"><span class=\"elementor-countdown-digits elementor-countdown-minutes\"><\/span> <span class=\"elementor-countdown-label\">Minut<\/span><\/div><div class=\"elementor-countdown-item\"><span class=\"elementor-countdown-digits elementor-countdown-seconds\"><\/span> <span class=\"elementor-countdown-label\">Sekund<\/span><\/div>\t\t<\/div>\n\t\t\t\t\t\t<\/div>\n\t\t\t\t<\/div>\n\t\t\t\t<div class=\"elementor-element elementor-element-7df6115 elementor-widget elementor-widget-wd_compare_img\" data-id=\"7df6115\" data-element_type=\"widget\" data-widget_type=\"wd_compare_img.default\">\n\t\t\t\t<div class=\"elementor-widget-container\">\n\t\t\t\t\t\t\t<div class=\"wd-compare-img-wrapp text-center\">\n\t\t\t<div class=\"wd-compare-img\">\n\t\t\t\t\t\t\t\t<div class=\"wd-after-img\">\n\t\t\t\t\t<img fetchpriority=\"high\" decoding=\"async\" width=\"800\" height=\"600\" src=\"https:\/\/gastronova.eu\/wp-content\/uploads\/2025\/11\/2.png\" class=\"attachment-full size-full\" alt=\"\" srcset=\"https:\/\/gastronova.eu\/wp-content\/uploads\/2025\/11\/2.png 800w, https:\/\/gastronova.eu\/wp-content\/uploads\/2025\/11\/2-400x300.png 400w, https:\/\/gastronova.eu\/wp-content\/uploads\/2025\/11\/2-768x576.png 768w, https:\/\/gastronova.eu\/wp-content\/uploads\/2025\/11\/2-430x323.png 430w, https:\/\/gastronova.eu\/wp-content\/uploads\/2025\/11\/2-700x525.png 700w, https:\/\/gastronova.eu\/wp-content\/uploads\/2025\/11\/2-150x113.png 150w\" sizes=\"(max-width: 800px) 100vw, 800px\">\t\t\t\t<\/div>\n\t\t\t\t\t\t\t<div class=\"wd-before-img\">\n\t\t\t\t\t<img decoding=\"async\" width=\"800\" height=\"600\" src=\"https:\/\/gastronova.eu\/wp-content\/uploads\/2025\/11\/Box-550-adjusted-1.png\" class=\"attachment-full size-full\" alt=\"\" srcset=\"https:\/\/gastronova.eu\/wp-content\/uploads\/2025\/11\/Box-550-adjusted-1.png 800w, https:\/\/gastronova.eu\/wp-content\/uploads\/2025\/11\/Box-550-adjusted-1-400x300.png 400w, https:\/\/gastronova.eu\/wp-content\/uploads\/2025\/11\/Box-550-adjusted-1-768x576.png 768w, https:\/\/gastronova.eu\/wp-content\/uploads\/2025\/11\/Box-550-adjusted-1-430x323.png 430w, https:\/\/gastronova.eu\/wp-content\/uploads\/2025\/11\/Box-550-adjusted-1-700x525.png 700w, https:\/\/gastronova.eu\/wp-content\/uploads\/2025\/11\/Box-550-adjusted-1-150x113.png 150w\" sizes=\"(max-width: 800px) 100vw, 800px\">\t\t\t\t<\/div>\n\t\t\t\t\t\t\t<div class=\"wd-compare-img-handle\">\n\t\t\t\t\t<span><\/span>\n\t\t\t\t<\/div>\n\t\t\t<\/div>\n\t\t<\/div>\n\t\t\t\t\t\t<\/div>\n\t\t\t\t<\/div>\n\t\t\t\t\t<\/div>\n\t\t\t\t<\/div>\n\t\t\t\t<\/div>\n\t\t","protected":false},"excerpt":{"rendered":"<p>Box Medium je nejuniverz\u00e1ln\u011bj\u0161\u00ed model z na\u0161\u00ed \u0159ady Box. Nab\u00edz\u00ed v\u00edce prostoru pro person\u00e1l a vybaven\u00ed p\u0159i zachov\u00e1n\u00ed mobility a konkurenceschopn\u00e9 ceny. Jeho rovn\u00e9 st\u011bny a stejn\u00e1 v\u00fd\u0161ka po cel\u00e9 \u0161\u00ed\u0159ce umo\u017e\u0148uj\u00ed snadn\u00e9 pl\u00e1nov\u00e1n\u00ed interi\u00e9ru a instalaci gastronomick\u00e9 technologie bez kompromis\u016f.  <\/p>\n<p>Tento model doporu\u010dujeme pro <b>burgerov\u00e9 provozy, street food, hotdogy, sn\u00edda\u0148ov\u00e9 koncepty \u010di men\u0161\u00ed restaurace<\/b>, kter\u00e9 pot\u0159ebuj\u00ed stabiln\u00ed provoz a vy\u0161\u0161\u00ed kapacitu.<\/p>\n<p>Box Medium je zlat\u00fdm st\u0159edem pro v\u0161echny, kte\u0159\u00ed cht\u011bj\u00ed spolehliv\u00e9 \u0159e\u0161en\u00ed pro sv\u00e9 ka\u017edodenn\u00ed stravov\u00e1n\u00ed.<\/p>\n","protected":false},"featured_media":39020,"comment_status":"open","ping_status":"closed","template":"","meta":[],"product_brand":[],"product_cat":[653,604],"product_tag":[],"class_list":{"0":"post-37528","1":"product","2":"type-product","3":"status-publish","4":"has-post-thumbnail","6":"product_cat-prodane-skladove-kusy","7":"product_cat-skladem","9":"first","10":"instock","11":"sold-individually","12":"shipping-taxable","13":"purchasable","14":"product-type-simple"},"_links":{"self":[{"href":"https:\/\/gastronova.eu\/cs\/wp-json\/wp\/v2\/product\/37528","targetHints":{"allow":["GET"]}}],"collection":[{"href":"https:\/\/gastronova.eu\/cs\/wp-json\/wp\/v2\/product"}],"about":[{"href":"https:\/\/gastronova.eu\/cs\/wp-json\/wp\/v2\/types\/product"}],"replies":[{"embeddable":true,"href":"https:\/\/gastronova.eu\/cs\/wp-json\/wp\/v2\/comments?post=37528"}],"version-history":[{"count":3,"href":"https:\/\/gastronova.eu\/cs\/wp-json\/wp\/v2\/product\/37528\/revisions"}],"predecessor-version":[{"id":40461,"href":"https:\/\/gastronova.eu\/cs\/wp-json\/wp\/v2\/product\/37528\/revisions\/40461"}],"wp:featuredmedia":[{"embeddable":true,"href":"https:\/\/gastronova.eu\/cs\/wp-json\/wp\/v2\/media\/39020"}],"wp:attachment":[{"href":"https:\/\/gastronova.eu\/cs\/wp-json\/wp\/v2\/media?parent=37528"}],"wp:term":[{"taxonomy":"product_brand","embeddable":true,"href":"https:\/\/gastronova.eu\/cs\/wp-json\/wp\/v2\/product_brand?post=37528"},{"taxonomy":"product_cat","embeddable":true,"href":"https:\/\/gastronova.eu\/cs\/wp-json\/wp\/v2\/product_cat?post=37528"},{"taxonomy":"product_tag","embeddable":true,"href":"https:\/\/gastronova.eu\/cs\/wp-json\/wp\/v2\/product_tag?post=37528"}],"curies":[{"name":"wp","href":"https:\/\/api.w.org\/{rel}","templated":true}]}}