{"id":40039,"date":"2026-02-02T20:04:03","date_gmt":"2026-02-02T19:04:03","guid":{"rendered":"https:\/\/gastronova.eu\/?post_type=product&#038;p=40039"},"modified":"2026-02-10T14:55:36","modified_gmt":"2026-02-10T13:55:36","slug":"box-550-rozsirena-vybava-kopia-kopia-kopia-kopia","status":"publish","type":"product","link":"https:\/\/gastronova.eu\/cs\/produkt\/box-550-rozsirena-vybava-kopia-kopia-kopia-kopia\/","title":{"rendered":"Rounder 2 &#8211; 280"},"content":{"rendered":"\t\t<div data-elementor-type=\"wp-post\" data-elementor-id=\"40039\" class=\"elementor elementor-40039 elementor-40038\" data-elementor-post-type=\"product\">\n\t\t\t\t<div class=\"wd-negative-gap elementor-element elementor-element-ed0adcc e-flex e-con-boxed e-con e-parent\" data-id=\"ed0adcc\" data-element_type=\"container\">\n\t\t\t\t\t<div class=\"e-con-inner\">\n\t\t\t\t<div class=\"elementor-element elementor-element-687f231 elementor-widget elementor-widget-wd_text_block\" data-id=\"687f231\" data-element_type=\"widget\" data-widget_type=\"wd_text_block.default\">\n\t\t\t\t<div class=\"elementor-widget-container\">\n\t\t\t\t\t\t\t<div class=\"wd-text-block reset-last-child text-center\">\n\t\t\t\n\t\t\t<h1><strong>Food Truck k n\u00e1m doraz\u00ed za:<\/strong><\/h1>\n\t\t\t\t\t<\/div>\n\t\t\t\t\t\t<\/div>\n\t\t\t\t<\/div>\n\t\t\t\t<div class=\"elementor-element elementor-element-8308d62 elementor-countdown--label-block elementor-widget elementor-widget-countdown\" data-id=\"8308d62\" data-element_type=\"widget\" data-widget_type=\"countdown.default\">\n\t\t\t\t<div class=\"elementor-widget-container\">\n\t\t\t\t\t\t\t<div class=\"elementor-countdown-wrapper\" data-date=\"1773692160\">\n\t\t\t<div class=\"elementor-countdown-item\"><span class=\"elementor-countdown-digits elementor-countdown-days\"><\/span> <span class=\"elementor-countdown-label\">Days<\/span><\/div><div class=\"elementor-countdown-item\"><span class=\"elementor-countdown-digits elementor-countdown-hours\"><\/span> <span class=\"elementor-countdown-label\">Hours<\/span><\/div><div class=\"elementor-countdown-item\"><span class=\"elementor-countdown-digits elementor-countdown-minutes\"><\/span> <span class=\"elementor-countdown-label\">Minutes<\/span><\/div><div class=\"elementor-countdown-item\"><span class=\"elementor-countdown-digits elementor-countdown-seconds\"><\/span> <span class=\"elementor-countdown-label\">Seconds<\/span><\/div>\t\t<\/div>\n\t\t\t\t\t\t<\/div>\n\t\t\t\t<\/div>\n\t\t\t\t<div class=\"elementor-element elementor-element-62ee3d4 elementor-widget elementor-widget-wd_compare_img\" data-id=\"62ee3d4\" data-element_type=\"widget\" data-widget_type=\"wd_compare_img.default\">\n\t\t\t\t<div class=\"elementor-widget-container\">\n\t\t\t\t\t\t\t<div class=\"wd-compare-img-wrapp text-center\">\n\t\t\t<div class=\"wd-compare-img\">\n\t\t\t\t\t\t\t\t<div class=\"wd-after-img\">\n\t\t\t\t\t<img fetchpriority=\"high\" decoding=\"async\" width=\"800\" height=\"600\" src=\"https:\/\/gastronova.eu\/wp-content\/uploads\/2026\/02\/IMG_6613.jpg\" class=\"attachment-full size-full\" alt=\"\" srcset=\"https:\/\/gastronova.eu\/wp-content\/uploads\/2026\/02\/IMG_6613.jpg 800w, https:\/\/gastronova.eu\/wp-content\/uploads\/2026\/02\/IMG_6613-400x300.jpg 400w, https:\/\/gastronova.eu\/wp-content\/uploads\/2026\/02\/IMG_6613-768x576.jpg 768w, https:\/\/gastronova.eu\/wp-content\/uploads\/2026\/02\/IMG_6613-430x323.jpg 430w, https:\/\/gastronova.eu\/wp-content\/uploads\/2026\/02\/IMG_6613-700x525.jpg 700w, https:\/\/gastronova.eu\/wp-content\/uploads\/2026\/02\/IMG_6613-150x113.jpg 150w\" sizes=\"(max-width: 800px) 100vw, 800px\">\t\t\t\t<\/div>\n\t\t\t\t\t\t\t<div class=\"wd-before-img\">\n\t\t\t\t\t<img decoding=\"async\" width=\"800\" height=\"600\" src=\"https:\/\/gastronova.eu\/wp-content\/uploads\/2026\/02\/IMG_6620.jpg\" class=\"attachment-full size-full\" alt=\"\" srcset=\"https:\/\/gastronova.eu\/wp-content\/uploads\/2026\/02\/IMG_6620.jpg 800w, https:\/\/gastronova.eu\/wp-content\/uploads\/2026\/02\/IMG_6620-400x300.jpg 400w, https:\/\/gastronova.eu\/wp-content\/uploads\/2026\/02\/IMG_6620-768x576.jpg 768w, https:\/\/gastronova.eu\/wp-content\/uploads\/2026\/02\/IMG_6620-430x323.jpg 430w, https:\/\/gastronova.eu\/wp-content\/uploads\/2026\/02\/IMG_6620-700x525.jpg 700w, https:\/\/gastronova.eu\/wp-content\/uploads\/2026\/02\/IMG_6620-150x113.jpg 150w\" sizes=\"(max-width: 800px) 100vw, 800px\">\t\t\t\t<\/div>\n\t\t\t\t\t\t\t<div class=\"wd-compare-img-handle\">\n\t\t\t\t\t<span><\/span>\n\t\t\t\t<\/div>\n\t\t\t<\/div>\n\t\t<\/div>\n\t\t\t\t\t\t<\/div>\n\t\t\t\t<\/div>\n\t\t\t\t\t<\/div>\n\t\t\t\t<\/div>\n\t\t\t\t<\/div>\n\t\t","protected":false},"excerpt":{"rendered":"<p>Rounder Compact je ide\u00e1ln\u00ed pro ty, kte\u0159\u00ed hledaj\u00ed co nejjednodu\u0161\u0161\u00ed vstup do sv\u011bta mobiln\u00ed gastronomie. D\u00edky odleh\u010den\u00e9 konstrukci ze sklolamin\u00e1tu a celkov\u00e9 hmotnosti pod <b>750 kg<\/b> ho m\u016f\u017ee\u0161 t\u00e1hnout i s b\u011b\u017en\u00fdm \u0159idi\u010dsk\u00fdm pr\u016fkazem skupiny <b>B<\/b> \u2013 bez pot\u0159eby dodate\u010dn\u00fdch opr\u00e1vn\u011bn\u00ed nebo speci\u00e1ln\u00edho vozidla. <\/p>\n<p>Zaoblen\u00fd design pout\u00e1 pozornost a z\u00e1rove\u0148 zaru\u010duje aerodynami\u010dnost a snadn\u011bj\u0161\u00ed manipulaci. Tento model je ide\u00e1ln\u00ed pro <b>zmrzlinu, k\u00e1vu, n\u00e1poje, prosecco, promo st\u00e1nky nebo men\u0161\u00ed street food projekty<\/b>, kter\u00e9 se \u010dasto p\u0159esouvaj\u00ed a funguj\u00ed v men\u0161\u00edch prostorech. <\/p>\n<p>Pokud hled\u00e1\u0161 vizu\u00e1ln\u011b p\u0159ita\u017eliv\u00fd, lehk\u00fd a praktick\u00fd p\u0159\u00edv\u011bs bez slo\u017eitost\u00ed, Rounder Compact je skv\u011bl\u00e1 volba.<\/p>\n","protected":false},"featured_media":40528,"comment_status":"open","ping_status":"closed","template":"","meta":[],"product_brand":[],"product_cat":[656,604],"product_tag":[],"class_list":{"0":"post-40039","1":"product","2":"type-product","3":"status-publish","4":"has-post-thumbnail","6":"product_cat-skladem-v-cr","7":"product_cat-skladem","9":"first","10":"instock","11":"sold-individually","12":"shipping-taxable","13":"purchasable","14":"product-type-simple"},"_links":{"self":[{"href":"https:\/\/gastronova.eu\/cs\/wp-json\/wp\/v2\/product\/40039","targetHints":{"allow":["GET"]}}],"collection":[{"href":"https:\/\/gastronova.eu\/cs\/wp-json\/wp\/v2\/product"}],"about":[{"href":"https:\/\/gastronova.eu\/cs\/wp-json\/wp\/v2\/types\/product"}],"replies":[{"embeddable":true,"href":"https:\/\/gastronova.eu\/cs\/wp-json\/wp\/v2\/comments?post=40039"}],"version-history":[{"count":3,"href":"https:\/\/gastronova.eu\/cs\/wp-json\/wp\/v2\/product\/40039\/revisions"}],"predecessor-version":[{"id":40427,"href":"https:\/\/gastronova.eu\/cs\/wp-json\/wp\/v2\/product\/40039\/revisions\/40427"}],"wp:featuredmedia":[{"embeddable":true,"href":"https:\/\/gastronova.eu\/cs\/wp-json\/wp\/v2\/media\/40528"}],"wp:attachment":[{"href":"https:\/\/gastronova.eu\/cs\/wp-json\/wp\/v2\/media?parent=40039"}],"wp:term":[{"taxonomy":"product_brand","embeddable":true,"href":"https:\/\/gastronova.eu\/cs\/wp-json\/wp\/v2\/product_brand?post=40039"},{"taxonomy":"product_cat","embeddable":true,"href":"https:\/\/gastronova.eu\/cs\/wp-json\/wp\/v2\/product_cat?post=40039"},{"taxonomy":"product_tag","embeddable":true,"href":"https:\/\/gastronova.eu\/cs\/wp-json\/wp\/v2\/product_tag?post=40039"}],"curies":[{"name":"wp","href":"https:\/\/api.w.org\/{rel}","templated":true}]}}