{"id":34552,"date":"2025-05-28T15:21:30","date_gmt":"2025-05-28T13:21:30","guid":{"rendered":"https:\/\/gastronova.eu\/produkt\/medium\/"},"modified":"2025-05-28T15:21:30","modified_gmt":"2025-05-28T13:21:30","slug":"medium","status":"publish","type":"product","link":"https:\/\/gastronova.eu\/de\/produkt\/medium\/","title":{"rendered":"Medium"},"content":{"rendered":"","protected":false},"excerpt":{"rendered":"<p><span style=\"font-weight: 400;\">Der Rounder Medium bietet mehr Platz, mehr Leistung und beh\u00e4lt dennoch einen optisch ansprechenden runden Look. Mit seiner Laminatkonstruktion und der Innenausstattung aus wei\u00dfem Aluminium sieht er modern aus und ist gleichzeitig eine erschwinglichere Alternative zu Metalltypen. <\/span><\/p>\n<p><span style=\"font-weight: 400;\">Dieses Modell ist ideal f\u00fcr <\/span><b>Street Food, Burger, Hot Dogs, Kaffee oder Fr\u00fchst\u00fcckskonzepte<\/b><span style=\"font-weight: 400;\">wo mehr Leistung und Ger\u00e4umigkeit erwartet wird, aber dennoch Mobilit\u00e4t erforderlich ist. Der Rounder Medium erm\u00f6glicht den Einbau kompletter Gastrotechnik, mit mehr Arbeitsfl\u00e4che und Stauraum. <\/span><\/p>\n<p><span style=\"font-weight: 400;\">Wenn Sie auf der Suche nach einem goldenen Mittelweg zwischen visuellem Stil und Funktionalit\u00e4t sind, ist der Rounder Medium die L\u00f6sung, die Ihnen sowohl Freiheit als auch Leistung bietet.<\/span><span style=\"font-weight: 400;\"><br \/>\n<\/span><\/p>\n","protected":false},"featured_media":33753,"comment_status":"open","ping_status":"closed","template":"","meta":[],"product_brand":[],"product_cat":[315,223],"product_tag":[],"class_list":{"0":"post-34552","1":"product","2":"type-product","3":"status-publish","4":"has-post-thumbnail","6":"product_cat-rounder-de","7":"product_cat-food-truck-de","9":"first","10":"instock","11":"sold-individually","12":"shipping-taxable","13":"purchasable","14":"product-type-variable","15":"has-default-attributes"},"_links":{"self":[{"href":"https:\/\/gastronova.eu\/de\/wp-json\/wp\/v2\/product\/34552","targetHints":{"allow":["GET"]}}],"collection":[{"href":"https:\/\/gastronova.eu\/de\/wp-json\/wp\/v2\/product"}],"about":[{"href":"https:\/\/gastronova.eu\/de\/wp-json\/wp\/v2\/types\/product"}],"replies":[{"embeddable":true,"href":"https:\/\/gastronova.eu\/de\/wp-json\/wp\/v2\/comments?post=34552"}],"version-history":[{"count":0,"href":"https:\/\/gastronova.eu\/de\/wp-json\/wp\/v2\/product\/34552\/revisions"}],"wp:featuredmedia":[{"embeddable":true,"href":"https:\/\/gastronova.eu\/de\/wp-json\/wp\/v2\/media\/33753"}],"wp:attachment":[{"href":"https:\/\/gastronova.eu\/de\/wp-json\/wp\/v2\/media?parent=34552"}],"wp:term":[{"taxonomy":"product_brand","embeddable":true,"href":"https:\/\/gastronova.eu\/de\/wp-json\/wp\/v2\/product_brand?post=34552"},{"taxonomy":"product_cat","embeddable":true,"href":"https:\/\/gastronova.eu\/de\/wp-json\/wp\/v2\/product_cat?post=34552"},{"taxonomy":"product_tag","embeddable":true,"href":"https:\/\/gastronova.eu\/de\/wp-json\/wp\/v2\/product_tag?post=34552"}],"curies":[{"name":"wp","href":"https:\/\/api.w.org\/{rel}","templated":true}]}}