{"id":34753,"date":"2025-05-28T15:22:41","date_gmt":"2025-05-28T13:22:41","guid":{"rendered":"https:\/\/gastronova.eu\/produkt\/ultra\/"},"modified":"2025-05-28T15:22:41","modified_gmt":"2025-05-28T13:22:41","slug":"ultra","status":"publish","type":"product","link":"https:\/\/gastronova.eu\/de\/produkt\/ultra\/","title":{"rendered":"Ultra"},"content":{"rendered":"","protected":false},"excerpt":{"rendered":"<p><span style=\"font-weight: 400;\">Die Ultra-Box ist robust, ger\u00e4umig und bereit f\u00fcr schwere Lasten. Als gr\u00f6\u00dftes Modell unserer Boxenlinie bietet er ein Maximum an Platz f\u00fcr Service, Technik, Lagerung und reibungslosen Personalverkehr, auch bei h\u00f6herer Verkaufsfrequenz. <\/span><\/p>\n<p><span style=\"font-weight: 400;\">Seine einfache Form und sein gro\u00dfz\u00fcgiger Innenraum machen ihn ideal f\u00fcr <\/span><b>gro\u00dfe Streetfood-Konzepte, komplette K\u00fcchen, Catering-Einheiten oder Dauerbetriebe<\/b><span style=\"font-weight: 400;\">. Sie dient auch als Grundlage f\u00fcr individuelle, ma\u00dfgeschneiderte L\u00f6sungen.<\/span><\/p>\n<p><span style=\"font-weight: 400;\">Wenn Sie nach einer ger\u00e4umigen und leistungsstarken L\u00f6sung f\u00fcr ein gr\u00f6\u00dferes Unternehmen suchen, ist Box Ultra die richtige Wahl.<\/span><\/p>\n","protected":false},"featured_media":33745,"comment_status":"open","ping_status":"closed","template":"","meta":[],"product_brand":[],"product_cat":[375,223],"product_tag":[],"class_list":{"0":"post-34753","1":"product","2":"type-product","3":"status-publish","4":"has-post-thumbnail","6":"product_cat-box-de","7":"product_cat-food-truck-de","9":"first","10":"instock","11":"sold-individually","12":"shipping-taxable","13":"purchasable","14":"product-type-variable","15":"has-default-attributes"},"_links":{"self":[{"href":"https:\/\/gastronova.eu\/de\/wp-json\/wp\/v2\/product\/34753","targetHints":{"allow":["GET"]}}],"collection":[{"href":"https:\/\/gastronova.eu\/de\/wp-json\/wp\/v2\/product"}],"about":[{"href":"https:\/\/gastronova.eu\/de\/wp-json\/wp\/v2\/types\/product"}],"replies":[{"embeddable":true,"href":"https:\/\/gastronova.eu\/de\/wp-json\/wp\/v2\/comments?post=34753"}],"version-history":[{"count":0,"href":"https:\/\/gastronova.eu\/de\/wp-json\/wp\/v2\/product\/34753\/revisions"}],"wp:featuredmedia":[{"embeddable":true,"href":"https:\/\/gastronova.eu\/de\/wp-json\/wp\/v2\/media\/33745"}],"wp:attachment":[{"href":"https:\/\/gastronova.eu\/de\/wp-json\/wp\/v2\/media?parent=34753"}],"wp:term":[{"taxonomy":"product_brand","embeddable":true,"href":"https:\/\/gastronova.eu\/de\/wp-json\/wp\/v2\/product_brand?post=34753"},{"taxonomy":"product_cat","embeddable":true,"href":"https:\/\/gastronova.eu\/de\/wp-json\/wp\/v2\/product_cat?post=34753"},{"taxonomy":"product_tag","embeddable":true,"href":"https:\/\/gastronova.eu\/de\/wp-json\/wp\/v2\/product_tag?post=34753"}],"curies":[{"name":"wp","href":"https:\/\/api.w.org\/{rel}","templated":true}]}}