{"id":35258,"date":"2025-05-28T14:01:48","date_gmt":"2025-05-28T12:01:48","guid":{"rendered":"https:\/\/gastronova.eu\/produkt\/kompakt-2\/"},"modified":"2025-05-28T14:01:48","modified_gmt":"2025-05-28T12:01:48","slug":"kompakt-2","status":"publish","type":"product","link":"https:\/\/gastronova.eu\/de\/produkt\/kompakt-2\/","title":{"rendered":"Kompakt"},"content":{"rendered":"","protected":false},"excerpt":{"rendered":"<p><span style=\"font-weight: 400;\">Der Rounder Compact ist ideal f\u00fcr diejenigen, die einen m\u00f6glichst einfachen Einstieg in die Welt der mobilen Gastronomie suchen. Mit einer leichten Glasfaserkonstruktion und einem Gesamtgewicht von unter   <\/span><b>750 kg<\/b><span style=\"font-weight: 400;\"> Sie k\u00f6nnen es mit einem normalen Gruppenf\u00fchrerschein ziehen <\/span><b>B<\/b><span style=\"font-weight: 400;\"> &#8211; ziehen, ohne dass Sie einen zus\u00e4tzlichen F\u00fchrerschein oder ein spezielles Fahrzeug ben\u00f6tigen.<\/span><\/p>\n<p><span style=\"font-weight: 400;\">Das abgerundete Design ist ein echter Blickfang und sorgt gleichzeitig f\u00fcr Aerodynamik und einfachere Handhabung. Dieses Modell ist ideal f\u00fcr   <\/span><b>Eiscreme, Kaffee, Getr\u00e4nke, Prosecco, Promo-St\u00e4nde oder kleinere Street Food Projekte<\/b><span style=\"font-weight: 400;\">die oft umziehen und auf kleinerem Raum arbeiten.<\/span><\/p>\n<p><span style=\"font-weight: 400;\">Wenn Sie auf der Suche nach einem optisch ansprechenden, leichten und praktischen Anh\u00e4nger sind, der nicht zu kompliziert ist, ist der Rounder Compact eine gute Wahl.<\/span><\/p>\n","protected":false},"featured_media":34025,"comment_status":"open","ping_status":"closed","template":"","meta":[],"product_brand":[],"product_cat":[315,223],"product_tag":[],"class_list":{"0":"post-35258","1":"product","2":"type-product","3":"status-publish","4":"has-post-thumbnail","6":"product_cat-rounder-de","7":"product_cat-food-truck-de","9":"first","10":"instock","11":"sold-individually","12":"shipping-taxable","13":"purchasable","14":"product-type-variable","15":"has-default-attributes"},"_links":{"self":[{"href":"https:\/\/gastronova.eu\/de\/wp-json\/wp\/v2\/product\/35258","targetHints":{"allow":["GET"]}}],"collection":[{"href":"https:\/\/gastronova.eu\/de\/wp-json\/wp\/v2\/product"}],"about":[{"href":"https:\/\/gastronova.eu\/de\/wp-json\/wp\/v2\/types\/product"}],"replies":[{"embeddable":true,"href":"https:\/\/gastronova.eu\/de\/wp-json\/wp\/v2\/comments?post=35258"}],"version-history":[{"count":0,"href":"https:\/\/gastronova.eu\/de\/wp-json\/wp\/v2\/product\/35258\/revisions"}],"wp:featuredmedia":[{"embeddable":true,"href":"https:\/\/gastronova.eu\/de\/wp-json\/wp\/v2\/media\/34025"}],"wp:attachment":[{"href":"https:\/\/gastronova.eu\/de\/wp-json\/wp\/v2\/media?parent=35258"}],"wp:term":[{"taxonomy":"product_brand","embeddable":true,"href":"https:\/\/gastronova.eu\/de\/wp-json\/wp\/v2\/product_brand?post=35258"},{"taxonomy":"product_cat","embeddable":true,"href":"https:\/\/gastronova.eu\/de\/wp-json\/wp\/v2\/product_cat?post=35258"},{"taxonomy":"product_tag","embeddable":true,"href":"https:\/\/gastronova.eu\/de\/wp-json\/wp\/v2\/product_tag?post=35258"}],"curies":[{"name":"wp","href":"https:\/\/api.w.org\/{rel}","templated":true}]}}