{"id":35472,"date":"2025-05-22T09:31:20","date_gmt":"2025-05-22T07:31:20","guid":{"rendered":"https:\/\/gastronova.eu\/produkt\/2-tueriger-kuehlschrank-fuer-st\/"},"modified":"2025-05-22T09:31:20","modified_gmt":"2025-05-22T07:31:20","slug":"2-tueriger-kuehlschrank-fuer-st","status":"publish","type":"product","link":"https:\/\/gastronova.eu\/de\/produkt\/2-tueriger-kuehlschrank-fuer-st\/","title":{"rendered":"2-t\u00fcriger K\u00fchlschrank f\u00fcr st."},"content":{"rendered":"<p>Abmessungen: 600 x 750 x 1950 mm<\/p>\n<p>Leistung: 0,3 kW<\/p>\n<p>Temperaturbereich: 0 bis 5\u00b0C<\/p>\n<p>Fassungsverm\u00f6gen: 423 L<\/p>\n<p>Aufrechterhaltung einer konstanten Temperatur.<\/p>\n","protected":false},"excerpt":{"rendered":"<p>Abmessungen: 600 x 750 x 1950 mm Leistung: 0,3 kW Temperaturbereich: 0 bis 5\u00b0C Fassungsverm\u00f6gen: 423 L Aufrechterhaltung einer konstanten<\/p>\n","protected":false},"featured_media":29109,"comment_status":"open","ping_status":"closed","template":"","meta":[],"product_brand":[],"product_cat":[471],"product_tag":[],"class_list":{"0":"post-35472","1":"product","2":"type-product","3":"status-publish","4":"has-post-thumbnail","6":"product_cat-beluftete-kuhlschranke","8":"first","9":"instock","10":"sold-individually","11":"shipping-taxable","12":"purchasable","13":"product-type-simple"},"_links":{"self":[{"href":"https:\/\/gastronova.eu\/de\/wp-json\/wp\/v2\/product\/35472","targetHints":{"allow":["GET"]}}],"collection":[{"href":"https:\/\/gastronova.eu\/de\/wp-json\/wp\/v2\/product"}],"about":[{"href":"https:\/\/gastronova.eu\/de\/wp-json\/wp\/v2\/types\/product"}],"replies":[{"embeddable":true,"href":"https:\/\/gastronova.eu\/de\/wp-json\/wp\/v2\/comments?post=35472"}],"version-history":[{"count":0,"href":"https:\/\/gastronova.eu\/de\/wp-json\/wp\/v2\/product\/35472\/revisions"}],"wp:featuredmedia":[{"embeddable":true,"href":"https:\/\/gastronova.eu\/de\/wp-json\/wp\/v2\/media\/29109"}],"wp:attachment":[{"href":"https:\/\/gastronova.eu\/de\/wp-json\/wp\/v2\/media?parent=35472"}],"wp:term":[{"taxonomy":"product_brand","embeddable":true,"href":"https:\/\/gastronova.eu\/de\/wp-json\/wp\/v2\/product_brand?post=35472"},{"taxonomy":"product_cat","embeddable":true,"href":"https:\/\/gastronova.eu\/de\/wp-json\/wp\/v2\/product_cat?post=35472"},{"taxonomy":"product_tag","embeddable":true,"href":"https:\/\/gastronova.eu\/de\/wp-json\/wp\/v2\/product_tag?post=35472"}],"curies":[{"name":"wp","href":"https:\/\/api.w.org\/{rel}","templated":true}]}}