{"id":35656,"date":"2025-05-16T17:05:40","date_gmt":"2025-05-16T15:05:40","guid":{"rendered":"https:\/\/gastronova.eu\/produkt\/medium-3\/"},"modified":"2025-05-16T17:05:40","modified_gmt":"2025-05-16T15:05:40","slug":"medium-3","status":"publish","type":"product","link":"https:\/\/gastronova.eu\/de\/produkt\/medium-3\/","title":{"rendered":"Medium"},"content":{"rendered":"","protected":false},"excerpt":{"rendered":"<p><span style=\"font-weight: 400;\">Der Airstream Medium bietet kultiges Aussehen und unverwechselbaren Raumkomfort in einem. Er ist aus Edelstahl 304 gefertigt und zeichnet sich durch eine hervorragende Isolierung und erstklassige Verarbeitung aus. Dieses Modell ist die mittlere Version unseres Airstream-Typs &#8211; eine Kombination aus elegantem Aussehen und funktionellem Raum f\u00fcr einen effizienten Betrieb.  <\/span><\/p>\n<p><span style=\"font-weight: 400;\">Das Modell Medium ist ideal f\u00fcr <\/span><b>Street Food, Bistros, Caf\u00e9s oder kleinere Restaurants<\/b><span style=\"font-weight: 400;\">die mehr Kunden bedienen m\u00fcssen, aber dennoch Mobilit\u00e4t und leichten Transport beibehalten wollen. Er bietet mehr Platz f\u00fcr Personal, Lager und Ausr\u00fcstung und erh\u00f6ht die Effizienz und die Verkaufskapazit\u00e4t. <\/span><\/p>\n<p><span style=\"font-weight: 400;\">Der Airstream Medium ist der perfekte Kompromiss zwischen Gr\u00f6\u00dfe, Leistung und Stil.<\/span><\/p>\n","protected":false},"featured_media":33813,"comment_status":"open","ping_status":"closed","template":"","meta":[],"product_brand":[],"product_cat":[487,223],"product_tag":[],"class_list":{"0":"post-35656","1":"product","2":"type-product","3":"status-publish","4":"has-post-thumbnail","6":"product_cat-airstream-de","7":"product_cat-food-truck-de","9":"first","10":"instock","11":"sold-individually","12":"shipping-taxable","13":"purchasable","14":"product-type-variable","15":"has-default-attributes"},"_links":{"self":[{"href":"https:\/\/gastronova.eu\/de\/wp-json\/wp\/v2\/product\/35656","targetHints":{"allow":["GET"]}}],"collection":[{"href":"https:\/\/gastronova.eu\/de\/wp-json\/wp\/v2\/product"}],"about":[{"href":"https:\/\/gastronova.eu\/de\/wp-json\/wp\/v2\/types\/product"}],"replies":[{"embeddable":true,"href":"https:\/\/gastronova.eu\/de\/wp-json\/wp\/v2\/comments?post=35656"}],"version-history":[{"count":0,"href":"https:\/\/gastronova.eu\/de\/wp-json\/wp\/v2\/product\/35656\/revisions"}],"wp:featuredmedia":[{"embeddable":true,"href":"https:\/\/gastronova.eu\/de\/wp-json\/wp\/v2\/media\/33813"}],"wp:attachment":[{"href":"https:\/\/gastronova.eu\/de\/wp-json\/wp\/v2\/media?parent=35656"}],"wp:term":[{"taxonomy":"product_brand","embeddable":true,"href":"https:\/\/gastronova.eu\/de\/wp-json\/wp\/v2\/product_brand?post=35656"},{"taxonomy":"product_cat","embeddable":true,"href":"https:\/\/gastronova.eu\/de\/wp-json\/wp\/v2\/product_cat?post=35656"},{"taxonomy":"product_tag","embeddable":true,"href":"https:\/\/gastronova.eu\/de\/wp-json\/wp\/v2\/product_tag?post=35656"}],"curies":[{"name":"wp","href":"https:\/\/api.w.org\/{rel}","templated":true}]}}