{"id":35775,"date":"2025-05-21T10:41:04","date_gmt":"2025-05-21T08:41:04","guid":{"rendered":"https:\/\/gastronova.eu\/produkt\/waschbecken-gross\/"},"modified":"2025-05-21T10:41:04","modified_gmt":"2025-05-21T08:41:04","slug":"waschbecken-gross","status":"publish","type":"product","link":"https:\/\/gastronova.eu\/de\/produkt\/waschbecken-gross\/","title":{"rendered":"Waschbecken (gro\u00df)"},"content":{"rendered":"<p>Gr\u00f6\u00dfe:500 x 400 x 190 mm<\/p>\n<p>Material: Rostfreier Stahl 304<\/p>\n","protected":false},"excerpt":{"rendered":"<p>Gr\u00f6\u00dfe:500 x 400 x 190 mm Material: Rostfreier Stahl 304<\/p>\n","protected":false},"featured_media":30357,"comment_status":"open","ping_status":"closed","template":"","meta":[],"product_brand":[],"product_cat":[255,552],"product_tag":[],"class_list":{"0":"post-35775","1":"product","2":"type-product","3":"status-publish","4":"has-post-thumbnail","6":"product_cat-zubehor-fur-wohnwagen","7":"product_cat-waschbecken","9":"first","10":"instock","11":"sold-individually","12":"shipping-taxable","13":"purchasable","14":"product-type-simple"},"_links":{"self":[{"href":"https:\/\/gastronova.eu\/de\/wp-json\/wp\/v2\/product\/35775","targetHints":{"allow":["GET"]}}],"collection":[{"href":"https:\/\/gastronova.eu\/de\/wp-json\/wp\/v2\/product"}],"about":[{"href":"https:\/\/gastronova.eu\/de\/wp-json\/wp\/v2\/types\/product"}],"replies":[{"embeddable":true,"href":"https:\/\/gastronova.eu\/de\/wp-json\/wp\/v2\/comments?post=35775"}],"version-history":[{"count":0,"href":"https:\/\/gastronova.eu\/de\/wp-json\/wp\/v2\/product\/35775\/revisions"}],"wp:featuredmedia":[{"embeddable":true,"href":"https:\/\/gastronova.eu\/de\/wp-json\/wp\/v2\/media\/30357"}],"wp:attachment":[{"href":"https:\/\/gastronova.eu\/de\/wp-json\/wp\/v2\/media?parent=35775"}],"wp:term":[{"taxonomy":"product_brand","embeddable":true,"href":"https:\/\/gastronova.eu\/de\/wp-json\/wp\/v2\/product_brand?post=35775"},{"taxonomy":"product_cat","embeddable":true,"href":"https:\/\/gastronova.eu\/de\/wp-json\/wp\/v2\/product_cat?post=35775"},{"taxonomy":"product_tag","embeddable":true,"href":"https:\/\/gastronova.eu\/de\/wp-json\/wp\/v2\/product_tag?post=35775"}],"curies":[{"name":"wp","href":"https:\/\/api.w.org\/{rel}","templated":true}]}}