{"id":35816,"date":"2025-05-21T11:14:31","date_gmt":"2025-05-21T09:14:31","guid":{"rendered":"https:\/\/gastronova.eu\/produkt\/retro-radkappen\/"},"modified":"2025-05-21T11:14:31","modified_gmt":"2025-05-21T09:14:31","slug":"retro-radkappen","status":"publish","type":"product","link":"https:\/\/gastronova.eu\/de\/produkt\/retro-radkappen\/","title":{"rendered":"Retro-Radkappen"},"content":{"rendered":"<p>Gr\u00f6\u00dfe: F\u00fcr 14&#8242; R\u00e4der<\/p>\n","protected":false},"excerpt":{"rendered":"<p>Gr\u00f6\u00dfe: F\u00fcr 14&#8242; R\u00e4der<\/p>\n","protected":false},"featured_media":28832,"comment_status":"open","ping_status":"closed","template":"","meta":[],"product_brand":[],"product_cat":[255,256],"product_tag":[],"class_list":{"0":"post-35816","1":"product","2":"type-product","3":"status-publish","4":"has-post-thumbnail","6":"product_cat-zubehor-fur-wohnwagen","7":"product_cat-extra-ausrustung","9":"first","10":"instock","11":"sold-individually","12":"shipping-taxable","13":"purchasable","14":"product-type-simple"},"_links":{"self":[{"href":"https:\/\/gastronova.eu\/de\/wp-json\/wp\/v2\/product\/35816","targetHints":{"allow":["GET"]}}],"collection":[{"href":"https:\/\/gastronova.eu\/de\/wp-json\/wp\/v2\/product"}],"about":[{"href":"https:\/\/gastronova.eu\/de\/wp-json\/wp\/v2\/types\/product"}],"replies":[{"embeddable":true,"href":"https:\/\/gastronova.eu\/de\/wp-json\/wp\/v2\/comments?post=35816"}],"version-history":[{"count":0,"href":"https:\/\/gastronova.eu\/de\/wp-json\/wp\/v2\/product\/35816\/revisions"}],"wp:featuredmedia":[{"embeddable":true,"href":"https:\/\/gastronova.eu\/de\/wp-json\/wp\/v2\/media\/28832"}],"wp:attachment":[{"href":"https:\/\/gastronova.eu\/de\/wp-json\/wp\/v2\/media?parent=35816"}],"wp:term":[{"taxonomy":"product_brand","embeddable":true,"href":"https:\/\/gastronova.eu\/de\/wp-json\/wp\/v2\/product_brand?post=35816"},{"taxonomy":"product_cat","embeddable":true,"href":"https:\/\/gastronova.eu\/de\/wp-json\/wp\/v2\/product_cat?post=35816"},{"taxonomy":"product_tag","embeddable":true,"href":"https:\/\/gastronova.eu\/de\/wp-json\/wp\/v2\/product_tag?post=35816"}],"curies":[{"name":"wp","href":"https:\/\/api.w.org\/{rel}","templated":true}]}}