{"id":35853,"date":"2025-05-21T12:05:36","date_gmt":"2025-05-21T10:05:36","guid":{"rendered":"https:\/\/gastronova.eu\/produkt\/box-fuer-generator\/"},"modified":"2025-05-21T12:05:36","modified_gmt":"2025-05-21T10:05:36","slug":"box-fuer-generator","status":"publish","type":"product","link":"https:\/\/gastronova.eu\/de\/produkt\/box-fuer-generator\/","title":{"rendered":"Box f\u00fcr Generator"},"content":{"rendered":"<p>Abmessungen:Entsprechend der Gr\u00f6\u00dfe des Generators<\/p>\n","protected":false},"excerpt":{"rendered":"<p>Abmessungen:Entsprechend der Gr\u00f6\u00dfe des Generators<\/p>\n","protected":false},"featured_media":28871,"comment_status":"open","ping_status":"closed","template":"","meta":[],"product_brand":[],"product_cat":[255,567],"product_tag":[],"class_list":{"0":"post-35853","1":"product","2":"type-product","3":"status-publish","4":"has-post-thumbnail","6":"product_cat-zubehor-fur-wohnwagen","7":"product_cat-boxen-aus-rostfreiem-stahl","9":"first","10":"instock","11":"sold-individually","12":"shipping-taxable","13":"purchasable","14":"product-type-simple"},"_links":{"self":[{"href":"https:\/\/gastronova.eu\/de\/wp-json\/wp\/v2\/product\/35853","targetHints":{"allow":["GET"]}}],"collection":[{"href":"https:\/\/gastronova.eu\/de\/wp-json\/wp\/v2\/product"}],"about":[{"href":"https:\/\/gastronova.eu\/de\/wp-json\/wp\/v2\/types\/product"}],"replies":[{"embeddable":true,"href":"https:\/\/gastronova.eu\/de\/wp-json\/wp\/v2\/comments?post=35853"}],"version-history":[{"count":0,"href":"https:\/\/gastronova.eu\/de\/wp-json\/wp\/v2\/product\/35853\/revisions"}],"wp:featuredmedia":[{"embeddable":true,"href":"https:\/\/gastronova.eu\/de\/wp-json\/wp\/v2\/media\/28871"}],"wp:attachment":[{"href":"https:\/\/gastronova.eu\/de\/wp-json\/wp\/v2\/media?parent=35853"}],"wp:term":[{"taxonomy":"product_brand","embeddable":true,"href":"https:\/\/gastronova.eu\/de\/wp-json\/wp\/v2\/product_brand?post=35853"},{"taxonomy":"product_cat","embeddable":true,"href":"https:\/\/gastronova.eu\/de\/wp-json\/wp\/v2\/product_cat?post=35853"},{"taxonomy":"product_tag","embeddable":true,"href":"https:\/\/gastronova.eu\/de\/wp-json\/wp\/v2\/product_tag?post=35853"}],"curies":[{"name":"wp","href":"https:\/\/api.w.org\/{rel}","templated":true}]}}