{"id":35885,"date":"2025-05-22T09:02:10","date_gmt":"2025-05-22T07:02:10","guid":{"rendered":"https:\/\/gastronova.eu\/produkt\/wasserhahn-4-x-pipa\/"},"modified":"2025-05-22T09:02:10","modified_gmt":"2025-05-22T07:02:10","slug":"wasserhahn-4-x-pipa","status":"publish","type":"product","link":"https:\/\/gastronova.eu\/de\/produkt\/wasserhahn-4-x-pipa\/","title":{"rendered":"Wasserhahn 4 x Pipa"},"content":{"rendered":"<p>Abmessungen: 1240 x 600 x 840 mm<\/p>\n<p>Platz: f\u00fcr 4 x 20L F\u00e4sser (F\u00e4sser nicht enthalten)<\/p>\n","protected":false},"excerpt":{"rendered":"<p>Abmessungen: 1240 x 600 x 840 mm Platz: f\u00fcr 4 x 20L F\u00e4sser (F\u00e4sser nicht enthalten)<\/p>\n","protected":false},"featured_media":29036,"comment_status":"open","ping_status":"closed","template":"","meta":[],"product_brand":[],"product_cat":[468],"product_tag":[],"class_list":{"0":"post-35885","1":"product","2":"type-product","3":"status-publish","4":"has-post-thumbnail","6":"product_cat-kuhlschranke-gefrierschranke","8":"first","9":"instock","10":"sold-individually","11":"shipping-taxable","12":"purchasable","13":"product-type-simple"},"_links":{"self":[{"href":"https:\/\/gastronova.eu\/de\/wp-json\/wp\/v2\/product\/35885","targetHints":{"allow":["GET"]}}],"collection":[{"href":"https:\/\/gastronova.eu\/de\/wp-json\/wp\/v2\/product"}],"about":[{"href":"https:\/\/gastronova.eu\/de\/wp-json\/wp\/v2\/types\/product"}],"replies":[{"embeddable":true,"href":"https:\/\/gastronova.eu\/de\/wp-json\/wp\/v2\/comments?post=35885"}],"version-history":[{"count":0,"href":"https:\/\/gastronova.eu\/de\/wp-json\/wp\/v2\/product\/35885\/revisions"}],"wp:featuredmedia":[{"embeddable":true,"href":"https:\/\/gastronova.eu\/de\/wp-json\/wp\/v2\/media\/29036"}],"wp:attachment":[{"href":"https:\/\/gastronova.eu\/de\/wp-json\/wp\/v2\/media?parent=35885"}],"wp:term":[{"taxonomy":"product_brand","embeddable":true,"href":"https:\/\/gastronova.eu\/de\/wp-json\/wp\/v2\/product_brand?post=35885"},{"taxonomy":"product_cat","embeddable":true,"href":"https:\/\/gastronova.eu\/de\/wp-json\/wp\/v2\/product_cat?post=35885"},{"taxonomy":"product_tag","embeddable":true,"href":"https:\/\/gastronova.eu\/de\/wp-json\/wp\/v2\/product_tag?post=35885"}],"curies":[{"name":"wp","href":"https:\/\/api.w.org\/{rel}","templated":true}]}}