{"id":36724,"date":"2025-09-03T08:56:58","date_gmt":"2025-09-03T06:56:58","guid":{"rendered":"https:\/\/gastronova.eu\/?post_type=product&#038;p=36724"},"modified":"2026-02-10T14:58:10","modified_gmt":"2026-02-10T13:58:10","slug":"kompakt-kopia","status":"publish","type":"product","link":"https:\/\/gastronova.eu\/de\/produkt\/kompakt-kopia\/","title":{"rendered":"Airstream Compact 400 Standard"},"content":{"rendered":"","protected":false},"excerpt":{"rendered":"<p><span style=\"font-weight: 400;\">Der Airstream Compact ist die perfekte Kombination aus ikonischem Design und praktischer Kompaktheit. Dieser Anh\u00e4nger aus Edelstahl Typ 304 ist optisch un\u00fcbersehbar &#8211; die abgerundete Retroform erinnert an den amerikanischen Stil, an den sich die Kunden sofort erinnern werden. Hochwertige Materialien, eine 5 cm dicke Isolierung und hochwertige Verarbeitung machen dieses Modell zu einer ausgezeichneten Wahl f\u00fcr Gesch\u00e4ftsleute, die auf den ersten Blick beeindrucken wollen.  <\/span><\/p>\n<p><span style=\"font-weight: 400;\">Die kompakte Gr\u00f6\u00dfe des Compact ist ideal f\u00fcr kleinere Gastro-Konzepte wie <\/span><b>Caf\u00e9, Bar, Eisdiele, Prosecco-Wagen<\/b><span style=\"font-weight: 400;\">  oder Werbest\u00e4nder. Er ist leichter zu transportieren, nimmt weniger Platz in Anspruch und ist auch dort geeignet, wo der Platz begrenzt ist. <\/span><\/p>\n<p><span style=\"font-weight: 400;\">Wenn Sie auf der Suche nach einer optisch herausragenden L\u00f6sung in einem kleinen Paket sind, ist der Airstream Compact genau das Richtige f\u00fcr Sie.<\/span><\/p>\n","protected":false},"featured_media":36915,"comment_status":"open","ping_status":"closed","template":"","meta":[],"product_brand":[],"product_cat":[658,582],"product_tag":[],"class_list":{"0":"post-36724","1":"product","2":"type-product","3":"status-publish","4":"has-post-thumbnail","6":"product_cat-auf-lager-in-der-slowakei","7":"product_cat-vorratig","9":"first","10":"instock","11":"sold-individually","12":"shipping-taxable","13":"purchasable","14":"product-type-simple"},"_links":{"self":[{"href":"https:\/\/gastronova.eu\/de\/wp-json\/wp\/v2\/product\/36724","targetHints":{"allow":["GET"]}}],"collection":[{"href":"https:\/\/gastronova.eu\/de\/wp-json\/wp\/v2\/product"}],"about":[{"href":"https:\/\/gastronova.eu\/de\/wp-json\/wp\/v2\/types\/product"}],"replies":[{"embeddable":true,"href":"https:\/\/gastronova.eu\/de\/wp-json\/wp\/v2\/comments?post=36724"}],"version-history":[{"count":3,"href":"https:\/\/gastronova.eu\/de\/wp-json\/wp\/v2\/product\/36724\/revisions"}],"predecessor-version":[{"id":37160,"href":"https:\/\/gastronova.eu\/de\/wp-json\/wp\/v2\/product\/36724\/revisions\/37160"}],"wp:featuredmedia":[{"embeddable":true,"href":"https:\/\/gastronova.eu\/de\/wp-json\/wp\/v2\/media\/36915"}],"wp:attachment":[{"href":"https:\/\/gastronova.eu\/de\/wp-json\/wp\/v2\/media?parent=36724"}],"wp:term":[{"taxonomy":"product_brand","embeddable":true,"href":"https:\/\/gastronova.eu\/de\/wp-json\/wp\/v2\/product_brand?post=36724"},{"taxonomy":"product_cat","embeddable":true,"href":"https:\/\/gastronova.eu\/de\/wp-json\/wp\/v2\/product_cat?post=36724"},{"taxonomy":"product_tag","embeddable":true,"href":"https:\/\/gastronova.eu\/de\/wp-json\/wp\/v2\/product_tag?post=36724"}],"curies":[{"name":"wp","href":"https:\/\/api.w.org\/{rel}","templated":true}]}}