{"id":39370,"date":"2026-01-29T13:01:25","date_gmt":"2026-01-29T12:01:25","guid":{"rendered":"https:\/\/gastronova.eu\/?post_type=product&#038;p=39370"},"modified":"2026-02-10T15:00:27","modified_gmt":"2026-02-10T14:00:27","slug":"airstream-compact-400-standard-kopia-3","status":"publish","type":"product","link":"https:\/\/gastronova.eu\/de\/produkt\/airstream-compact-400-standard-kopia-3\/","title":{"rendered":"Airstream Compact 400 Grill\/Bar 1"},"content":{"rendered":"\t\t<div data-elementor-type=\"wp-post\" data-elementor-id=\"39370\" class=\"elementor elementor-39370 elementor-39368\" data-elementor-post-type=\"product\">\n\t\t\t\t<div class=\"wd-negative-gap elementor-element elementor-element-810c55c e-flex e-con-boxed e-con e-parent\" data-id=\"810c55c\" data-element_type=\"container\">\n\t\t\t\t\t<div class=\"e-con-inner\">\n\t\t\t\t<div class=\"elementor-element elementor-element-bdf9727 elementor-widget elementor-widget-wd_text_block\" data-id=\"bdf9727\" data-element_type=\"widget\" data-widget_type=\"wd_text_block.default\">\n\t\t\t\t<div class=\"elementor-widget-container\">\n\t\t\t\t\t\t\t<div class=\"wd-text-block reset-last-child text-center\">\n\t\t\t\n\t\t\t<h1>Der Food Truck trifft ein in:<\/h1>\n\t\t\t\t\t<\/div>\n\t\t\t\t\t\t<\/div>\n\t\t\t\t<\/div>\n\t\t\t\t<div class=\"elementor-element elementor-element-01f9b25 elementor-countdown--label-block elementor-widget elementor-widget-countdown\" data-id=\"01f9b25\" data-element_type=\"widget\" data-widget_type=\"countdown.default\">\n\t\t\t\t<div class=\"elementor-widget-container\">\n\t\t\t\t\t\t\t<div class=\"elementor-countdown-wrapper\" data-date=\"1771246260\">\n\t\t\t<div class=\"elementor-countdown-item\"><span class=\"elementor-countdown-digits elementor-countdown-days\"><\/span> <span class=\"elementor-countdown-label\">Tage<\/span><\/div><div class=\"elementor-countdown-item\"><span class=\"elementor-countdown-digits elementor-countdown-hours\"><\/span> <span class=\"elementor-countdown-label\">Stunden<\/span><\/div><div class=\"elementor-countdown-item\"><span class=\"elementor-countdown-digits elementor-countdown-minutes\"><\/span> <span class=\"elementor-countdown-label\">Minuten<\/span><\/div><div class=\"elementor-countdown-item\"><span class=\"elementor-countdown-digits elementor-countdown-seconds\"><\/span> <span class=\"elementor-countdown-label\">Sekunden<\/span><\/div>\t\t<\/div>\n\t\t\t\t\t\t<\/div>\n\t\t\t\t<\/div>\n\t\t\t\t\t<\/div>\n\t\t\t\t<\/div>\n\t\t<div class=\"wd-negative-gap elementor-element elementor-element-cdbc45d e-flex e-con-boxed e-con e-parent\" data-id=\"cdbc45d\" data-element_type=\"container\">\n\t\t\t\t\t<div class=\"e-con-inner\">\n\t\t\t\t<div class=\"elementor-element elementor-element-a0ec3fb elementor-widget elementor-widget-wd_compare_img\" data-id=\"a0ec3fb\" data-element_type=\"widget\" data-widget_type=\"wd_compare_img.default\">\n\t\t\t\t<div class=\"elementor-widget-container\">\n\t\t\t\t\t\t\t<div class=\"wd-compare-img-wrapp\">\n\t\t\t<div class=\"wd-compare-img\">\n\t\t\t\t\t\t\t\t<div class=\"wd-after-img\">\n\t\t\t\t\t<img fetchpriority=\"high\" decoding=\"async\" width=\"800\" height=\"600\" src=\"https:\/\/gastronova.eu\/wp-content\/uploads\/2026\/01\/IMG_5893.jpg\" class=\"attachment-full size-full\" alt=\"\" srcset=\"https:\/\/gastronova.eu\/wp-content\/uploads\/2026\/01\/IMG_5893.jpg 800w, https:\/\/gastronova.eu\/wp-content\/uploads\/2026\/01\/IMG_5893-400x300.jpg 400w, https:\/\/gastronova.eu\/wp-content\/uploads\/2026\/01\/IMG_5893-768x576.jpg 768w, https:\/\/gastronova.eu\/wp-content\/uploads\/2026\/01\/IMG_5893-430x323.jpg 430w, https:\/\/gastronova.eu\/wp-content\/uploads\/2026\/01\/IMG_5893-700x525.jpg 700w, https:\/\/gastronova.eu\/wp-content\/uploads\/2026\/01\/IMG_5893-150x113.jpg 150w\" sizes=\"(max-width: 800px) 100vw, 800px\">\t\t\t\t<\/div>\n\t\t\t\t\t\t\t<div class=\"wd-before-img\">\n\t\t\t\t\t<img decoding=\"async\" width=\"1285\" height=\"834\" src=\"https:\/\/gastronova.eu\/wp-content\/uploads\/2026\/01\/175dc004-f7d3-464f-be6a-159beaa6c72a.png\" class=\"attachment-full size-full\" alt=\"\" srcset=\"https:\/\/gastronova.eu\/wp-content\/uploads\/2026\/01\/175dc004-f7d3-464f-be6a-159beaa6c72a.png 1285w, https:\/\/gastronova.eu\/wp-content\/uploads\/2026\/01\/175dc004-f7d3-464f-be6a-159beaa6c72a-400x260.png 400w, https:\/\/gastronova.eu\/wp-content\/uploads\/2026\/01\/175dc004-f7d3-464f-be6a-159beaa6c72a-1233x800.png 1233w, https:\/\/gastronova.eu\/wp-content\/uploads\/2026\/01\/175dc004-f7d3-464f-be6a-159beaa6c72a-768x498.png 768w, https:\/\/gastronova.eu\/wp-content\/uploads\/2026\/01\/175dc004-f7d3-464f-be6a-159beaa6c72a-430x279.png 430w, https:\/\/gastronova.eu\/wp-content\/uploads\/2026\/01\/175dc004-f7d3-464f-be6a-159beaa6c72a-700x454.png 700w, https:\/\/gastronova.eu\/wp-content\/uploads\/2026\/01\/175dc004-f7d3-464f-be6a-159beaa6c72a-150x97.png 150w\" sizes=\"(max-width: 1285px) 100vw, 1285px\">\t\t\t\t<\/div>\n\t\t\t\t\t\t\t<div class=\"wd-compare-img-handle\">\n\t\t\t\t\t<span><\/span>\n\t\t\t\t<\/div>\n\t\t\t<\/div>\n\t\t<\/div>\n\t\t\t\t\t\t<\/div>\n\t\t\t\t<\/div>\n\t\t\t\t\t<\/div>\n\t\t\t\t<\/div>\n\t\t\t\t<\/div>\n\t\t","protected":false},"excerpt":{"rendered":"<p><span style=\"font-weight: 400;\">Der Airstream Compact ist die perfekte Kombination aus ikonischem Design und praktischer Kompaktheit. Dieser Anh\u00e4nger aus Edelstahl Typ 304 ist optisch un\u00fcbersehbar &#8211; die abgerundete Retroform erinnert an den amerikanischen Stil, an den sich die Kunden sofort erinnern werden. Hochwertige Materialien, eine 5 cm dicke Isolierung und hochwertige Verarbeitung machen dieses Modell zu einer ausgezeichneten Wahl f\u00fcr Gesch\u00e4ftsleute, die auf den ersten Blick beeindrucken wollen.  <\/span><\/p>\n<p><span style=\"font-weight: 400;\">Die kompakte Gr\u00f6\u00dfe des Compact ist ideal f\u00fcr kleinere Gastro-Konzepte wie <\/span><b>Caf\u00e9, Bar, Eisdiele, Prosecco-Wagen<\/b><span style=\"font-weight: 400;\">  oder Werbest\u00e4nder. Er ist leichter zu transportieren, nimmt weniger Platz in Anspruch und ist auch dort geeignet, wo der Platz begrenzt ist. <\/span><\/p>\n<p><span style=\"font-weight: 400;\">Wenn Sie auf der Suche nach einer optisch herausragenden L\u00f6sung in einem kleinen Paket sind, ist der Airstream Compact genau das Richtige f\u00fcr Sie.<\/span><\/p>\n","protected":false},"featured_media":40549,"comment_status":"open","ping_status":"closed","template":"","meta":[],"product_brand":[],"product_cat":[648,582],"product_tag":[],"class_list":{"0":"post-39370","1":"product","2":"type-product","3":"status-publish","4":"has-post-thumbnail","6":"product_cat-verkaufte-lagerartikel","7":"product_cat-vorratig","9":"first","10":"instock","11":"sold-individually","12":"shipping-taxable","13":"purchasable","14":"product-type-simple"},"_links":{"self":[{"href":"https:\/\/gastronova.eu\/de\/wp-json\/wp\/v2\/product\/39370","targetHints":{"allow":["GET"]}}],"collection":[{"href":"https:\/\/gastronova.eu\/de\/wp-json\/wp\/v2\/product"}],"about":[{"href":"https:\/\/gastronova.eu\/de\/wp-json\/wp\/v2\/types\/product"}],"replies":[{"embeddable":true,"href":"https:\/\/gastronova.eu\/de\/wp-json\/wp\/v2\/comments?post=39370"}],"version-history":[{"count":3,"href":"https:\/\/gastronova.eu\/de\/wp-json\/wp\/v2\/product\/39370\/revisions"}],"predecessor-version":[{"id":40500,"href":"https:\/\/gastronova.eu\/de\/wp-json\/wp\/v2\/product\/39370\/revisions\/40500"}],"wp:featuredmedia":[{"embeddable":true,"href":"https:\/\/gastronova.eu\/de\/wp-json\/wp\/v2\/media\/40549"}],"wp:attachment":[{"href":"https:\/\/gastronova.eu\/de\/wp-json\/wp\/v2\/media?parent=39370"}],"wp:term":[{"taxonomy":"product_brand","embeddable":true,"href":"https:\/\/gastronova.eu\/de\/wp-json\/wp\/v2\/product_brand?post=39370"},{"taxonomy":"product_cat","embeddable":true,"href":"https:\/\/gastronova.eu\/de\/wp-json\/wp\/v2\/product_cat?post=39370"},{"taxonomy":"product_tag","embeddable":true,"href":"https:\/\/gastronova.eu\/de\/wp-json\/wp\/v2\/product_tag?post=39370"}],"curies":[{"name":"wp","href":"https:\/\/api.w.org\/{rel}","templated":true}]}}