{"id":39689,"date":"2026-01-29T20:57:03","date_gmt":"2026-01-29T19:57:03","guid":{"rendered":"https:\/\/gastronova.eu\/?post_type=product&#038;p=39689"},"modified":"2026-02-10T14:56:18","modified_gmt":"2026-02-10T13:56:18","slug":"airstream-compact-400-standard-kopia-kopia-kopia-2","status":"publish","type":"product","link":"https:\/\/gastronova.eu\/de\/produkt\/airstream-compact-400-standard-kopia-kopia-kopia-2\/","title":{"rendered":"Box 350 &#8211; Grill\/Bar"},"content":{"rendered":"\t\t<div data-elementor-type=\"wp-post\" data-elementor-id=\"39689\" class=\"elementor elementor-39689 elementor-39687\" data-elementor-post-type=\"product\">\n\t\t\t\t<div class=\"wd-negative-gap elementor-element elementor-element-ed0adcc e-flex e-con-boxed e-con e-parent\" data-id=\"ed0adcc\" data-element_type=\"container\">\n\t\t\t\t\t<div class=\"e-con-inner\">\n\t\t\t\t<div class=\"elementor-element elementor-element-687f231 elementor-widget elementor-widget-wd_text_block\" data-id=\"687f231\" data-element_type=\"widget\" data-widget_type=\"wd_text_block.default\">\n\t\t\t\t<div class=\"elementor-widget-container\">\n\t\t\t\t\t\t\t<div class=\"wd-text-block reset-last-child text-center\">\n\t\t\t\n\t\t\t<h1><strong>Der Food Truck trifft ein in:<\/strong><\/h1>\n\t\t\t\t\t<\/div>\n\t\t\t\t\t\t<\/div>\n\t\t\t\t<\/div>\n\t\t\t\t<div class=\"elementor-element elementor-element-8308d62 elementor-countdown--label-block elementor-widget elementor-widget-countdown\" data-id=\"8308d62\" data-element_type=\"widget\" data-widget_type=\"countdown.default\">\n\t\t\t\t<div class=\"elementor-widget-container\">\n\t\t\t\t\t\t\t<div class=\"elementor-countdown-wrapper\" data-date=\"1771272960\">\n\t\t\t<div class=\"elementor-countdown-item\"><span class=\"elementor-countdown-digits elementor-countdown-days\"><\/span> <span class=\"elementor-countdown-label\">Tage<\/span><\/div><div class=\"elementor-countdown-item\"><span class=\"elementor-countdown-digits elementor-countdown-hours\"><\/span> <span class=\"elementor-countdown-label\">Stunden<\/span><\/div><div class=\"elementor-countdown-item\"><span class=\"elementor-countdown-digits elementor-countdown-minutes\"><\/span> <span class=\"elementor-countdown-label\">Minuten<\/span><\/div><div class=\"elementor-countdown-item\"><span class=\"elementor-countdown-digits elementor-countdown-seconds\"><\/span> <span class=\"elementor-countdown-label\">Sekunden<\/span><\/div>\t\t<\/div>\n\t\t\t\t\t\t<\/div>\n\t\t\t\t<\/div>\n\t\t\t\t<div class=\"elementor-element elementor-element-62ee3d4 elementor-widget elementor-widget-wd_compare_img\" data-id=\"62ee3d4\" data-element_type=\"widget\" data-widget_type=\"wd_compare_img.default\">\n\t\t\t\t<div class=\"elementor-widget-container\">\n\t\t\t\t\t\t\t<div class=\"wd-compare-img-wrapp text-center\">\n\t\t\t<div class=\"wd-compare-img\">\n\t\t\t\t\t\t\t\t<div class=\"wd-after-img\">\n\t\t\t\t\t<img fetchpriority=\"high\" decoding=\"async\" width=\"800\" height=\"600\" src=\"https:\/\/gastronova.eu\/wp-content\/uploads\/2026\/01\/IMG_5861.jpg\" class=\"attachment-full size-full\" alt=\"\" srcset=\"https:\/\/gastronova.eu\/wp-content\/uploads\/2026\/01\/IMG_5861.jpg 800w, https:\/\/gastronova.eu\/wp-content\/uploads\/2026\/01\/IMG_5861-400x300.jpg 400w, https:\/\/gastronova.eu\/wp-content\/uploads\/2026\/01\/IMG_5861-768x576.jpg 768w, https:\/\/gastronova.eu\/wp-content\/uploads\/2026\/01\/IMG_5861-430x323.jpg 430w, https:\/\/gastronova.eu\/wp-content\/uploads\/2026\/01\/IMG_5861-700x525.jpg 700w, https:\/\/gastronova.eu\/wp-content\/uploads\/2026\/01\/IMG_5861-150x113.jpg 150w\" sizes=\"(max-width: 800px) 100vw, 800px\">\t\t\t\t<\/div>\n\t\t\t\t\t\t\t<div class=\"wd-before-img\">\n\t\t\t\t\t<img decoding=\"async\" width=\"1728\" height=\"1074\" src=\"https:\/\/gastronova.eu\/wp-content\/uploads\/2026\/01\/IMG_3798.jpeg\" class=\"attachment-full size-full\" alt=\"\" srcset=\"https:\/\/gastronova.eu\/wp-content\/uploads\/2026\/01\/IMG_3798.jpeg 1728w, https:\/\/gastronova.eu\/wp-content\/uploads\/2026\/01\/IMG_3798-400x249.jpeg 400w, https:\/\/gastronova.eu\/wp-content\/uploads\/2026\/01\/IMG_3798-1287x800.jpeg 1287w, https:\/\/gastronova.eu\/wp-content\/uploads\/2026\/01\/IMG_3798-768x477.jpeg 768w, https:\/\/gastronova.eu\/wp-content\/uploads\/2026\/01\/IMG_3798-1536x955.jpeg 1536w, https:\/\/gastronova.eu\/wp-content\/uploads\/2026\/01\/IMG_3798-430x267.jpeg 430w, https:\/\/gastronova.eu\/wp-content\/uploads\/2026\/01\/IMG_3798-700x435.jpeg 700w, https:\/\/gastronova.eu\/wp-content\/uploads\/2026\/01\/IMG_3798-150x93.jpeg 150w\" sizes=\"(max-width: 1728px) 100vw, 1728px\">\t\t\t\t<\/div>\n\t\t\t\t\t\t\t<div class=\"wd-compare-img-handle\">\n\t\t\t\t\t<span><\/span>\n\t\t\t\t<\/div>\n\t\t\t<\/div>\n\t\t<\/div>\n\t\t\t\t\t\t<\/div>\n\t\t\t\t<\/div>\n\t\t\t\t\t<\/div>\n\t\t\t\t<\/div>\n\t\t\t\t<\/div>\n\t\t","protected":false},"excerpt":{"rendered":"<p>Der Box Compact ist ideal f\u00fcr alle, die eine funktionale und preiswerte L\u00f6sung im Kleinformat suchen. Dieser Anh\u00e4nger besticht durch ein schlichtes, geradliniges Design mit flachen W\u00e4nden, die eine effiziente Raumnutzung und die Montage hoher Ger\u00e4te wie K\u00fchlschr\u00e4nke oder Kaffeemaschinen erm\u00f6glichen. <\/p>\n<p>Dank seiner kompakten Abmessungen eignet er sich f\u00fcr <b>Caf\u00e9s, Bars, Eisst\u00e4nde, Prosecco-Konzepte oder Promotion-Zwecke<\/b>, insbesondere in St\u00e4dten, auf M\u00e4rkten oder bei Firmenevents. Ein weiterer Vorteil ist sein geringes Gewicht und der einfache Transport, was ihn zu einem praktischen Einstiegsmodell in die Welt der mobilen Gastronomie macht. <\/p>\n<p>Wenn Sie eine vern\u00fcnftige L\u00f6sung mit maximaler Raumnutzung suchen, ist der Box Compact genau das Richtige f\u00fcr Sie.<\/p>\n","protected":false},"featured_media":39715,"comment_status":"open","ping_status":"closed","template":"","meta":[],"product_brand":[],"product_cat":[658,582],"product_tag":[],"class_list":{"0":"post-39689","1":"product","2":"type-product","3":"status-publish","4":"has-post-thumbnail","6":"product_cat-auf-lager-in-der-slowakei","7":"product_cat-vorratig","9":"first","10":"instock","11":"sold-individually","12":"shipping-taxable","13":"purchasable","14":"product-type-simple"},"_links":{"self":[{"href":"https:\/\/gastronova.eu\/de\/wp-json\/wp\/v2\/product\/39689","targetHints":{"allow":["GET"]}}],"collection":[{"href":"https:\/\/gastronova.eu\/de\/wp-json\/wp\/v2\/product"}],"about":[{"href":"https:\/\/gastronova.eu\/de\/wp-json\/wp\/v2\/types\/product"}],"replies":[{"embeddable":true,"href":"https:\/\/gastronova.eu\/de\/wp-json\/wp\/v2\/comments?post=39689"}],"version-history":[{"count":3,"href":"https:\/\/gastronova.eu\/de\/wp-json\/wp\/v2\/product\/39689\/revisions"}],"predecessor-version":[{"id":40444,"href":"https:\/\/gastronova.eu\/de\/wp-json\/wp\/v2\/product\/39689\/revisions\/40444"}],"wp:featuredmedia":[{"embeddable":true,"href":"https:\/\/gastronova.eu\/de\/wp-json\/wp\/v2\/media\/39715"}],"wp:attachment":[{"href":"https:\/\/gastronova.eu\/de\/wp-json\/wp\/v2\/media?parent=39689"}],"wp:term":[{"taxonomy":"product_brand","embeddable":true,"href":"https:\/\/gastronova.eu\/de\/wp-json\/wp\/v2\/product_brand?post=39689"},{"taxonomy":"product_cat","embeddable":true,"href":"https:\/\/gastronova.eu\/de\/wp-json\/wp\/v2\/product_cat?post=39689"},{"taxonomy":"product_tag","embeddable":true,"href":"https:\/\/gastronova.eu\/de\/wp-json\/wp\/v2\/product_tag?post=39689"}],"curies":[{"name":"wp","href":"https:\/\/api.w.org\/{rel}","templated":true}]}}