{"id":40040,"date":"2026-02-02T20:04:03","date_gmt":"2026-02-02T19:04:03","guid":{"rendered":"https:\/\/gastronova.eu\/?post_type=product&#038;p=40040"},"modified":"2026-02-10T14:55:49","modified_gmt":"2026-02-10T13:55:49","slug":"airstream-compact-400-standard-kopia-kopia-kopia-kopia-kopia","status":"publish","type":"product","link":"https:\/\/gastronova.eu\/de\/produkt\/airstream-compact-400-standard-kopia-kopia-kopia-kopia-kopia\/","title":{"rendered":"Rounder 2 &#8211; 280"},"content":{"rendered":"\t\t<div data-elementor-type=\"wp-post\" data-elementor-id=\"40040\" class=\"elementor elementor-40040 elementor-40038\" data-elementor-post-type=\"product\">\n\t\t\t\t<div class=\"wd-negative-gap elementor-element elementor-element-ed0adcc e-flex e-con-boxed e-con e-parent\" data-id=\"ed0adcc\" data-element_type=\"container\">\n\t\t\t\t\t<div class=\"e-con-inner\">\n\t\t\t\t<div class=\"elementor-element elementor-element-687f231 elementor-widget elementor-widget-wd_text_block\" data-id=\"687f231\" data-element_type=\"widget\" data-widget_type=\"wd_text_block.default\">\n\t\t\t\t<div class=\"elementor-widget-container\">\n\t\t\t\t\t\t\t<div class=\"wd-text-block reset-last-child text-center\">\n\t\t\t\n\t\t\t<h1><strong>Der Food Truck kommt an in:<\/strong><\/h1>\n\t\t\t\t\t<\/div>\n\t\t\t\t\t\t<\/div>\n\t\t\t\t<\/div>\n\t\t\t\t<div class=\"elementor-element elementor-element-8308d62 elementor-countdown--label-block elementor-widget elementor-widget-countdown\" data-id=\"8308d62\" data-element_type=\"widget\" data-widget_type=\"countdown.default\">\n\t\t\t\t<div class=\"elementor-widget-container\">\n\t\t\t\t\t\t\t<div class=\"elementor-countdown-wrapper\" data-date=\"1773692160\">\n\t\t\t<div class=\"elementor-countdown-item\"><span class=\"elementor-countdown-digits elementor-countdown-days\"><\/span> <span class=\"elementor-countdown-label\">Tage<\/span><\/div><div class=\"elementor-countdown-item\"><span class=\"elementor-countdown-digits elementor-countdown-hours\"><\/span> <span class=\"elementor-countdown-label\">Stunden<\/span><\/div><div class=\"elementor-countdown-item\"><span class=\"elementor-countdown-digits elementor-countdown-minutes\"><\/span> <span class=\"elementor-countdown-label\">Minuten<\/span><\/div><div class=\"elementor-countdown-item\"><span class=\"elementor-countdown-digits elementor-countdown-seconds\"><\/span> <span class=\"elementor-countdown-label\">Sekunden<\/span><\/div>\t\t<\/div>\n\t\t\t\t\t\t<\/div>\n\t\t\t\t<\/div>\n\t\t\t\t<div class=\"elementor-element elementor-element-62ee3d4 elementor-widget elementor-widget-wd_compare_img\" data-id=\"62ee3d4\" data-element_type=\"widget\" data-widget_type=\"wd_compare_img.default\">\n\t\t\t\t<div class=\"elementor-widget-container\">\n\t\t\t\t\t\t\t<div class=\"wd-compare-img-wrapp text-center\">\n\t\t\t<div class=\"wd-compare-img\">\n\t\t\t\t\t\t\t\t<div class=\"wd-after-img\">\n\t\t\t\t\t<img fetchpriority=\"high\" decoding=\"async\" width=\"800\" height=\"600\" src=\"https:\/\/gastronova.eu\/wp-content\/uploads\/2026\/02\/IMG_6613.jpg\" class=\"attachment-full size-full\" alt=\"\" srcset=\"https:\/\/gastronova.eu\/wp-content\/uploads\/2026\/02\/IMG_6613.jpg 800w, https:\/\/gastronova.eu\/wp-content\/uploads\/2026\/02\/IMG_6613-400x300.jpg 400w, https:\/\/gastronova.eu\/wp-content\/uploads\/2026\/02\/IMG_6613-768x576.jpg 768w, https:\/\/gastronova.eu\/wp-content\/uploads\/2026\/02\/IMG_6613-430x323.jpg 430w, https:\/\/gastronova.eu\/wp-content\/uploads\/2026\/02\/IMG_6613-700x525.jpg 700w, https:\/\/gastronova.eu\/wp-content\/uploads\/2026\/02\/IMG_6613-150x113.jpg 150w\" sizes=\"(max-width: 800px) 100vw, 800px\">\t\t\t\t<\/div>\n\t\t\t\t\t\t\t<div class=\"wd-before-img\">\n\t\t\t\t\t<img decoding=\"async\" width=\"800\" height=\"600\" src=\"https:\/\/gastronova.eu\/wp-content\/uploads\/2026\/02\/IMG_6620.jpg\" class=\"attachment-full size-full\" alt=\"\" srcset=\"https:\/\/gastronova.eu\/wp-content\/uploads\/2026\/02\/IMG_6620.jpg 800w, https:\/\/gastronova.eu\/wp-content\/uploads\/2026\/02\/IMG_6620-400x300.jpg 400w, https:\/\/gastronova.eu\/wp-content\/uploads\/2026\/02\/IMG_6620-768x576.jpg 768w, https:\/\/gastronova.eu\/wp-content\/uploads\/2026\/02\/IMG_6620-430x323.jpg 430w, https:\/\/gastronova.eu\/wp-content\/uploads\/2026\/02\/IMG_6620-700x525.jpg 700w, https:\/\/gastronova.eu\/wp-content\/uploads\/2026\/02\/IMG_6620-150x113.jpg 150w\" sizes=\"(max-width: 800px) 100vw, 800px\">\t\t\t\t<\/div>\n\t\t\t\t\t\t\t<div class=\"wd-compare-img-handle\">\n\t\t\t\t\t<span><\/span>\n\t\t\t\t<\/div>\n\t\t\t<\/div>\n\t\t<\/div>\n\t\t\t\t\t\t<\/div>\n\t\t\t\t<\/div>\n\t\t\t\t\t<\/div>\n\t\t\t\t<\/div>\n\t\t\t\t<\/div>\n\t\t","protected":false},"excerpt":{"rendered":"<p>Der Rounder Compact ist ideal f\u00fcr alle, die einen m\u00f6glichst einfachen Einstieg in die Welt der mobilen Gastronomie suchen. Dank seiner leichten Glasfaserkonstruktion und einem Gesamtgewicht unter <b>750 kg<\/b> k\u00f6nnen Sie ihn auch mit einem normalen F\u00fchrerschein der Klasse <b>B<\/b> ziehen \u2013 ohne zus\u00e4tzliche Genehmigungen oder ein spezielles Fahrzeug. <\/p>\n<p>Das abgerundete Design zieht die Blicke auf sich und sorgt gleichzeitig f\u00fcr Aerodynamik und einfachere Handhabung. Dieses Modell ist ideal f\u00fcr <b>Eis, Kaffee, Getr\u00e4nke, Prosecco, Promotion-St\u00e4nde oder kleinere Streetfood-Projekte<\/b>, die h\u00e4ufig umziehen und auf kleineren Fl\u00e4chen arbeiten. <\/p>\n<p>Wenn Sie einen optisch ansprechenden, leichten und praktischen Anh\u00e4nger ohne Komplikationen suchen, ist der Rounder Compact eine ausgezeichnete Wahl.<\/p>\n","protected":false},"featured_media":40530,"comment_status":"open","ping_status":"closed","template":"","meta":[],"product_brand":[],"product_cat":[658,582],"product_tag":[],"class_list":{"0":"post-40040","1":"product","2":"type-product","3":"status-publish","4":"has-post-thumbnail","6":"product_cat-auf-lager-in-der-slowakei","7":"product_cat-vorratig","9":"first","10":"instock","11":"sold-individually","12":"shipping-taxable","13":"purchasable","14":"product-type-simple"},"_links":{"self":[{"href":"https:\/\/gastronova.eu\/de\/wp-json\/wp\/v2\/product\/40040","targetHints":{"allow":["GET"]}}],"collection":[{"href":"https:\/\/gastronova.eu\/de\/wp-json\/wp\/v2\/product"}],"about":[{"href":"https:\/\/gastronova.eu\/de\/wp-json\/wp\/v2\/types\/product"}],"replies":[{"embeddable":true,"href":"https:\/\/gastronova.eu\/de\/wp-json\/wp\/v2\/comments?post=40040"}],"version-history":[{"count":3,"href":"https:\/\/gastronova.eu\/de\/wp-json\/wp\/v2\/product\/40040\/revisions"}],"predecessor-version":[{"id":40432,"href":"https:\/\/gastronova.eu\/de\/wp-json\/wp\/v2\/product\/40040\/revisions\/40432"}],"wp:featuredmedia":[{"embeddable":true,"href":"https:\/\/gastronova.eu\/de\/wp-json\/wp\/v2\/media\/40530"}],"wp:attachment":[{"href":"https:\/\/gastronova.eu\/de\/wp-json\/wp\/v2\/media?parent=40040"}],"wp:term":[{"taxonomy":"product_brand","embeddable":true,"href":"https:\/\/gastronova.eu\/de\/wp-json\/wp\/v2\/product_brand?post=40040"},{"taxonomy":"product_cat","embeddable":true,"href":"https:\/\/gastronova.eu\/de\/wp-json\/wp\/v2\/product_cat?post=40040"},{"taxonomy":"product_tag","embeddable":true,"href":"https:\/\/gastronova.eu\/de\/wp-json\/wp\/v2\/product_tag?post=40040"}],"curies":[{"name":"wp","href":"https:\/\/api.w.org\/{rel}","templated":true}]}}