{"id":34912,"date":"2025-05-16T16:59:49","date_gmt":"2025-05-16T14:59:49","guid":{"rendered":"https:\/\/gastronova.eu\/modellek\/"},"modified":"2025-06-13T10:42:27","modified_gmt":"2025-06-13T08:42:27","slug":"modellek","status":"publish","type":"page","link":"https:\/\/gastronova.eu\/hu\/modellek\/","title":{"rendered":"Modellek"},"content":{"rendered":"\t\t<div data-elementor-type=\"wp-page\" data-elementor-id=\"34912\" class=\"elementor elementor-34912 elementor-28409\" data-elementor-post-type=\"page\">\n\t\t\t\t<div class=\"wd-negative-gap elementor-element elementor-element-85df528 e-flex e-con-boxed e-con e-parent\" data-id=\"85df528\" data-element_type=\"container\">\n\t\t\t\t\t<div class=\"e-con-inner\">\n\t\t\t\t<div class=\"elementor-element elementor-element-38192d3 elementor-widget elementor-widget-heading\" data-id=\"38192d3\" data-element_type=\"widget\" data-widget_type=\"heading.default\">\n\t\t\t\t<div class=\"elementor-widget-container\">\n\t\t\t\t\t<h2 class=\"elementor-heading-title elementor-size-default\">Modelljeink kateg\u00f3ri\u00e1i<\/h2>\t\t\t\t<\/div>\n\t\t\t\t<\/div>\n\t\t<div class=\"elementor-element elementor-element-7d1e098 e-con-full e-flex e-con e-child\" data-id=\"7d1e098\" data-element_type=\"container\">\n\t\t<div class=\"elementor-element elementor-element-b75997e e-con-full e-flex e-con e-child\" data-id=\"b75997e\" data-element_type=\"container\">\n\t\t\t\t<div class=\"elementor-element elementor-element-edb86a4 elementor-widget elementor-widget-image\" data-id=\"edb86a4\" data-element_type=\"widget\" data-widget_type=\"image.default\">\n\t\t\t\t<div class=\"elementor-widget-container\">\n\t\t\t\t\t\t\t\t\t\t\t\t\t\t\t\t<a href=\"https:\/\/gastronova.eu\/kategoria-produktu\/trucks\/airstream\/\">\n\t\t\t\t\t\t\t<img fetchpriority=\"high\" decoding=\"async\" width=\"796\" height=\"548\" src=\"https:\/\/gastronova.eu\/wp-content\/uploads\/2025\/05\/17-1.avif\" class=\"attachment-full size-full wp-image-33806\" alt=\"\" srcset=\"https:\/\/gastronova.eu\/wp-content\/uploads\/2025\/05\/17-1.avif 796w, https:\/\/gastronova.eu\/wp-content\/uploads\/2025\/05\/17-1-400x275.jpg 400w, https:\/\/gastronova.eu\/wp-content\/uploads\/2025\/05\/17-1-768x529.jpg 768w, https:\/\/gastronova.eu\/wp-content\/uploads\/2025\/05\/17-1-430x296.jpg 430w, https:\/\/gastronova.eu\/wp-content\/uploads\/2025\/05\/17-1-700x482.jpg 700w, https:\/\/gastronova.eu\/wp-content\/uploads\/2025\/05\/17-1-150x103.jpg 150w\" sizes=\"(max-width: 796px) 100vw, 796px\">\t\t\t\t\t\t\t\t<\/a>\n\t\t\t\t\t\t\t\t\t\t\t\t\t\t\t<\/div>\n\t\t\t\t<\/div>\n\t\t\t\t<div class=\"elementor-element elementor-element-e156e57 elementor-widget elementor-widget-heading\" data-id=\"e156e57\" data-element_type=\"widget\" data-widget_type=\"heading.default\">\n\t\t\t\t<div class=\"elementor-widget-container\">\n\t\t\t\t\t<h2 class=\"elementor-heading-title elementor-size-default\"><a href=\"https:\/\/gastronova.eu\/kategoria-produktu\/trucks\/airstream\/\">Airstream<\/a><\/h2>\t\t\t\t<\/div>\n\t\t\t\t<\/div>\n\t\t\t\t<\/div>\n\t\t<div class=\"elementor-element elementor-element-49e8ec8 e-con-full e-flex e-con e-child\" data-id=\"49e8ec8\" data-element_type=\"container\">\n\t\t\t\t<div class=\"elementor-element elementor-element-8bdebc4 elementor-widget elementor-widget-image\" data-id=\"8bdebc4\" data-element_type=\"widget\" data-widget_type=\"image.default\">\n\t\t\t\t<div class=\"elementor-widget-container\">\n\t\t\t\t\t\t\t\t\t\t\t\t\t\t\t\t<a href=\"https:\/\/gastronova.eu\/hu\/kategoria-produktu\/box-hu\/\">\n\t\t\t\t\t\t\t<img decoding=\"async\" width=\"800\" height=\"800\" src=\"https:\/\/gastronova.eu\/wp-content\/uploads\/2025\/05\/64f5a839fa2c259a1655c37de5aa098.jpg\" class=\"attachment-full size-full wp-image-33738\" alt=\"\" srcset=\"https:\/\/gastronova.eu\/wp-content\/uploads\/2025\/05\/64f5a839fa2c259a1655c37de5aa098.jpg 800w, https:\/\/gastronova.eu\/wp-content\/uploads\/2025\/05\/64f5a839fa2c259a1655c37de5aa098-300x300.jpg 300w, https:\/\/gastronova.eu\/wp-content\/uploads\/2025\/05\/64f5a839fa2c259a1655c37de5aa098-150x150.jpg 150w, https:\/\/gastronova.eu\/wp-content\/uploads\/2025\/05\/64f5a839fa2c259a1655c37de5aa098-768x768.jpg 768w, https:\/\/gastronova.eu\/wp-content\/uploads\/2025\/05\/64f5a839fa2c259a1655c37de5aa098-430x430.jpg 430w, https:\/\/gastronova.eu\/wp-content\/uploads\/2025\/05\/64f5a839fa2c259a1655c37de5aa098-700x700.jpg 700w\" sizes=\"(max-width: 800px) 100vw, 800px\">\t\t\t\t\t\t\t\t<\/a>\n\t\t\t\t\t\t\t\t\t\t\t\t\t\t\t<\/div>\n\t\t\t\t<\/div>\n\t\t\t\t<div class=\"elementor-element elementor-element-5d3d1f3 elementor-widget elementor-widget-heading\" data-id=\"5d3d1f3\" data-element_type=\"widget\" data-widget_type=\"heading.default\">\n\t\t\t\t<div class=\"elementor-widget-container\">\n\t\t\t\t\t<h2 class=\"elementor-heading-title elementor-size-default\"><a href=\"https:\/\/gastronova.eu\/hu\/kategoria-produktu\/box-hu\/\">Box<\/a><\/h2>\t\t\t\t<\/div>\n\t\t\t\t<\/div>\n\t\t\t\t<\/div>\n\t\t<div class=\"elementor-element elementor-element-7b47e35 e-con-full e-flex e-con e-child\" data-id=\"7b47e35\" data-element_type=\"container\">\n\t\t\t\t<div class=\"elementor-element elementor-element-a8b8071 elementor-widget elementor-widget-image\" data-id=\"a8b8071\" data-element_type=\"widget\" data-widget_type=\"image.default\">\n\t\t\t\t<div class=\"elementor-widget-container\">\n\t\t\t\t\t\t\t\t\t\t\t\t\t\t\t\t<a href=\"https:\/\/gastronova.eu\/hu\/kategoria-produktu\/rounder-hu\/\">\n\t\t\t\t\t\t\t<img decoding=\"async\" width=\"800\" height=\"800\" src=\"https:\/\/gastronova.eu\/wp-content\/uploads\/2025\/05\/24.jpg\" class=\"attachment-full size-full wp-image-33750\" alt=\"\" srcset=\"https:\/\/gastronova.eu\/wp-content\/uploads\/2025\/05\/24.jpg 800w, https:\/\/gastronova.eu\/wp-content\/uploads\/2025\/05\/24-300x300.jpg 300w, https:\/\/gastronova.eu\/wp-content\/uploads\/2025\/05\/24-150x150.jpg 150w, https:\/\/gastronova.eu\/wp-content\/uploads\/2025\/05\/24-768x768.jpg 768w, https:\/\/gastronova.eu\/wp-content\/uploads\/2025\/05\/24-430x430.jpg 430w, https:\/\/gastronova.eu\/wp-content\/uploads\/2025\/05\/24-700x700.jpg 700w\" sizes=\"(max-width: 800px) 100vw, 800px\">\t\t\t\t\t\t\t\t<\/a>\n\t\t\t\t\t\t\t\t\t\t\t\t\t\t\t<\/div>\n\t\t\t\t<\/div>\n\t\t\t\t<div class=\"elementor-element elementor-element-80382aa elementor-widget elementor-widget-heading\" data-id=\"80382aa\" data-element_type=\"widget\" data-widget_type=\"heading.default\">\n\t\t\t\t<div class=\"elementor-widget-container\">\n\t\t\t\t\t<h2 class=\"elementor-heading-title elementor-size-default\"><a href=\"https:\/\/gastronova.eu\/hu\/kategoria-produktu\/rounder-hu\/\">Rounder<\/a><\/h2>\t\t\t\t<\/div>\n\t\t\t\t<\/div>\n\t\t\t\t<\/div>\n\t\t<div class=\"elementor-element elementor-element-9b10056 e-con-full e-flex e-con e-child\" data-id=\"9b10056\" data-element_type=\"container\">\n\t\t\t\t<div class=\"elementor-element elementor-element-ffefe5c elementor-widget elementor-widget-image\" data-id=\"ffefe5c\" data-element_type=\"widget\" data-widget_type=\"image.default\">\n\t\t\t\t<div class=\"elementor-widget-container\">\n\t\t\t\t\t\t\t\t\t\t\t\t\t\t\t\t<a href=\"https:\/\/gastronova.eu\/hu\/kategoria-produktu\/keszleten\">\n\t\t\t\t\t\t\t<img loading=\"lazy\" decoding=\"async\" width=\"800\" height=\"800\" src=\"https:\/\/gastronova.eu\/wp-content\/uploads\/2025\/05\/skladom_svg.svg\" class=\"attachment-full size-full wp-image-34022\" alt=\"\">\t\t\t\t\t\t\t\t<\/a>\n\t\t\t\t\t\t\t\t\t\t\t\t\t\t\t<\/div>\n\t\t\t\t<\/div>\n\t\t\t\t<div class=\"elementor-element elementor-element-1bf06ef elementor-widget elementor-widget-heading\" data-id=\"1bf06ef\" data-element_type=\"widget\" data-widget_type=\"heading.default\">\n\t\t\t\t<div class=\"elementor-widget-container\">\n\t\t\t\t\t<h2 class=\"elementor-heading-title elementor-size-default\"><a href=\"https:\/\/gastronova.eu\/kategoria-produktu\/skladom\/\">K\u00e9szleten<\/a><\/h2>\t\t\t\t<\/div>\n\t\t\t\t<\/div>\n\t\t\t\t<\/div>\n\t\t\t\t<\/div>\n\t\t\t\t\t<\/div>\n\t\t\t\t<\/div>\n\t\t\t\t<\/div>\n\t\t","protected":false},"excerpt":{"rendered":"<p>Modelljeink kateg\u00f3ri\u00e1i Airstream Box Rounder K\u00e9szleten<\/p>\n","protected":false},"author":1,"featured_media":0,"parent":0,"menu_order":0,"comment_status":"closed","ping_status":"closed","template":"","meta":{"footnotes":""},"class_list":["post-34912","page","type-page","status-publish","hentry"],"_links":{"self":[{"href":"https:\/\/gastronova.eu\/hu\/wp-json\/wp\/v2\/pages\/34912","targetHints":{"allow":["GET"]}}],"collection":[{"href":"https:\/\/gastronova.eu\/hu\/wp-json\/wp\/v2\/pages"}],"about":[{"href":"https:\/\/gastronova.eu\/hu\/wp-json\/wp\/v2\/types\/page"}],"author":[{"embeddable":true,"href":"https:\/\/gastronova.eu\/hu\/wp-json\/wp\/v2\/users\/1"}],"replies":[{"embeddable":true,"href":"https:\/\/gastronova.eu\/hu\/wp-json\/wp\/v2\/comments?post=34912"}],"version-history":[{"count":8,"href":"https:\/\/gastronova.eu\/hu\/wp-json\/wp\/v2\/pages\/34912\/revisions"}],"predecessor-version":[{"id":36378,"href":"https:\/\/gastronova.eu\/hu\/wp-json\/wp\/v2\/pages\/34912\/revisions\/36378"}],"wp:attachment":[{"href":"https:\/\/gastronova.eu\/hu\/wp-json\/wp\/v2\/media?parent=34912"}],"curies":[{"name":"wp","href":"https:\/\/api.w.org\/{rel}","templated":true}]}}