{"id":34299,"date":"2025-05-26T12:06:33","date_gmt":"2025-05-26T10:06:33","guid":{"rendered":"https:\/\/gastronova.eu\/produkt\/el-parolt-zsemle\/"},"modified":"2025-05-26T12:06:33","modified_gmt":"2025-05-26T10:06:33","slug":"el-parolt-zsemle","status":"publish","type":"product","link":"https:\/\/gastronova.eu\/hu\/produkt\/el-parolt-zsemle\/","title":{"rendered":"EL. p\u00e1rolt zsemle"},"content":{"rendered":"<p>M\u00e9ret: 420 x 480 x 810 mm<\/p>\n<p>S\u00faly: 20 kg<\/p>\n<p>Teljes\u00edtm\u00e9ny: 1,1 kW<\/p>\n","protected":false},"excerpt":{"rendered":"<p>M\u00e9ret: 420 x 480 x 810 mm S\u00faly: 20 kg Teljes\u00edtm\u00e9ny: 1,1 kW<\/p>\n","protected":false},"featured_media":29657,"comment_status":"open","ping_status":"closed","template":"","meta":[],"product_brand":[],"product_cat":[228],"product_tag":[],"class_list":{"0":"post-34299","1":"product","2":"type-product","3":"status-publish","4":"has-post-thumbnail","6":"product_cat-elektromos-etelmelegitok","8":"first","9":"instock","10":"sold-individually","11":"shipping-taxable","12":"purchasable","13":"product-type-simple"},"_links":{"self":[{"href":"https:\/\/gastronova.eu\/hu\/wp-json\/wp\/v2\/product\/34299","targetHints":{"allow":["GET"]}}],"collection":[{"href":"https:\/\/gastronova.eu\/hu\/wp-json\/wp\/v2\/product"}],"about":[{"href":"https:\/\/gastronova.eu\/hu\/wp-json\/wp\/v2\/types\/product"}],"replies":[{"embeddable":true,"href":"https:\/\/gastronova.eu\/hu\/wp-json\/wp\/v2\/comments?post=34299"}],"version-history":[{"count":0,"href":"https:\/\/gastronova.eu\/hu\/wp-json\/wp\/v2\/product\/34299\/revisions"}],"wp:featuredmedia":[{"embeddable":true,"href":"https:\/\/gastronova.eu\/hu\/wp-json\/wp\/v2\/media\/29657"}],"wp:attachment":[{"href":"https:\/\/gastronova.eu\/hu\/wp-json\/wp\/v2\/media?parent=34299"}],"wp:term":[{"taxonomy":"product_brand","embeddable":true,"href":"https:\/\/gastronova.eu\/hu\/wp-json\/wp\/v2\/product_brand?post=34299"},{"taxonomy":"product_cat","embeddable":true,"href":"https:\/\/gastronova.eu\/hu\/wp-json\/wp\/v2\/product_cat?post=34299"},{"taxonomy":"product_tag","embeddable":true,"href":"https:\/\/gastronova.eu\/hu\/wp-json\/wp\/v2\/product_tag?post=34299"}],"curies":[{"name":"wp","href":"https:\/\/api.w.org\/{rel}","templated":true}]}}