{"id":34301,"date":"2025-05-26T12:12:51","date_gmt":"2025-05-26T10:12:51","guid":{"rendered":"https:\/\/gastronova.eu\/produkt\/el-panini-grill-370\/"},"modified":"2025-05-26T12:12:51","modified_gmt":"2025-05-26T10:12:51","slug":"el-panini-grill-370","status":"publish","type":"product","link":"https:\/\/gastronova.eu\/hu\/produkt\/el-panini-grill-370\/","title":{"rendered":"EL. panini grill 370"},"content":{"rendered":"<p>M\u00e9ret: 370 x 370 x 210 mm<\/p>\n<p>Lemez m\u00e9rete: 212 x 212 mm<\/p>\n<p>Teljes\u00edtm\u00e9ny: 1,8 kW<\/p>\n<p>S\u00faly: 12,3 kg<\/p>\n","protected":false},"excerpt":{"rendered":"<p>M\u00e9ret: 370 x 370 x 210 mm Lemez m\u00e9rete: 212 x 212 mm Teljes\u00edtm\u00e9ny: 1,8 kW S\u00faly: 12,3 kg<\/p>\n","protected":false},"featured_media":29677,"comment_status":"open","ping_status":"closed","template":"","meta":[],"product_brand":[],"product_cat":[229],"product_tag":[],"class_list":{"0":"post-34301","1":"product","2":"type-product","3":"status-publish","4":"has-post-thumbnail","6":"product_cat-el-panini-pancake-gofrisutogepek","8":"first","9":"instock","10":"sold-individually","11":"shipping-taxable","12":"purchasable","13":"product-type-simple"},"_links":{"self":[{"href":"https:\/\/gastronova.eu\/hu\/wp-json\/wp\/v2\/product\/34301","targetHints":{"allow":["GET"]}}],"collection":[{"href":"https:\/\/gastronova.eu\/hu\/wp-json\/wp\/v2\/product"}],"about":[{"href":"https:\/\/gastronova.eu\/hu\/wp-json\/wp\/v2\/types\/product"}],"replies":[{"embeddable":true,"href":"https:\/\/gastronova.eu\/hu\/wp-json\/wp\/v2\/comments?post=34301"}],"version-history":[{"count":0,"href":"https:\/\/gastronova.eu\/hu\/wp-json\/wp\/v2\/product\/34301\/revisions"}],"wp:featuredmedia":[{"embeddable":true,"href":"https:\/\/gastronova.eu\/hu\/wp-json\/wp\/v2\/media\/29677"}],"wp:attachment":[{"href":"https:\/\/gastronova.eu\/hu\/wp-json\/wp\/v2\/media?parent=34301"}],"wp:term":[{"taxonomy":"product_brand","embeddable":true,"href":"https:\/\/gastronova.eu\/hu\/wp-json\/wp\/v2\/product_brand?post=34301"},{"taxonomy":"product_cat","embeddable":true,"href":"https:\/\/gastronova.eu\/hu\/wp-json\/wp\/v2\/product_cat?post=34301"},{"taxonomy":"product_tag","embeddable":true,"href":"https:\/\/gastronova.eu\/hu\/wp-json\/wp\/v2\/product_tag?post=34301"}],"curies":[{"name":"wp","href":"https:\/\/api.w.org\/{rel}","templated":true}]}}