{"id":34349,"date":"2025-05-26T10:45:30","date_gmt":"2025-05-26T08:45:30","guid":{"rendered":"https:\/\/gastronova.eu\/produkt\/el-kebab-grill-950\/"},"modified":"2025-05-26T10:45:30","modified_gmt":"2025-05-26T08:45:30","slug":"el-kebab-grill-950","status":"publish","type":"product","link":"https:\/\/gastronova.eu\/hu\/produkt\/el-kebab-grill-950\/","title":{"rendered":"EL. kebab grill 950"},"content":{"rendered":"<p>M\u00e9ret: 560 x 630 x 950 mm<\/p>\n<p>S\u00faly: 25,7 kg<\/p>\n<p>Teljes\u00edtm\u00e9ny: 8,1 kW<\/p>\n","protected":false},"excerpt":{"rendered":"<p>M\u00e9ret: 560 x 630 x 950 mm S\u00faly: 25,7 kg Teljes\u00edtm\u00e9ny: 8,1 kW<\/p>\n","protected":false},"featured_media":29604,"comment_status":"open","ping_status":"closed","template":"","meta":[],"product_brand":[],"product_cat":[237],"product_tag":[],"class_list":{"0":"post-34349","1":"product","2":"type-product","3":"status-publish","4":"has-post-thumbnail","6":"product_cat-elektromos-fuggoleges-grillek","8":"first","9":"instock","10":"sold-individually","11":"shipping-taxable","12":"purchasable","13":"product-type-simple"},"_links":{"self":[{"href":"https:\/\/gastronova.eu\/hu\/wp-json\/wp\/v2\/product\/34349","targetHints":{"allow":["GET"]}}],"collection":[{"href":"https:\/\/gastronova.eu\/hu\/wp-json\/wp\/v2\/product"}],"about":[{"href":"https:\/\/gastronova.eu\/hu\/wp-json\/wp\/v2\/types\/product"}],"replies":[{"embeddable":true,"href":"https:\/\/gastronova.eu\/hu\/wp-json\/wp\/v2\/comments?post=34349"}],"version-history":[{"count":0,"href":"https:\/\/gastronova.eu\/hu\/wp-json\/wp\/v2\/product\/34349\/revisions"}],"wp:featuredmedia":[{"embeddable":true,"href":"https:\/\/gastronova.eu\/hu\/wp-json\/wp\/v2\/media\/29604"}],"wp:attachment":[{"href":"https:\/\/gastronova.eu\/hu\/wp-json\/wp\/v2\/media?parent=34349"}],"wp:term":[{"taxonomy":"product_brand","embeddable":true,"href":"https:\/\/gastronova.eu\/hu\/wp-json\/wp\/v2\/product_brand?post=34349"},{"taxonomy":"product_cat","embeddable":true,"href":"https:\/\/gastronova.eu\/hu\/wp-json\/wp\/v2\/product_cat?post=34349"},{"taxonomy":"product_tag","embeddable":true,"href":"https:\/\/gastronova.eu\/hu\/wp-json\/wp\/v2\/product_tag?post=34349"}],"curies":[{"name":"wp","href":"https:\/\/api.w.org\/{rel}","templated":true}]}}