{"id":34350,"date":"2025-05-26T10:57:32","date_gmt":"2025-05-26T08:57:32","guid":{"rendered":"https:\/\/gastronova.eu\/produkt\/el-bbq-grill-580\/"},"modified":"2025-05-26T10:57:32","modified_gmt":"2025-05-26T08:57:32","slug":"el-bbq-grill-580","status":"publish","type":"product","link":"https:\/\/gastronova.eu\/hu\/produkt\/el-bbq-grill-580\/","title":{"rendered":"EL. BBQ grill 580"},"content":{"rendered":"<p>M\u00e9ret: 580 x 385 x 240 mm<\/p>\n<p>S\u00faly: 6,18 kg<\/p>\n<p>Teljes\u00edtm\u00e9ny: 2,6 kW<\/p>\n","protected":false},"excerpt":{"rendered":"<p>M\u00e9ret: 580 x 385 x 240 mm S\u00faly: 6,18 kg Teljes\u00edtm\u00e9ny: 2,6 kW<\/p>\n","protected":false},"featured_media":29613,"comment_status":"open","ping_status":"closed","template":"","meta":[],"product_brand":[],"product_cat":[237],"product_tag":[],"class_list":{"0":"post-34350","1":"product","2":"type-product","3":"status-publish","4":"has-post-thumbnail","6":"product_cat-elektromos-fuggoleges-grillek","8":"first","9":"instock","10":"sold-individually","11":"shipping-taxable","12":"purchasable","13":"product-type-simple"},"_links":{"self":[{"href":"https:\/\/gastronova.eu\/hu\/wp-json\/wp\/v2\/product\/34350","targetHints":{"allow":["GET"]}}],"collection":[{"href":"https:\/\/gastronova.eu\/hu\/wp-json\/wp\/v2\/product"}],"about":[{"href":"https:\/\/gastronova.eu\/hu\/wp-json\/wp\/v2\/types\/product"}],"replies":[{"embeddable":true,"href":"https:\/\/gastronova.eu\/hu\/wp-json\/wp\/v2\/comments?post=34350"}],"version-history":[{"count":0,"href":"https:\/\/gastronova.eu\/hu\/wp-json\/wp\/v2\/product\/34350\/revisions"}],"wp:featuredmedia":[{"embeddable":true,"href":"https:\/\/gastronova.eu\/hu\/wp-json\/wp\/v2\/media\/29613"}],"wp:attachment":[{"href":"https:\/\/gastronova.eu\/hu\/wp-json\/wp\/v2\/media?parent=34350"}],"wp:term":[{"taxonomy":"product_brand","embeddable":true,"href":"https:\/\/gastronova.eu\/hu\/wp-json\/wp\/v2\/product_brand?post=34350"},{"taxonomy":"product_cat","embeddable":true,"href":"https:\/\/gastronova.eu\/hu\/wp-json\/wp\/v2\/product_cat?post=34350"},{"taxonomy":"product_tag","embeddable":true,"href":"https:\/\/gastronova.eu\/hu\/wp-json\/wp\/v2\/product_tag?post=34350"}],"curies":[{"name":"wp","href":"https:\/\/api.w.org\/{rel}","templated":true}]}}