{"id":34362,"date":"2025-05-26T10:43:30","date_gmt":"2025-05-26T08:43:30","guid":{"rendered":"https:\/\/gastronova.eu\/produkt\/el-grill-csirkehez-1560\/"},"modified":"2025-05-26T10:43:30","modified_gmt":"2025-05-26T08:43:30","slug":"el-grill-csirkehez-1560","status":"publish","type":"product","link":"https:\/\/gastronova.eu\/hu\/produkt\/el-grill-csirkehez-1560\/","title":{"rendered":"EL. grill csirk\u00e9hez 1560"},"content":{"rendered":"<p>M\u00e9ret: 670 x 610 x 1560 mm<\/p>\n<p>S\u00faly: 84 kg<\/p>\n<p>Teljes\u00edtm\u00e9ny: 7,3 kW<\/p>\n","protected":false},"excerpt":{"rendered":"<p>M\u00e9ret: 670 x 610 x 1560 mm S\u00faly: 84 kg Teljes\u00edtm\u00e9ny: 7,3 kW<\/p>\n","protected":false},"featured_media":29601,"comment_status":"open","ping_status":"closed","template":"","meta":[],"product_brand":[],"product_cat":[237],"product_tag":[],"class_list":{"0":"post-34362","1":"product","2":"type-product","3":"status-publish","4":"has-post-thumbnail","6":"product_cat-elektromos-fuggoleges-grillek","8":"first","9":"instock","10":"sold-individually","11":"shipping-taxable","12":"purchasable","13":"product-type-simple"},"_links":{"self":[{"href":"https:\/\/gastronova.eu\/hu\/wp-json\/wp\/v2\/product\/34362","targetHints":{"allow":["GET"]}}],"collection":[{"href":"https:\/\/gastronova.eu\/hu\/wp-json\/wp\/v2\/product"}],"about":[{"href":"https:\/\/gastronova.eu\/hu\/wp-json\/wp\/v2\/types\/product"}],"replies":[{"embeddable":true,"href":"https:\/\/gastronova.eu\/hu\/wp-json\/wp\/v2\/comments?post=34362"}],"version-history":[{"count":0,"href":"https:\/\/gastronova.eu\/hu\/wp-json\/wp\/v2\/product\/34362\/revisions"}],"wp:featuredmedia":[{"embeddable":true,"href":"https:\/\/gastronova.eu\/hu\/wp-json\/wp\/v2\/media\/29601"}],"wp:attachment":[{"href":"https:\/\/gastronova.eu\/hu\/wp-json\/wp\/v2\/media?parent=34362"}],"wp:term":[{"taxonomy":"product_brand","embeddable":true,"href":"https:\/\/gastronova.eu\/hu\/wp-json\/wp\/v2\/product_brand?post=34362"},{"taxonomy":"product_cat","embeddable":true,"href":"https:\/\/gastronova.eu\/hu\/wp-json\/wp\/v2\/product_cat?post=34362"},{"taxonomy":"product_tag","embeddable":true,"href":"https:\/\/gastronova.eu\/hu\/wp-json\/wp\/v2\/product_tag?post=34362"}],"curies":[{"name":"wp","href":"https:\/\/api.w.org\/{rel}","templated":true}]}}