{"id":34395,"date":"2025-05-26T10:19:33","date_gmt":"2025-05-26T08:19:33","guid":{"rendered":"https:\/\/gastronova.eu\/produkt\/gazgrill-csirkehez-610\/"},"modified":"2025-05-26T10:19:33","modified_gmt":"2025-05-26T08:19:33","slug":"gazgrill-csirkehez-610","status":"publish","type":"product","link":"https:\/\/gastronova.eu\/hu\/produkt\/gazgrill-csirkehez-610\/","title":{"rendered":"G\u00e1zgrill csirk\u00e9hez 610"},"content":{"rendered":"<p>M\u00e9ret: 810 x 630 x 610 mm<\/p>\n<p>S\u00faly: 63 kg<\/p>\n","protected":false},"excerpt":{"rendered":"<p>M\u00e9ret: 810 x 630 x 610 mm S\u00faly: 63 kg<\/p>\n","protected":false},"featured_media":29568,"comment_status":"open","ping_status":"closed","template":"","meta":[],"product_brand":[],"product_cat":[241],"product_tag":[],"class_list":{"0":"post-34395","1":"product","2":"type-product","3":"status-publish","4":"has-post-thumbnail","6":"product_cat-fuggoleges-gazgrillek","8":"first","9":"instock","10":"sold-individually","11":"shipping-taxable","12":"purchasable","13":"product-type-simple"},"_links":{"self":[{"href":"https:\/\/gastronova.eu\/hu\/wp-json\/wp\/v2\/product\/34395","targetHints":{"allow":["GET"]}}],"collection":[{"href":"https:\/\/gastronova.eu\/hu\/wp-json\/wp\/v2\/product"}],"about":[{"href":"https:\/\/gastronova.eu\/hu\/wp-json\/wp\/v2\/types\/product"}],"replies":[{"embeddable":true,"href":"https:\/\/gastronova.eu\/hu\/wp-json\/wp\/v2\/comments?post=34395"}],"version-history":[{"count":0,"href":"https:\/\/gastronova.eu\/hu\/wp-json\/wp\/v2\/product\/34395\/revisions"}],"wp:featuredmedia":[{"embeddable":true,"href":"https:\/\/gastronova.eu\/hu\/wp-json\/wp\/v2\/media\/29568"}],"wp:attachment":[{"href":"https:\/\/gastronova.eu\/hu\/wp-json\/wp\/v2\/media?parent=34395"}],"wp:term":[{"taxonomy":"product_brand","embeddable":true,"href":"https:\/\/gastronova.eu\/hu\/wp-json\/wp\/v2\/product_brand?post=34395"},{"taxonomy":"product_cat","embeddable":true,"href":"https:\/\/gastronova.eu\/hu\/wp-json\/wp\/v2\/product_cat?post=34395"},{"taxonomy":"product_tag","embeddable":true,"href":"https:\/\/gastronova.eu\/hu\/wp-json\/wp\/v2\/product_tag?post=34395"}],"curies":[{"name":"wp","href":"https:\/\/api.w.org\/{rel}","templated":true}]}}