{"id":34430,"date":"2025-05-23T13:24:17","date_gmt":"2025-05-23T11:24:17","guid":{"rendered":"https:\/\/gastronova.eu\/produkt\/eletcric-pizzasuto-dupla\/"},"modified":"2025-05-23T13:24:17","modified_gmt":"2025-05-23T11:24:17","slug":"eletcric-pizzasuto-dupla","status":"publish","type":"product","link":"https:\/\/gastronova.eu\/hu\/produkt\/eletcric-pizzasuto-dupla\/","title":{"rendered":"Eletcric pizzas\u00fct\u0151 dupla"},"content":{"rendered":"<p>M\u00e9ret: 560 x 535 x 450 mm<\/p>\n<p>Teljes\u00edtm\u00e9ny: 3 kW<\/p>\n<p>S\u00faly: 29 kg<\/p>\n<p>&nbsp;<\/p>\n","protected":false},"excerpt":{"rendered":"<p>M\u00e9ret: 560 x 535 x 450 mm Teljes\u00edtm\u00e9ny: 3 kW S\u00faly: 29 kg &nbsp;<\/p>\n","protected":false},"featured_media":29481,"comment_status":"open","ping_status":"closed","template":"","meta":[],"product_brand":[],"product_cat":[247],"product_tag":[],"class_list":{"0":"post-34430","1":"product","2":"type-product","3":"status-publish","4":"has-post-thumbnail","6":"product_cat-elektromos-pizzasutok","8":"first","9":"instock","10":"sold-individually","11":"shipping-taxable","12":"purchasable","13":"product-type-simple"},"_links":{"self":[{"href":"https:\/\/gastronova.eu\/hu\/wp-json\/wp\/v2\/product\/34430","targetHints":{"allow":["GET"]}}],"collection":[{"href":"https:\/\/gastronova.eu\/hu\/wp-json\/wp\/v2\/product"}],"about":[{"href":"https:\/\/gastronova.eu\/hu\/wp-json\/wp\/v2\/types\/product"}],"replies":[{"embeddable":true,"href":"https:\/\/gastronova.eu\/hu\/wp-json\/wp\/v2\/comments?post=34430"}],"version-history":[{"count":0,"href":"https:\/\/gastronova.eu\/hu\/wp-json\/wp\/v2\/product\/34430\/revisions"}],"wp:featuredmedia":[{"embeddable":true,"href":"https:\/\/gastronova.eu\/hu\/wp-json\/wp\/v2\/media\/29481"}],"wp:attachment":[{"href":"https:\/\/gastronova.eu\/hu\/wp-json\/wp\/v2\/media?parent=34430"}],"wp:term":[{"taxonomy":"product_brand","embeddable":true,"href":"https:\/\/gastronova.eu\/hu\/wp-json\/wp\/v2\/product_brand?post=34430"},{"taxonomy":"product_cat","embeddable":true,"href":"https:\/\/gastronova.eu\/hu\/wp-json\/wp\/v2\/product_cat?post=34430"},{"taxonomy":"product_tag","embeddable":true,"href":"https:\/\/gastronova.eu\/hu\/wp-json\/wp\/v2\/product_tag?post=34430"}],"curies":[{"name":"wp","href":"https:\/\/api.w.org\/{rel}","templated":true}]}}