{"id":34439,"date":"2025-05-23T12:39:05","date_gmt":"2025-05-23T10:39:05","guid":{"rendered":"https:\/\/gastronova.eu\/produkt\/st-elektromos-grill-730\/"},"modified":"2025-05-23T12:39:05","modified_gmt":"2025-05-23T10:39:05","slug":"st-elektromos-grill-730","status":"publish","type":"product","link":"https:\/\/gastronova.eu\/hu\/produkt\/st-elektromos-grill-730\/","title":{"rendered":"ST. Elektromos grill 730"},"content":{"rendered":"<p>M\u00e9ret: 730 x 550 x 230 mm<\/p>\n<p>Lemez: 727 x 400 x 8 mm<\/p>\n<p>S\u00faly: 25 kg<\/p>\n<p>Teljes\u00edtm\u00e9ny: 4,4 kW<\/p>\n","protected":false},"excerpt":{"rendered":"<p>M\u00e9ret: 730 x 550 x 230 mm Lemez: 727 x 400 x 8 mm S\u00faly: 25 kg Teljes\u00edtm\u00e9ny: 4,4 kW<\/p>\n","protected":false},"featured_media":29463,"comment_status":"open","ping_status":"closed","template":"","meta":[],"product_brand":[],"product_cat":[251],"product_tag":[],"class_list":{"0":"post-34439","1":"product","2":"type-product","3":"status-publish","4":"has-post-thumbnail","6":"product_cat-elektromos-grillek","8":"first","9":"instock","10":"sold-individually","11":"shipping-taxable","12":"purchasable","13":"product-type-simple"},"_links":{"self":[{"href":"https:\/\/gastronova.eu\/hu\/wp-json\/wp\/v2\/product\/34439","targetHints":{"allow":["GET"]}}],"collection":[{"href":"https:\/\/gastronova.eu\/hu\/wp-json\/wp\/v2\/product"}],"about":[{"href":"https:\/\/gastronova.eu\/hu\/wp-json\/wp\/v2\/types\/product"}],"replies":[{"embeddable":true,"href":"https:\/\/gastronova.eu\/hu\/wp-json\/wp\/v2\/comments?post=34439"}],"version-history":[{"count":0,"href":"https:\/\/gastronova.eu\/hu\/wp-json\/wp\/v2\/product\/34439\/revisions"}],"wp:featuredmedia":[{"embeddable":true,"href":"https:\/\/gastronova.eu\/hu\/wp-json\/wp\/v2\/media\/29463"}],"wp:attachment":[{"href":"https:\/\/gastronova.eu\/hu\/wp-json\/wp\/v2\/media?parent=34439"}],"wp:term":[{"taxonomy":"product_brand","embeddable":true,"href":"https:\/\/gastronova.eu\/hu\/wp-json\/wp\/v2\/product_brand?post=34439"},{"taxonomy":"product_cat","embeddable":true,"href":"https:\/\/gastronova.eu\/hu\/wp-json\/wp\/v2\/product_cat?post=34439"},{"taxonomy":"product_tag","embeddable":true,"href":"https:\/\/gastronova.eu\/hu\/wp-json\/wp\/v2\/product_tag?post=34439"}],"curies":[{"name":"wp","href":"https:\/\/api.w.org\/{rel}","templated":true}]}}