{"id":34443,"date":"2025-05-23T12:37:20","date_gmt":"2025-05-23T10:37:20","guid":{"rendered":"https:\/\/gastronova.eu\/produkt\/st-elektromos-grill-550\/"},"modified":"2025-05-23T12:37:20","modified_gmt":"2025-05-23T10:37:20","slug":"st-elektromos-grill-550","status":"publish","type":"product","link":"https:\/\/gastronova.eu\/hu\/produkt\/st-elektromos-grill-550\/","title":{"rendered":"ST. Elektromos grill 550"},"content":{"rendered":"<p>M\u00e9ret: 550 x 450 x 230 mm<\/p>\n<p>Lemez: 548 x 350 x 8 mm<\/p>\n<p>S\u00faly: 17 kg<\/p>\n<p>Teljes\u00edtm\u00e9ny: 3 kW<\/p>\n","protected":false},"excerpt":{"rendered":"<p>M\u00e9ret: 550 x 450 x 230 mm Lemez: 548 x 350 x 8 mm S\u00faly: 17 kg Teljes\u00edtm\u00e9ny: 3 kW<\/p>\n","protected":false},"featured_media":29460,"comment_status":"open","ping_status":"closed","template":"","meta":[],"product_brand":[],"product_cat":[251],"product_tag":[],"class_list":{"0":"post-34443","1":"product","2":"type-product","3":"status-publish","4":"has-post-thumbnail","6":"product_cat-elektromos-grillek","8":"first","9":"instock","10":"sold-individually","11":"shipping-taxable","12":"purchasable","13":"product-type-simple"},"_links":{"self":[{"href":"https:\/\/gastronova.eu\/hu\/wp-json\/wp\/v2\/product\/34443","targetHints":{"allow":["GET"]}}],"collection":[{"href":"https:\/\/gastronova.eu\/hu\/wp-json\/wp\/v2\/product"}],"about":[{"href":"https:\/\/gastronova.eu\/hu\/wp-json\/wp\/v2\/types\/product"}],"replies":[{"embeddable":true,"href":"https:\/\/gastronova.eu\/hu\/wp-json\/wp\/v2\/comments?post=34443"}],"version-history":[{"count":0,"href":"https:\/\/gastronova.eu\/hu\/wp-json\/wp\/v2\/product\/34443\/revisions"}],"wp:featuredmedia":[{"embeddable":true,"href":"https:\/\/gastronova.eu\/hu\/wp-json\/wp\/v2\/media\/29460"}],"wp:attachment":[{"href":"https:\/\/gastronova.eu\/hu\/wp-json\/wp\/v2\/media?parent=34443"}],"wp:term":[{"taxonomy":"product_brand","embeddable":true,"href":"https:\/\/gastronova.eu\/hu\/wp-json\/wp\/v2\/product_brand?post=34443"},{"taxonomy":"product_cat","embeddable":true,"href":"https:\/\/gastronova.eu\/hu\/wp-json\/wp\/v2\/product_cat?post=34443"},{"taxonomy":"product_tag","embeddable":true,"href":"https:\/\/gastronova.eu\/hu\/wp-json\/wp\/v2\/product_tag?post=34443"}],"curies":[{"name":"wp","href":"https:\/\/api.w.org\/{rel}","templated":true}]}}