{"id":34458,"date":"2025-05-23T12:24:34","date_gmt":"2025-05-23T10:24:34","guid":{"rendered":"https:\/\/gastronova.eu\/produkt\/st-elektromos-grill-600\/"},"modified":"2025-05-23T12:24:34","modified_gmt":"2025-05-23T10:24:34","slug":"st-elektromos-grill-600","status":"publish","type":"product","link":"https:\/\/gastronova.eu\/hu\/produkt\/st-elektromos-grill-600\/","title":{"rendered":"ST. Elektromos grill 600"},"content":{"rendered":"<p>M\u00e9ret: 600 x 650 x 480 mm<\/p>\n<p>Lemez: 598 x 500 x 16 mm<\/p>\n<p>S\u00faly: 51 kg<\/p>\n<p>Teljes\u00edtm\u00e9ny: 5,4 kW<\/p>\n","protected":false},"excerpt":{"rendered":"<p>M\u00e9ret: 600 x 650 x 480 mm Lemez: 598 x 500 x 16 mm S\u00faly: 51 kg Teljes\u00edtm\u00e9ny: 5,4 kW<\/p>\n","protected":false},"featured_media":29453,"comment_status":"open","ping_status":"closed","template":"","meta":[],"product_brand":[],"product_cat":[251],"product_tag":[],"class_list":{"0":"post-34458","1":"product","2":"type-product","3":"status-publish","4":"has-post-thumbnail","6":"product_cat-elektromos-grillek","8":"first","9":"instock","10":"sold-individually","11":"shipping-taxable","12":"purchasable","13":"product-type-simple"},"_links":{"self":[{"href":"https:\/\/gastronova.eu\/hu\/wp-json\/wp\/v2\/product\/34458","targetHints":{"allow":["GET"]}}],"collection":[{"href":"https:\/\/gastronova.eu\/hu\/wp-json\/wp\/v2\/product"}],"about":[{"href":"https:\/\/gastronova.eu\/hu\/wp-json\/wp\/v2\/types\/product"}],"replies":[{"embeddable":true,"href":"https:\/\/gastronova.eu\/hu\/wp-json\/wp\/v2\/comments?post=34458"}],"version-history":[{"count":0,"href":"https:\/\/gastronova.eu\/hu\/wp-json\/wp\/v2\/product\/34458\/revisions"}],"wp:featuredmedia":[{"embeddable":true,"href":"https:\/\/gastronova.eu\/hu\/wp-json\/wp\/v2\/media\/29453"}],"wp:attachment":[{"href":"https:\/\/gastronova.eu\/hu\/wp-json\/wp\/v2\/media?parent=34458"}],"wp:term":[{"taxonomy":"product_brand","embeddable":true,"href":"https:\/\/gastronova.eu\/hu\/wp-json\/wp\/v2\/product_brand?post=34458"},{"taxonomy":"product_cat","embeddable":true,"href":"https:\/\/gastronova.eu\/hu\/wp-json\/wp\/v2\/product_cat?post=34458"},{"taxonomy":"product_tag","embeddable":true,"href":"https:\/\/gastronova.eu\/hu\/wp-json\/wp\/v2\/product_tag?post=34458"}],"curies":[{"name":"wp","href":"https:\/\/api.w.org\/{rel}","templated":true}]}}