{"id":34459,"date":"2025-05-23T12:22:19","date_gmt":"2025-05-23T10:22:19","guid":{"rendered":"https:\/\/gastronova.eu\/produkt\/st-elektromos-grill-400\/"},"modified":"2025-05-23T12:22:19","modified_gmt":"2025-05-23T10:22:19","slug":"st-elektromos-grill-400","status":"publish","type":"product","link":"https:\/\/gastronova.eu\/hu\/produkt\/st-elektromos-grill-400\/","title":{"rendered":"ST. Elektromos grill 400"},"content":{"rendered":"<p>M\u00e9ret: 400 x 650 x 480 mm<\/p>\n<p>Lemez: 398 x 500 x 16 mm<\/p>\n<p>S\u00faly: 36 kg<\/p>\n<p>Teljes\u00edtm\u00e9ny: 4,05 kW<\/p>\n","protected":false},"excerpt":{"rendered":"<p>M\u00e9ret: 400 x 650 x 480 mm Lemez: 398 x 500 x 16 mm S\u00faly: 36 kg Teljes\u00edtm\u00e9ny: 4,05 kW<\/p>\n","protected":false},"featured_media":29450,"comment_status":"open","ping_status":"closed","template":"","meta":[],"product_brand":[],"product_cat":[251],"product_tag":[],"class_list":{"0":"post-34459","1":"product","2":"type-product","3":"status-publish","4":"has-post-thumbnail","6":"product_cat-elektromos-grillek","8":"first","9":"instock","10":"sold-individually","11":"shipping-taxable","12":"purchasable","13":"product-type-simple"},"_links":{"self":[{"href":"https:\/\/gastronova.eu\/hu\/wp-json\/wp\/v2\/product\/34459","targetHints":{"allow":["GET"]}}],"collection":[{"href":"https:\/\/gastronova.eu\/hu\/wp-json\/wp\/v2\/product"}],"about":[{"href":"https:\/\/gastronova.eu\/hu\/wp-json\/wp\/v2\/types\/product"}],"replies":[{"embeddable":true,"href":"https:\/\/gastronova.eu\/hu\/wp-json\/wp\/v2\/comments?post=34459"}],"version-history":[{"count":0,"href":"https:\/\/gastronova.eu\/hu\/wp-json\/wp\/v2\/product\/34459\/revisions"}],"wp:featuredmedia":[{"embeddable":true,"href":"https:\/\/gastronova.eu\/hu\/wp-json\/wp\/v2\/media\/29450"}],"wp:attachment":[{"href":"https:\/\/gastronova.eu\/hu\/wp-json\/wp\/v2\/media?parent=34459"}],"wp:term":[{"taxonomy":"product_brand","embeddable":true,"href":"https:\/\/gastronova.eu\/hu\/wp-json\/wp\/v2\/product_brand?post=34459"},{"taxonomy":"product_cat","embeddable":true,"href":"https:\/\/gastronova.eu\/hu\/wp-json\/wp\/v2\/product_cat?post=34459"},{"taxonomy":"product_tag","embeddable":true,"href":"https:\/\/gastronova.eu\/hu\/wp-json\/wp\/v2\/product_tag?post=34459"}],"curies":[{"name":"wp","href":"https:\/\/api.w.org\/{rel}","templated":true}]}}