{"id":34502,"date":"2025-06-06T08:41:02","date_gmt":"2025-06-06T06:41:02","guid":{"rendered":"https:\/\/gastronova.eu\/produkt\/rozsdamentes-acel-belso-meter-airstream-box\/"},"modified":"2025-06-06T08:41:02","modified_gmt":"2025-06-06T06:41:02","slug":"rozsdamentes-acel-belso-meter-airstream-box","status":"publish","type":"product","link":"https:\/\/gastronova.eu\/hu\/produkt\/rozsdamentes-acel-belso-meter-airstream-box\/","title":{"rendered":"Rozsdamentes ac\u00e9l bels\u0151 (m\u00e9ter) Airstream\/Box"},"content":{"rendered":"","protected":false},"excerpt":{"rendered":"","protected":false},"featured_media":30332,"comment_status":"open","ping_status":"closed","template":"","meta":[],"product_brand":[],"product_cat":[261,262],"product_tag":[],"class_list":{"0":"post-34502","1":"product","2":"type-product","3":"status-publish","4":"has-post-thumbnail","6":"product_cat-tartozekok-potkocsikhoz","7":"product_cat-extra-felszereles","9":"first","10":"instock","11":"sold-individually","12":"shipping-taxable","13":"purchasable","14":"product-type-simple"},"_links":{"self":[{"href":"https:\/\/gastronova.eu\/hu\/wp-json\/wp\/v2\/product\/34502","targetHints":{"allow":["GET"]}}],"collection":[{"href":"https:\/\/gastronova.eu\/hu\/wp-json\/wp\/v2\/product"}],"about":[{"href":"https:\/\/gastronova.eu\/hu\/wp-json\/wp\/v2\/types\/product"}],"replies":[{"embeddable":true,"href":"https:\/\/gastronova.eu\/hu\/wp-json\/wp\/v2\/comments?post=34502"}],"version-history":[{"count":0,"href":"https:\/\/gastronova.eu\/hu\/wp-json\/wp\/v2\/product\/34502\/revisions"}],"wp:featuredmedia":[{"embeddable":true,"href":"https:\/\/gastronova.eu\/hu\/wp-json\/wp\/v2\/media\/30332"}],"wp:attachment":[{"href":"https:\/\/gastronova.eu\/hu\/wp-json\/wp\/v2\/media?parent=34502"}],"wp:term":[{"taxonomy":"product_brand","embeddable":true,"href":"https:\/\/gastronova.eu\/hu\/wp-json\/wp\/v2\/product_brand?post=34502"},{"taxonomy":"product_cat","embeddable":true,"href":"https:\/\/gastronova.eu\/hu\/wp-json\/wp\/v2\/product_cat?post=34502"},{"taxonomy":"product_tag","embeddable":true,"href":"https:\/\/gastronova.eu\/hu\/wp-json\/wp\/v2\/product_tag?post=34502"}],"curies":[{"name":"wp","href":"https:\/\/api.w.org\/{rel}","templated":true}]}}