{"id":34626,"date":"2025-05-26T09:51:40","date_gmt":"2025-05-26T07:51:40","guid":{"rendered":"https:\/\/gastronova.eu\/produkt\/el-grill-lavako-400\/"},"modified":"2025-05-26T09:51:40","modified_gmt":"2025-05-26T07:51:40","slug":"el-grill-lavako-400","status":"publish","type":"product","link":"https:\/\/gastronova.eu\/hu\/produkt\/el-grill-lavako-400\/","title":{"rendered":"EL. grill &#8211; L\u00e1vak\u0151 400"},"content":{"rendered":"<p>M\u00e9ret: 400 x 730 x 940 mm<\/p>\n<p>S\u00faly: 68 kg<\/p>\n<p>Teljes\u00edtm\u00e9ny: 5,4 kW<\/p>\n<p>\u00c1ramell\u00e1t\u00e1s: 380 V<\/p>\n<p>&nbsp;<\/p>\n","protected":false},"excerpt":{"rendered":"<p>M\u00e9ret: 400 x 730 x 940 mm S\u00faly: 68 kg Teljes\u00edtm\u00e9ny: 5,4 kW \u00c1ramell\u00e1t\u00e1s: 380 V &nbsp;<\/p>\n","protected":false},"featured_media":29555,"comment_status":"open","ping_status":"closed","template":"","meta":[],"product_brand":[],"product_cat":[245],"product_tag":[],"class_list":{"0":"post-34626","1":"product","2":"type-product","3":"status-publish","4":"has-post-thumbnail","6":"product_cat-elektromos-grillek-lavako","8":"first","9":"instock","10":"sold-individually","11":"shipping-taxable","12":"purchasable","13":"product-type-simple"},"_links":{"self":[{"href":"https:\/\/gastronova.eu\/hu\/wp-json\/wp\/v2\/product\/34626","targetHints":{"allow":["GET"]}}],"collection":[{"href":"https:\/\/gastronova.eu\/hu\/wp-json\/wp\/v2\/product"}],"about":[{"href":"https:\/\/gastronova.eu\/hu\/wp-json\/wp\/v2\/types\/product"}],"replies":[{"embeddable":true,"href":"https:\/\/gastronova.eu\/hu\/wp-json\/wp\/v2\/comments?post=34626"}],"version-history":[{"count":0,"href":"https:\/\/gastronova.eu\/hu\/wp-json\/wp\/v2\/product\/34626\/revisions"}],"wp:featuredmedia":[{"embeddable":true,"href":"https:\/\/gastronova.eu\/hu\/wp-json\/wp\/v2\/media\/29555"}],"wp:attachment":[{"href":"https:\/\/gastronova.eu\/hu\/wp-json\/wp\/v2\/media?parent=34626"}],"wp:term":[{"taxonomy":"product_brand","embeddable":true,"href":"https:\/\/gastronova.eu\/hu\/wp-json\/wp\/v2\/product_brand?post=34626"},{"taxonomy":"product_cat","embeddable":true,"href":"https:\/\/gastronova.eu\/hu\/wp-json\/wp\/v2\/product_cat?post=34626"},{"taxonomy":"product_tag","embeddable":true,"href":"https:\/\/gastronova.eu\/hu\/wp-json\/wp\/v2\/product_tag?post=34626"}],"curies":[{"name":"wp","href":"https:\/\/api.w.org\/{rel}","templated":true}]}}