{"id":34738,"date":"2025-05-26T12:38:47","date_gmt":"2025-05-26T10:38:47","guid":{"rendered":"https:\/\/gastronova.eu\/produkt\/1-karos-kavefozo-1\/"},"modified":"2025-05-26T12:38:47","modified_gmt":"2025-05-26T10:38:47","slug":"1-karos-kavefozo-1","status":"publish","type":"product","link":"https:\/\/gastronova.eu\/hu\/produkt\/1-karos-kavefozo-1\/","title":{"rendered":"1 karos k\u00e1v\u00e9f\u0151z\u0151 1"},"content":{"rendered":"<p>M\u00e9ret: 490 x 550 x 570 mm<\/p>\n<p>S\u00faly: 36 kg<\/p>\n<p>Teljes\u00edtm\u00e9ny: 2,5 kW<\/p>\n<p>Kapacit\u00e1s: 6 L<\/p>\n","protected":false},"excerpt":{"rendered":"<p>M\u00e9ret: 490 x 550 x 570 mm S\u00faly: 36 kg Teljes\u00edtm\u00e9ny: 2,5 kW Kapacit\u00e1s: 6 L<\/p>\n","protected":false},"featured_media":29719,"comment_status":"open","ping_status":"closed","template":"","meta":[],"product_brand":[],"product_cat":[364],"product_tag":[],"class_list":{"0":"post-34738","1":"product","2":"type-product","3":"status-publish","4":"has-post-thumbnail","6":"product_cat-kavefozok","8":"first","9":"instock","10":"sold-individually","11":"shipping-taxable","12":"purchasable","13":"product-type-simple"},"_links":{"self":[{"href":"https:\/\/gastronova.eu\/hu\/wp-json\/wp\/v2\/product\/34738","targetHints":{"allow":["GET"]}}],"collection":[{"href":"https:\/\/gastronova.eu\/hu\/wp-json\/wp\/v2\/product"}],"about":[{"href":"https:\/\/gastronova.eu\/hu\/wp-json\/wp\/v2\/types\/product"}],"replies":[{"embeddable":true,"href":"https:\/\/gastronova.eu\/hu\/wp-json\/wp\/v2\/comments?post=34738"}],"version-history":[{"count":0,"href":"https:\/\/gastronova.eu\/hu\/wp-json\/wp\/v2\/product\/34738\/revisions"}],"wp:featuredmedia":[{"embeddable":true,"href":"https:\/\/gastronova.eu\/hu\/wp-json\/wp\/v2\/media\/29719"}],"wp:attachment":[{"href":"https:\/\/gastronova.eu\/hu\/wp-json\/wp\/v2\/media?parent=34738"}],"wp:term":[{"taxonomy":"product_brand","embeddable":true,"href":"https:\/\/gastronova.eu\/hu\/wp-json\/wp\/v2\/product_brand?post=34738"},{"taxonomy":"product_cat","embeddable":true,"href":"https:\/\/gastronova.eu\/hu\/wp-json\/wp\/v2\/product_cat?post=34738"},{"taxonomy":"product_tag","embeddable":true,"href":"https:\/\/gastronova.eu\/hu\/wp-json\/wp\/v2\/product_tag?post=34738"}],"curies":[{"name":"wp","href":"https:\/\/api.w.org\/{rel}","templated":true}]}}