{"id":34742,"date":"2025-05-26T12:55:42","date_gmt":"2025-05-26T10:55:42","guid":{"rendered":"https:\/\/gastronova.eu\/produkt\/2-karos-kavefozo-2\/"},"modified":"2025-05-26T12:55:42","modified_gmt":"2025-05-26T10:55:42","slug":"2-karos-kavefozo-2","status":"publish","type":"product","link":"https:\/\/gastronova.eu\/hu\/produkt\/2-karos-kavefozo-2\/","title":{"rendered":"2 karos k\u00e1v\u00e9f\u0151z\u0151 2"},"content":{"rendered":"<p>M\u00e9ret: 817 x 425 x 502 mm<\/p>\n<p>S\u00faly: 56 kg<\/p>\n<p>Teljes\u00edtm\u00e9ny: 4,0 kW<\/p>\n<p>&nbsp;<\/p>\n","protected":false},"excerpt":{"rendered":"<p>M\u00e9ret: 817 x 425 x 502 mm S\u00faly: 56 kg Teljes\u00edtm\u00e9ny: 4,0 kW &nbsp;<\/p>\n","protected":false},"featured_media":29758,"comment_status":"open","ping_status":"closed","template":"","meta":[],"product_brand":[],"product_cat":[364],"product_tag":[],"class_list":{"0":"post-34742","1":"product","2":"type-product","3":"status-publish","4":"has-post-thumbnail","6":"product_cat-kavefozok","8":"first","9":"instock","10":"sold-individually","11":"shipping-taxable","12":"purchasable","13":"product-type-simple"},"_links":{"self":[{"href":"https:\/\/gastronova.eu\/hu\/wp-json\/wp\/v2\/product\/34742","targetHints":{"allow":["GET"]}}],"collection":[{"href":"https:\/\/gastronova.eu\/hu\/wp-json\/wp\/v2\/product"}],"about":[{"href":"https:\/\/gastronova.eu\/hu\/wp-json\/wp\/v2\/types\/product"}],"replies":[{"embeddable":true,"href":"https:\/\/gastronova.eu\/hu\/wp-json\/wp\/v2\/comments?post=34742"}],"version-history":[{"count":0,"href":"https:\/\/gastronova.eu\/hu\/wp-json\/wp\/v2\/product\/34742\/revisions"}],"wp:featuredmedia":[{"embeddable":true,"href":"https:\/\/gastronova.eu\/hu\/wp-json\/wp\/v2\/media\/29758"}],"wp:attachment":[{"href":"https:\/\/gastronova.eu\/hu\/wp-json\/wp\/v2\/media?parent=34742"}],"wp:term":[{"taxonomy":"product_brand","embeddable":true,"href":"https:\/\/gastronova.eu\/hu\/wp-json\/wp\/v2\/product_brand?post=34742"},{"taxonomy":"product_cat","embeddable":true,"href":"https:\/\/gastronova.eu\/hu\/wp-json\/wp\/v2\/product_cat?post=34742"},{"taxonomy":"product_tag","embeddable":true,"href":"https:\/\/gastronova.eu\/hu\/wp-json\/wp\/v2\/product_tag?post=34742"}],"curies":[{"name":"wp","href":"https:\/\/api.w.org\/{rel}","templated":true}]}}