{"id":34765,"date":"2025-05-28T15:22:07","date_gmt":"2025-05-28T13:22:07","guid":{"rendered":"https:\/\/gastronova.eu\/produkt\/kozepes-2\/"},"modified":"2025-05-28T15:22:07","modified_gmt":"2025-05-28T13:22:07","slug":"kozepes-2","status":"publish","type":"product","link":"https:\/\/gastronova.eu\/hu\/produkt\/kozepes-2\/","title":{"rendered":"K\u00f6zepes"},"content":{"rendered":"","protected":false},"excerpt":{"rendered":"<p><span style=\"font-weight: 400;\">A Box Medium a Box sorozatunk legsokoldal\u00fabb modellje. T\u00f6bb helyet k\u00edn\u00e1l a szem\u00e9lyzet \u00e9s a felszerel\u00e9s sz\u00e1m\u00e1ra, mik\u00f6zben a mobilit\u00e1s \u00e9s a versenyk\u00e9pes \u00e1r is megmarad. Egyenes falai \u00e9s sz\u00e9less\u00e9g\u00e9ben egyenl\u0151 magass\u00e1ga lehet\u0151v\u00e9 teszi a k\u00f6nny\u0171 bels\u0151 terek tervez\u00e9s\u00e9t \u00e9s a vend\u00e9gl\u00e1t\u00f3ipari technol\u00f3gia kompromisszumok n\u00e9lk\u00fcli telep\u00edt\u00e9s\u00e9t.  <\/span><\/p>\n<p><span style=\"font-weight: 400;\">Ezt a modellt a k\u00f6vetkez\u0151kh\u00f6z aj\u00e1nljuk <\/span><b>burgerboltok, street food, hotdog, reggeliz\u0151 koncepci\u00f3k vagy kisebb \u00e9ttermek sz\u00e1m\u00e1ra.<\/b><span style=\"font-weight: 400;\">amelyeknek stabil m\u0171k\u00f6d\u00e9sre \u00e9s nagyobb kapacit\u00e1sra van sz\u00fcks\u00e9g\u00fck.<\/span><\/p>\n<p><span style=\"font-weight: 400;\">A Box Medium az arany k\u00f6z\u00e9p\u00fat mindazok sz\u00e1m\u00e1ra, akik megb\u00edzhat\u00f3 megold\u00e1st szeretn\u00e9nek a mindennapi vend\u00e9gl\u00e1t\u00f3ipari tev\u00e9kenys\u00e9g\u00fckh\u00f6z.<\/span><\/p>\n","protected":false},"featured_media":33742,"comment_status":"open","ping_status":"closed","template":"","meta":[],"product_brand":[],"product_cat":[343,224],"product_tag":[],"class_list":{"0":"post-34765","1":"product","2":"type-product","3":"status-publish","4":"has-post-thumbnail","6":"product_cat-box-hu","7":"product_cat-food-truck-de","9":"first","10":"instock","11":"sold-individually","12":"shipping-taxable","13":"purchasable","14":"product-type-variable","15":"has-default-attributes"},"_links":{"self":[{"href":"https:\/\/gastronova.eu\/hu\/wp-json\/wp\/v2\/product\/34765","targetHints":{"allow":["GET"]}}],"collection":[{"href":"https:\/\/gastronova.eu\/hu\/wp-json\/wp\/v2\/product"}],"about":[{"href":"https:\/\/gastronova.eu\/hu\/wp-json\/wp\/v2\/types\/product"}],"replies":[{"embeddable":true,"href":"https:\/\/gastronova.eu\/hu\/wp-json\/wp\/v2\/comments?post=34765"}],"version-history":[{"count":0,"href":"https:\/\/gastronova.eu\/hu\/wp-json\/wp\/v2\/product\/34765\/revisions"}],"wp:featuredmedia":[{"embeddable":true,"href":"https:\/\/gastronova.eu\/hu\/wp-json\/wp\/v2\/media\/33742"}],"wp:attachment":[{"href":"https:\/\/gastronova.eu\/hu\/wp-json\/wp\/v2\/media?parent=34765"}],"wp:term":[{"taxonomy":"product_brand","embeddable":true,"href":"https:\/\/gastronova.eu\/hu\/wp-json\/wp\/v2\/product_brand?post=34765"},{"taxonomy":"product_cat","embeddable":true,"href":"https:\/\/gastronova.eu\/hu\/wp-json\/wp\/v2\/product_cat?post=34765"},{"taxonomy":"product_tag","embeddable":true,"href":"https:\/\/gastronova.eu\/hu\/wp-json\/wp\/v2\/product_tag?post=34765"}],"curies":[{"name":"wp","href":"https:\/\/api.w.org\/{rel}","templated":true}]}}