{"id":34783,"date":"2025-05-28T15:22:41","date_gmt":"2025-05-28T13:22:41","guid":{"rendered":"https:\/\/gastronova.eu\/produkt\/ultra\/"},"modified":"2025-05-28T15:22:41","modified_gmt":"2025-05-28T13:22:41","slug":"ultra","status":"publish","type":"product","link":"https:\/\/gastronova.eu\/hu\/produkt\/ultra\/","title":{"rendered":"Ultra"},"content":{"rendered":"","protected":false},"excerpt":{"rendered":"<p><span style=\"font-weight: 400;\">Az Ultra doboz robusztus, t\u00e1gas \u00e9s neh\u00e9z rakom\u00e1nyok sz\u00e1ll\u00edt\u00e1s\u00e1ra is alkalmas. A dobozcsal\u00e1dunk legnagyobb modellje, amely maxim\u00e1lis helyet k\u00edn\u00e1l a szerviz, a technol\u00f3gia, a t\u00e1rol\u00e1s \u00e9s a szem\u00e9lyzet z\u00f6kken\u0151mentes mozgat\u00e1sa sz\u00e1m\u00e1ra, m\u00e9g nagyobb \u00e9rt\u00e9kes\u00edt\u00e9si gyakoris\u00e1g eset\u00e9n is. <\/span><\/p>\n<p><span style=\"font-weight: 400;\">Egyszer\u0171 form\u00e1ja \u00e9s nagyvonal\u00fa belseje ide\u00e1lis a k\u00f6vetkez\u0151kh\u00f6z <\/span><b>nagy street food koncepci\u00f3k, teljes konyh\u00e1k, catering egys\u00e9gek vagy \u00e1lland\u00f3 \u00fczemek sz\u00e1m\u00e1ra.<\/b><span style=\"font-weight: 400;\">. Emellett j\u00f3l szolg\u00e1l az egyedi, szem\u00e9lyre szabott megold\u00e1sok alapj\u00e1ul is.<\/span><\/p>\n<p><span style=\"font-weight: 400;\">Ha t\u00e1gas \u00e9s nagy teljes\u00edtm\u00e9ny\u0171 megold\u00e1st keres egy nagyobb v\u00e1llalkoz\u00e1s sz\u00e1m\u00e1ra, a Box Ultra a megfelel\u0151 v\u00e1laszt\u00e1s.<\/span><\/p>\n","protected":false},"featured_media":33746,"comment_status":"open","ping_status":"closed","template":"","meta":[],"product_brand":[],"product_cat":[343,224],"product_tag":[],"class_list":{"0":"post-34783","1":"product","2":"type-product","3":"status-publish","4":"has-post-thumbnail","6":"product_cat-box-hu","7":"product_cat-food-truck-de","9":"first","10":"instock","11":"sold-individually","12":"shipping-taxable","13":"purchasable","14":"product-type-variable","15":"has-default-attributes"},"_links":{"self":[{"href":"https:\/\/gastronova.eu\/hu\/wp-json\/wp\/v2\/product\/34783","targetHints":{"allow":["GET"]}}],"collection":[{"href":"https:\/\/gastronova.eu\/hu\/wp-json\/wp\/v2\/product"}],"about":[{"href":"https:\/\/gastronova.eu\/hu\/wp-json\/wp\/v2\/types\/product"}],"replies":[{"embeddable":true,"href":"https:\/\/gastronova.eu\/hu\/wp-json\/wp\/v2\/comments?post=34783"}],"version-history":[{"count":0,"href":"https:\/\/gastronova.eu\/hu\/wp-json\/wp\/v2\/product\/34783\/revisions"}],"wp:featuredmedia":[{"embeddable":true,"href":"https:\/\/gastronova.eu\/hu\/wp-json\/wp\/v2\/media\/33746"}],"wp:attachment":[{"href":"https:\/\/gastronova.eu\/hu\/wp-json\/wp\/v2\/media?parent=34783"}],"wp:term":[{"taxonomy":"product_brand","embeddable":true,"href":"https:\/\/gastronova.eu\/hu\/wp-json\/wp\/v2\/product_brand?post=34783"},{"taxonomy":"product_cat","embeddable":true,"href":"https:\/\/gastronova.eu\/hu\/wp-json\/wp\/v2\/product_cat?post=34783"},{"taxonomy":"product_tag","embeddable":true,"href":"https:\/\/gastronova.eu\/hu\/wp-json\/wp\/v2\/product_tag?post=34783"}],"curies":[{"name":"wp","href":"https:\/\/api.w.org\/{rel}","templated":true}]}}