{"id":34857,"date":"2025-05-23T12:58:51","date_gmt":"2025-05-23T10:58:51","guid":{"rendered":"https:\/\/gastronova.eu\/produkt\/gaz-pizza-suto-dupla\/"},"modified":"2025-05-23T12:58:51","modified_gmt":"2025-05-23T10:58:51","slug":"gaz-pizza-suto-dupla","status":"publish","type":"product","link":"https:\/\/gastronova.eu\/hu\/produkt\/gaz-pizza-suto-dupla\/","title":{"rendered":"G\u00e1z pizza s\u00fct\u0151 dupla"},"content":{"rendered":"<p>M\u00e9ret: 1000 x 780 x 845 mm<\/p>\n<p>Bels\u0151 sz\u00e9less\u00e9g: 2 x 610 x 610 x 610 x 150 mm<\/p>\n<p>Max. <em>500\u00b0C<\/em> <\/p>\n<p>Kapacit\u00e1s: Max 8 x 30 cm-es pizza egy ciklusban<\/p>\n","protected":false},"excerpt":{"rendered":"<p>M\u00e9ret: 1000 x 780 x 845 mm Bels\u0151 sz\u00e9less\u00e9g: 2 x 610 x 610 x 610 x 150 mm Max.<\/p>\n","protected":false},"featured_media":29469,"comment_status":"open","ping_status":"closed","template":"","meta":[],"product_brand":[],"product_cat":[397],"product_tag":[],"class_list":{"0":"post-34857","1":"product","2":"type-product","3":"status-publish","4":"has-post-thumbnail","6":"product_cat-gazuzemu-pizzasutok","8":"first","9":"instock","10":"sold-individually","11":"shipping-taxable","12":"purchasable","13":"product-type-simple"},"_links":{"self":[{"href":"https:\/\/gastronova.eu\/hu\/wp-json\/wp\/v2\/product\/34857","targetHints":{"allow":["GET"]}}],"collection":[{"href":"https:\/\/gastronova.eu\/hu\/wp-json\/wp\/v2\/product"}],"about":[{"href":"https:\/\/gastronova.eu\/hu\/wp-json\/wp\/v2\/types\/product"}],"replies":[{"embeddable":true,"href":"https:\/\/gastronova.eu\/hu\/wp-json\/wp\/v2\/comments?post=34857"}],"version-history":[{"count":0,"href":"https:\/\/gastronova.eu\/hu\/wp-json\/wp\/v2\/product\/34857\/revisions"}],"wp:featuredmedia":[{"embeddable":true,"href":"https:\/\/gastronova.eu\/hu\/wp-json\/wp\/v2\/media\/29469"}],"wp:attachment":[{"href":"https:\/\/gastronova.eu\/hu\/wp-json\/wp\/v2\/media?parent=34857"}],"wp:term":[{"taxonomy":"product_brand","embeddable":true,"href":"https:\/\/gastronova.eu\/hu\/wp-json\/wp\/v2\/product_brand?post=34857"},{"taxonomy":"product_cat","embeddable":true,"href":"https:\/\/gastronova.eu\/hu\/wp-json\/wp\/v2\/product_cat?post=34857"},{"taxonomy":"product_tag","embeddable":true,"href":"https:\/\/gastronova.eu\/hu\/wp-json\/wp\/v2\/product_tag?post=34857"}],"curies":[{"name":"wp","href":"https:\/\/api.w.org\/{rel}","templated":true}]}}