{"id":34860,"date":"2025-05-23T12:55:14","date_gmt":"2025-05-23T10:55:14","guid":{"rendered":"https:\/\/gastronova.eu\/produkt\/gaz-pizza-suto-egyszemelyes\/"},"modified":"2025-05-23T12:55:14","modified_gmt":"2025-05-23T10:55:14","slug":"gaz-pizza-suto-egyszemelyes","status":"publish","type":"product","link":"https:\/\/gastronova.eu\/hu\/produkt\/gaz-pizza-suto-egyszemelyes\/","title":{"rendered":"G\u00e1z pizza s\u00fct\u0151 egyszem\u00e9lyes"},"content":{"rendered":"<p>M\u00e9ret: 1000 x 780 x 480 mm<\/p>\n<p>Bels\u0151 sz\u00e9less\u00e9g: 610 x 610 x 150 mm<\/p>\n<p>Max. <em>500\u00b0C<\/em> <\/p>\n<p>Kapacit\u00e1s: max. 4 x 30 cm-es pizza egy ciklusban<\/p>\n","protected":false},"excerpt":{"rendered":"<p>M\u00e9ret: 1000 x 780 x 480 mm Bels\u0151 sz\u00e9less\u00e9g: 610 x 610 x 150 mm Max. 500\u00b0C Kapacit\u00e1s: max. 4<\/p>\n","protected":false},"featured_media":29466,"comment_status":"open","ping_status":"closed","template":"","meta":[],"product_brand":[],"product_cat":[397],"product_tag":[],"class_list":{"0":"post-34860","1":"product","2":"type-product","3":"status-publish","4":"has-post-thumbnail","6":"product_cat-gazuzemu-pizzasutok","8":"first","9":"instock","10":"sold-individually","11":"shipping-taxable","12":"purchasable","13":"product-type-simple"},"_links":{"self":[{"href":"https:\/\/gastronova.eu\/hu\/wp-json\/wp\/v2\/product\/34860","targetHints":{"allow":["GET"]}}],"collection":[{"href":"https:\/\/gastronova.eu\/hu\/wp-json\/wp\/v2\/product"}],"about":[{"href":"https:\/\/gastronova.eu\/hu\/wp-json\/wp\/v2\/types\/product"}],"replies":[{"embeddable":true,"href":"https:\/\/gastronova.eu\/hu\/wp-json\/wp\/v2\/comments?post=34860"}],"version-history":[{"count":0,"href":"https:\/\/gastronova.eu\/hu\/wp-json\/wp\/v2\/product\/34860\/revisions"}],"wp:featuredmedia":[{"embeddable":true,"href":"https:\/\/gastronova.eu\/hu\/wp-json\/wp\/v2\/media\/29466"}],"wp:attachment":[{"href":"https:\/\/gastronova.eu\/hu\/wp-json\/wp\/v2\/media?parent=34860"}],"wp:term":[{"taxonomy":"product_brand","embeddable":true,"href":"https:\/\/gastronova.eu\/hu\/wp-json\/wp\/v2\/product_brand?post=34860"},{"taxonomy":"product_cat","embeddable":true,"href":"https:\/\/gastronova.eu\/hu\/wp-json\/wp\/v2\/product_cat?post=34860"},{"taxonomy":"product_tag","embeddable":true,"href":"https:\/\/gastronova.eu\/hu\/wp-json\/wp\/v2\/product_tag?post=34860"}],"curies":[{"name":"wp","href":"https:\/\/api.w.org\/{rel}","templated":true}]}}