{"id":34864,"date":"2025-05-23T13:01:43","date_gmt":"2025-05-23T11:01:43","guid":{"rendered":"https:\/\/gastronova.eu\/produkt\/gaz-pizzasuto-fa-890\/"},"modified":"2025-05-23T13:01:43","modified_gmt":"2025-05-23T11:01:43","slug":"gaz-pizzasuto-fa-890","status":"publish","type":"product","link":"https:\/\/gastronova.eu\/hu\/produkt\/gaz-pizzasuto-fa-890\/","title":{"rendered":"G\u00e1z pizzas\u00fct\u0151 \/ fa 890"},"content":{"rendered":"<p>M\u00e9ret: 890 x 790 x 1000 mm<\/p>\n<p>Bels\u0151 t\u00e9r: 620 x 620 x 300 mm<\/p>\n<p>S\u00faly: 60 kg<\/p>\n<p>Kapacit\u00e1s: Max 4 x 30 cm-es pizza egy ciklusban.<\/p>\n","protected":false},"excerpt":{"rendered":"<p>M\u00e9ret: 890 x 790 x 1000 mm Bels\u0151 t\u00e9r: 620 x 620 x 300 mm S\u00faly: 60 kg Kapacit\u00e1s: Max<\/p>\n","protected":false},"featured_media":29472,"comment_status":"open","ping_status":"closed","template":"","meta":[],"product_brand":[],"product_cat":[397],"product_tag":[],"class_list":{"0":"post-34864","1":"product","2":"type-product","3":"status-publish","4":"has-post-thumbnail","6":"product_cat-gazuzemu-pizzasutok","8":"first","9":"instock","10":"sold-individually","11":"shipping-taxable","12":"purchasable","13":"product-type-simple"},"_links":{"self":[{"href":"https:\/\/gastronova.eu\/hu\/wp-json\/wp\/v2\/product\/34864","targetHints":{"allow":["GET"]}}],"collection":[{"href":"https:\/\/gastronova.eu\/hu\/wp-json\/wp\/v2\/product"}],"about":[{"href":"https:\/\/gastronova.eu\/hu\/wp-json\/wp\/v2\/types\/product"}],"replies":[{"embeddable":true,"href":"https:\/\/gastronova.eu\/hu\/wp-json\/wp\/v2\/comments?post=34864"}],"version-history":[{"count":0,"href":"https:\/\/gastronova.eu\/hu\/wp-json\/wp\/v2\/product\/34864\/revisions"}],"wp:featuredmedia":[{"embeddable":true,"href":"https:\/\/gastronova.eu\/hu\/wp-json\/wp\/v2\/media\/29472"}],"wp:attachment":[{"href":"https:\/\/gastronova.eu\/hu\/wp-json\/wp\/v2\/media?parent=34864"}],"wp:term":[{"taxonomy":"product_brand","embeddable":true,"href":"https:\/\/gastronova.eu\/hu\/wp-json\/wp\/v2\/product_brand?post=34864"},{"taxonomy":"product_cat","embeddable":true,"href":"https:\/\/gastronova.eu\/hu\/wp-json\/wp\/v2\/product_cat?post=34864"},{"taxonomy":"product_tag","embeddable":true,"href":"https:\/\/gastronova.eu\/hu\/wp-json\/wp\/v2\/product_tag?post=34864"}],"curies":[{"name":"wp","href":"https:\/\/api.w.org\/{rel}","templated":true}]}}