{"id":34873,"date":"2025-05-23T14:36:45","date_gmt":"2025-05-23T12:36:45","guid":{"rendered":"https:\/\/gastronova.eu\/produkt\/vst-elektromos-kalyha-1-egovel\/"},"modified":"2025-07-01T14:48:30","modified_gmt":"2025-07-01T12:48:30","slug":"vst-elektromos-tuzhely-1-egovel","status":"publish","type":"product","link":"https:\/\/gastronova.eu\/hu\/produkt\/vst-elektromos-tuzhely-1-egovel\/","title":{"rendered":"VST- Elektromos t\u00fazhely 1 \u00e9g\u0151vel"},"content":{"rendered":"<p>M\u00e9ret: 340 x 405 x 60 mm<\/p>\n<p>\u00c9g\u0151k: 1<\/p>\n<p>Teljes\u00edtm\u00e9ny: 2,2 kW<\/p>\n<p>\u00c1ramell\u00e1t\u00e1s: 220 V<\/p>\n<p>&nbsp;<\/p>\n","protected":false},"excerpt":{"rendered":"<p>M\u00e9ret: 340 x 405 x 60 mm \u00c9g\u0151k: 1 Teljes\u00edtm\u00e9ny: 2,2 kW \u00c1ramell\u00e1t\u00e1s: 220 V &nbsp;<\/p>\n","protected":false},"featured_media":33490,"comment_status":"open","ping_status":"closed","template":"","meta":[],"product_brand":[],"product_cat":[362],"product_tag":[],"class_list":{"0":"post-34873","1":"product","2":"type-product","3":"status-publish","4":"has-post-thumbnail","6":"product_cat-elektromos-tuzhely","8":"first","9":"instock","10":"sold-individually","11":"shipping-taxable","12":"purchasable","13":"product-type-simple"},"_links":{"self":[{"href":"https:\/\/gastronova.eu\/hu\/wp-json\/wp\/v2\/product\/34873","targetHints":{"allow":["GET"]}}],"collection":[{"href":"https:\/\/gastronova.eu\/hu\/wp-json\/wp\/v2\/product"}],"about":[{"href":"https:\/\/gastronova.eu\/hu\/wp-json\/wp\/v2\/types\/product"}],"replies":[{"embeddable":true,"href":"https:\/\/gastronova.eu\/hu\/wp-json\/wp\/v2\/comments?post=34873"}],"version-history":[{"count":2,"href":"https:\/\/gastronova.eu\/hu\/wp-json\/wp\/v2\/product\/34873\/revisions"}],"predecessor-version":[{"id":36679,"href":"https:\/\/gastronova.eu\/hu\/wp-json\/wp\/v2\/product\/34873\/revisions\/36679"}],"wp:featuredmedia":[{"embeddable":true,"href":"https:\/\/gastronova.eu\/hu\/wp-json\/wp\/v2\/media\/33490"}],"wp:attachment":[{"href":"https:\/\/gastronova.eu\/hu\/wp-json\/wp\/v2\/media?parent=34873"}],"wp:term":[{"taxonomy":"product_brand","embeddable":true,"href":"https:\/\/gastronova.eu\/hu\/wp-json\/wp\/v2\/product_brand?post=34873"},{"taxonomy":"product_cat","embeddable":true,"href":"https:\/\/gastronova.eu\/hu\/wp-json\/wp\/v2\/product_cat?post=34873"},{"taxonomy":"product_tag","embeddable":true,"href":"https:\/\/gastronova.eu\/hu\/wp-json\/wp\/v2\/product_tag?post=34873"}],"curies":[{"name":"wp","href":"https:\/\/api.w.org\/{rel}","templated":true}]}}