{"id":35135,"date":"2025-05-26T11:54:28","date_gmt":"2025-05-26T09:54:28","guid":{"rendered":"https:\/\/gastronova.eu\/produkt\/el-etelmelegito-980\/"},"modified":"2025-05-26T11:54:28","modified_gmt":"2025-05-26T09:54:28","slug":"el-etelmelegito-980","status":"publish","type":"product","link":"https:\/\/gastronova.eu\/hu\/produkt\/el-etelmelegito-980\/","title":{"rendered":"EL. \u00e9telmeleg\u00edt\u0151 980"},"content":{"rendered":"<p>M\u00e9ret: 980 x 640 x 730 mm<\/p>\n<p>S\u00faly: 35 kg<\/p>\n<p>Teljes\u00edtm\u00e9ny: 1,0 kW<\/p>\n","protected":false},"excerpt":{"rendered":"<p>M\u00e9ret: 980 x 640 x 730 mm S\u00faly: 35 kg Teljes\u00edtm\u00e9ny: 1,0 kW<\/p>\n","protected":false},"featured_media":29632,"comment_status":"open","ping_status":"closed","template":"","meta":[],"product_brand":[],"product_cat":[228],"product_tag":[],"class_list":{"0":"post-35135","1":"product","2":"type-product","3":"status-publish","4":"has-post-thumbnail","6":"product_cat-elektromos-etelmelegitok","8":"first","9":"instock","10":"sold-individually","11":"shipping-taxable","12":"purchasable","13":"product-type-simple"},"_links":{"self":[{"href":"https:\/\/gastronova.eu\/hu\/wp-json\/wp\/v2\/product\/35135","targetHints":{"allow":["GET"]}}],"collection":[{"href":"https:\/\/gastronova.eu\/hu\/wp-json\/wp\/v2\/product"}],"about":[{"href":"https:\/\/gastronova.eu\/hu\/wp-json\/wp\/v2\/types\/product"}],"replies":[{"embeddable":true,"href":"https:\/\/gastronova.eu\/hu\/wp-json\/wp\/v2\/comments?post=35135"}],"version-history":[{"count":0,"href":"https:\/\/gastronova.eu\/hu\/wp-json\/wp\/v2\/product\/35135\/revisions"}],"wp:featuredmedia":[{"embeddable":true,"href":"https:\/\/gastronova.eu\/hu\/wp-json\/wp\/v2\/media\/29632"}],"wp:attachment":[{"href":"https:\/\/gastronova.eu\/hu\/wp-json\/wp\/v2\/media?parent=35135"}],"wp:term":[{"taxonomy":"product_brand","embeddable":true,"href":"https:\/\/gastronova.eu\/hu\/wp-json\/wp\/v2\/product_brand?post=35135"},{"taxonomy":"product_cat","embeddable":true,"href":"https:\/\/gastronova.eu\/hu\/wp-json\/wp\/v2\/product_cat?post=35135"},{"taxonomy":"product_tag","embeddable":true,"href":"https:\/\/gastronova.eu\/hu\/wp-json\/wp\/v2\/product_tag?post=35135"}],"curies":[{"name":"wp","href":"https:\/\/api.w.org\/{rel}","templated":true}]}}