{"id":35144,"date":"2025-05-26T12:22:48","date_gmt":"2025-05-26T10:22:48","guid":{"rendered":"https:\/\/gastronova.eu\/produkt\/el-gofrisuto-515\/"},"modified":"2025-05-26T12:22:48","modified_gmt":"2025-05-26T10:22:48","slug":"el-gofrisuto-515","status":"publish","type":"product","link":"https:\/\/gastronova.eu\/hu\/produkt\/el-gofrisuto-515\/","title":{"rendered":"EL. gofris\u00fct\u0151 515"},"content":{"rendered":"<p>M\u00e9ret: 515 x 500 x 190 mm<\/p>\n<p>Teljes\u00edtm\u00e9ny: 2,18 kW<\/p>\n<p>&nbsp;<\/p>\n","protected":false},"excerpt":{"rendered":"<p>M\u00e9ret: 515 x 500 x 190 mm Teljes\u00edtm\u00e9ny: 2,18 kW &nbsp;<\/p>\n","protected":false},"featured_media":29697,"comment_status":"open","ping_status":"closed","template":"","meta":[],"product_brand":[],"product_cat":[229],"product_tag":[],"class_list":{"0":"post-35144","1":"product","2":"type-product","3":"status-publish","4":"has-post-thumbnail","6":"product_cat-el-panini-pancake-gofrisutogepek","8":"first","9":"instock","10":"sold-individually","11":"shipping-taxable","12":"purchasable","13":"product-type-simple"},"_links":{"self":[{"href":"https:\/\/gastronova.eu\/hu\/wp-json\/wp\/v2\/product\/35144","targetHints":{"allow":["GET"]}}],"collection":[{"href":"https:\/\/gastronova.eu\/hu\/wp-json\/wp\/v2\/product"}],"about":[{"href":"https:\/\/gastronova.eu\/hu\/wp-json\/wp\/v2\/types\/product"}],"replies":[{"embeddable":true,"href":"https:\/\/gastronova.eu\/hu\/wp-json\/wp\/v2\/comments?post=35144"}],"version-history":[{"count":0,"href":"https:\/\/gastronova.eu\/hu\/wp-json\/wp\/v2\/product\/35144\/revisions"}],"wp:featuredmedia":[{"embeddable":true,"href":"https:\/\/gastronova.eu\/hu\/wp-json\/wp\/v2\/media\/29697"}],"wp:attachment":[{"href":"https:\/\/gastronova.eu\/hu\/wp-json\/wp\/v2\/media?parent=35144"}],"wp:term":[{"taxonomy":"product_brand","embeddable":true,"href":"https:\/\/gastronova.eu\/hu\/wp-json\/wp\/v2\/product_brand?post=35144"},{"taxonomy":"product_cat","embeddable":true,"href":"https:\/\/gastronova.eu\/hu\/wp-json\/wp\/v2\/product_cat?post=35144"},{"taxonomy":"product_tag","embeddable":true,"href":"https:\/\/gastronova.eu\/hu\/wp-json\/wp\/v2\/product_tag?post=35144"}],"curies":[{"name":"wp","href":"https:\/\/api.w.org\/{rel}","templated":true}]}}